{"id":15652,"date":"2024-04-22T10:02:11","date_gmt":"2024-04-22T09:02:11","guid":{"rendered":"https:\/\/besafenet.net\/naturgefahren\/"},"modified":"2024-06-05T14:25:12","modified_gmt":"2024-06-05T13:25:12","slug":"naturgefahren","status":"publish","type":"page","link":"https:\/\/besafenet.net\/de\/naturgefahren\/","title":{"rendered":"Naturgefahren"},"content":{"rendered":"\t\t<div data-elementor-type=\"wp-page\" data-elementor-id=\"15652\" class=\"elementor elementor-15652 elementor-9\">\n\t\t\t\t\t\t<div class=\"elementor-inner\">\n\t\t\t\t<div class=\"elementor-section-wrap\">\n\t\t\t\t\t\t\t\t\t<section class=\"has_eae_slider elementor-section elementor-top-section elementor-element elementor-element-81747c0 elementor-section-boxed elementor-section-height-default elementor-section-height-default\" data-id=\"81747c0\" data-element_type=\"section\" id=\"natural\" data-settings=\"{&quot;background_background&quot;:&quot;classic&quot;}\">\n\t\t\t\t\t\t<div class=\"elementor-container elementor-column-gap-default\">\n\t\t\t\t\t\t\t<div class=\"elementor-row\">\n\t\t\t\t\t<div class=\"has_eae_slider elementor-column elementor-col-100 elementor-top-column elementor-element elementor-element-76f8534\" data-id=\"76f8534\" data-element_type=\"column\">\n\t\t\t<div class=\"elementor-column-wrap elementor-element-populated\">\n\t\t\t\t\t\t\t<div class=\"elementor-widget-wrap\">\n\t\t\t\t\t\t<div class=\"elementor-element elementor-element-96d7735 hazard-category-title elementor-widget elementor-widget-heading\" data-id=\"96d7735\" data-element_type=\"widget\" data-widget_type=\"heading.default\">\n\t\t\t\t<div class=\"elementor-widget-container\">\n\t\t\t<h2 class=\"elementor-heading-title elementor-size-default\">Naturgefahren<\/h2>\t\t<\/div>\n\t\t\t\t<\/div>\n\t\t\t\t<div class=\"elementor-element elementor-element-5e5766f elementor-widget elementor-widget-text-editor\" data-id=\"5e5766f\" data-element_type=\"widget\" data-widget_type=\"text-editor.default\">\n\t\t\t\t<div class=\"elementor-widget-container\">\n\t\t\t\t\t\t\t\t<div class=\"elementor-text-editor elementor-clearfix\">\n\t\t\t\t<p>Naturgefahren sind auf Naturph\u00e4nomene zur\u00fcckzuf\u00fchrende Gefahren, die eine erhebliche Bedrohung f\u00fcr Menschen, Infrastruktur, Wirtschaftsg\u00fcter und die Umwelt darstellen und zu einer Katastrophe f\u00fchren k\u00f6nnen.<\/p>\n<p>Das Ausma\u00df einer Katastrophe ist nicht ausschlie\u00dflich auf Naturph\u00e4nomene zur\u00fcckzuf\u00fchren, da menschliche Aktivit\u00e4ten die Risiken beispielsweise durch die Ber\u00fccksichtigung der Frage, wo und wie Siedlungen gebaut werden oder wie die nat\u00fcrlichen Ressourcen ausgebeutet werden, versch\u00e4rfen oder mindern k\u00f6nnen. Katastrophen sind daher komplexe Ereignisse und das Problem der Katastrophenverh\u00fctung und -minderung hat viele Facetten.<\/p>\n<p>Naturgefahren werden in der Regel nach ihren Ursachen klassifiziert und daher in \u201eGeologische Gefahren\u201c, \u201eHydrometeorologische Gefahren\u201c und \u201eBiologische Gefahren\u201c unterteilt.<\/p>\n<p>Geologische Gefahren werden durch innere Erdprozesse (Vulkanausbr\u00fcche und Erdbeben) oder \u00e4u\u00dfere Erdprozesse (Erdrutsche) verursacht. Tsunamis k\u00f6nnen dazu gez\u00e4hlt werden, da sie am h\u00e4ufigsten durch Erdbeben unter Wasser ausgel\u00f6st werden; Tsunamis k\u00f6nnen auch durch andere Ereignisse ausgel\u00f6st werden.<\/p>\n<p>Hydrometeorologische Gefahren sind meist wetterbedingte Ph\u00e4nomene (wie \u00dcberschwemmungen, D\u00fcrren\/verw\u00fcstete Landschaftsbr\u00e4nde, Lawinen, Hurrikane\/Sturmfluten und Anstieg des Meeresspiegels).<\/p>\n<p>Biologische Gefahren sind Gefahren, die von biologischen Stoffen ausgehen und eine Gefahr f\u00fcr die Gesundheit lebender Organismen, vor allem des Menschen, darstellen. Dies kann eine Probe eines Mikroorganismus, Virus, medizinischen Abfalls oder Toxins sein, der sich negativ auf die menschliche Gesundheit auswirken kann. Biogefahren k\u00f6nnen auch f\u00fcr andere Tiere sch\u00e4dlich sein.<\/p>\n<p>Es ist wichtig zu betonen, dass eine Art von Naturgefahr eine andere Naturgefahr ausl\u00f6sen kann (z. B. kann ein Sturm \u00dcberschwemmungen ausl\u00f6sen, ein Erdbeben kann Tsunamis und Erdrutsche ausl\u00f6sen, ein Vulkanausbruch kann Waldbr\u00e4nde verursachen) oder sogar einen technischen Unfall (z. B. ein Tsunami) ausl\u00f6sen k\u00f6nnen einen nuklearen Unfall verursachen kann, kann ein Dammbruch zu \u00dcberschwemmungen f\u00fchren).<\/p>\n\t\t\t\t\t<\/div>\n\t\t\t\t\t\t<\/div>\n\t\t\t\t<\/div>\n\t\t\t\t<div class=\"elementor-element elementor-element-bd54999 buttons-title elementor-widget elementor-widget-heading\" data-id=\"bd54999\" data-element_type=\"widget\" data-widget_type=\"heading.default\">\n\t\t\t\t<div class=\"elementor-widget-container\">\n\t\t\t<h4 class=\"elementor-heading-title elementor-size-default\">Geologische Gefahren<\/h4>\t\t<\/div>\n\t\t\t\t<\/div>\n\t\t\t\t<div class=\"elementor-element elementor-element-3a3d79c elementor-widget elementor-widget-wp-widget-custom_html\" data-id=\"3a3d79c\" data-element_type=\"widget\" data-widget_type=\"wp-widget-custom_html.default\">\n\t\t\t\t<div class=\"elementor-widget-container\">\n\t\t\t<div class=\"textwidget custom-html-widget\"><div class=\"button-list-wrapper green-blend\">\r\n<div class=\"row\">\r\n<div class=\"col-xs-6 col-sm-4 col-md-3\"><a id=\"hazard-2\" href=\"earthquakes\">\r\nErdbeben\r\n<\/a><\/div>\r\n<div class=\"col-xs-6 col-sm-4 col-md-3\"><a id=\"hazard-3\" href=\"tsunami\">\r\nTsunamis\r\n<\/a><\/div>\r\n<div class=\"col-xs-6 col-sm-4 col-md-3\"><a id=\"hazard-4\" href=\"volcanic-eruptions\">\r\nVulkanausbr\u00fcche\r\n<\/a><\/div>\r\n<div class=\"col-xs-6 col-sm-4 col-md-3\"><a id=\"hazard-5\" href=\"landslides\">\r\nErdrutsche\r\n<\/a><\/div>\r\n<\/div>\r\n<\/div>\r\n\r\n\r\n<\/div>\t\t<\/div>\n\t\t\t\t<\/div>\n\t\t\t\t<div class=\"elementor-element elementor-element-30016c6 buttons-title elementor-widget elementor-widget-heading\" data-id=\"30016c6\" data-element_type=\"widget\" data-widget_type=\"heading.default\">\n\t\t\t\t<div class=\"elementor-widget-container\">\n\t\t\t<h4 class=\"elementor-heading-title elementor-size-default\">Hydrometeorologische Gefahren<\/h4>\t\t<\/div>\n\t\t\t\t<\/div>\n\t\t\t\t<div class=\"elementor-element elementor-element-eed8b88 elementor-widget elementor-widget-wp-widget-custom_html\" data-id=\"eed8b88\" data-element_type=\"widget\" data-widget_type=\"wp-widget-custom_html.default\">\n\t\t\t\t<div class=\"elementor-widget-container\">\n\t\t\t<div class=\"textwidget custom-html-widget\"><div class=\"button-list-wrapper green-blend\">\r\n<div class=\"row\">\r\n<div class=\"col-xs-6 col-sm-4 col-md-3 mb-4\"><a id=\"hazard-6\" href=\"sea-level-rise\">\r\nAnsteigen des Meeresspiegels\r\n<\/a><\/div>\r\n<div class=\"col-xs-6 col-sm-4 col-md-3 mb-4\"><a id=\"hazard-7\" href=\"hurricanes-and-storm-surges\">\r\nHurrikane und Sturmfluten\r\n<\/a><\/div>\r\n<div class=\"col-xs-6 col-sm-4 col-md-3 mb-4\"><a id=\"hazard-8\" href=\"drought-and-desertification\">\r\nD\u00fcrre und W\u00fcstenbildung\r\n<\/a><\/div>\r\n<div class=\"col-xs-6 col-sm-4 col-md-3 mb-4\"><a id=\"hazard-9\" href=\"avalanches\">\r\nLawinen\r\n<\/a><\/div>\r\n<div class=\"col-xs-6 col-sm-4 col-md-3 mb-4\"><a id=\"hazard-1\" href=\"landscape-fires\">\r\nLandschaftsbr\u00e4nde\r\n<\/a><\/div>\r\n<div class=\"col-xs-6 col-sm-4 col-md-3 mb-4\"><a id=\"hazard-10\" href=\"floods\">\u00dcberschwemmungen\r\n<\/a><\/div>\r\n<\/div>\r\n<\/div>\r\n<\/div>\t\t<\/div>\n\t\t\t\t<\/div>\n\t\t\t\t<div class=\"elementor-element elementor-element-11fc213 buttons-title elementor-widget elementor-widget-heading\" data-id=\"11fc213\" data-element_type=\"widget\" data-widget_type=\"heading.default\">\n\t\t\t\t<div class=\"elementor-widget-container\">\n\t\t\t<h4 class=\"elementor-heading-title elementor-size-default\">Biologische Gefahren<\/h4>\t\t<\/div>\n\t\t\t\t<\/div>\n\t\t\t\t<div class=\"elementor-element elementor-element-f3aaf40 elementor-widget elementor-widget-wp-widget-custom_html\" data-id=\"f3aaf40\" data-element_type=\"widget\" data-widget_type=\"wp-widget-custom_html.default\">\n\t\t\t\t<div class=\"elementor-widget-container\">\n\t\t\t<div class=\"textwidget custom-html-widget\"><div class=\"button-list-wrapper green-blend\">\r\n<div class=\"row\">\r\n<div class=\"col-xs-6 col-sm-4 col-md-3 mb-4\"><a id=\"hazard-14\" href=\"pandemics\">\r\nPandemien\r\n<\/a><\/div>\r\n<div class=\"col-xs-6 col-sm-4 col-md-3 mb-4\"><\/div>\r\n<div class=\"col-xs-6 col-sm-4 col-md-3 mb-4\"><\/div>\r\n<div class=\"col-xs-6 col-sm-4 col-md-3 mb-4\"><\/div>\r\n<div class=\"col-xs-6 col-sm-4 col-md-3 mb-4\"><\/div>\r\n<\/div>\r\n<\/div>\r\n<\/div>\t\t<\/div>\n\t\t\t\t<\/div>\n\t\t\t\t\t\t<\/div>\n\t\t\t\t\t<\/div>\n\t\t<\/div>\n\t\t\t\t\t\t\t\t<\/div>\n\t\t\t\t\t<\/div>\n\t\t<\/section>\n\t\t\t\t<section class=\"has_eae_slider elementor-section elementor-top-section elementor-element elementor-element-3c9c8e5 elementor-section-boxed elementor-section-height-default elementor-section-height-default\" data-id=\"3c9c8e5\" data-element_type=\"section\" id=\"technological\" data-settings=\"{&quot;background_background&quot;:&quot;classic&quot;}\">\n\t\t\t\t\t\t<div class=\"elementor-container elementor-column-gap-default\">\n\t\t\t\t\t\t\t<div class=\"elementor-row\">\n\t\t\t\t\t<div class=\"has_eae_slider elementor-column elementor-col-100 elementor-top-column elementor-element elementor-element-5626de4\" data-id=\"5626de4\" data-element_type=\"column\">\n\t\t\t<div class=\"elementor-column-wrap elementor-element-populated\">\n\t\t\t\t\t\t\t<div class=\"elementor-widget-wrap\">\n\t\t\t\t\t\t<div class=\"elementor-element elementor-element-cd24614 hazard-category-title elementor-widget elementor-widget-heading\" data-id=\"cd24614\" data-element_type=\"widget\" data-widget_type=\"heading.default\">\n\t\t\t\t<div class=\"elementor-widget-container\">\n\t\t\t<h2 class=\"elementor-heading-title elementor-size-default\">Technologische Gefahren<\/h2>\t\t<\/div>\n\t\t\t\t<\/div>\n\t\t\t\t<div class=\"elementor-element elementor-element-3329655 elementor-widget elementor-widget-text-editor\" data-id=\"3329655\" data-element_type=\"widget\" data-widget_type=\"text-editor.default\">\n\t\t\t\t<div class=\"elementor-widget-container\">\n\t\t\t\t\t\t\t\t<div class=\"elementor-text-editor elementor-clearfix\">\n\t\t\t\t<p>Moderne Technologien versorgen den Menschen mit vielen G\u00fctern, bergen jedoch zus\u00e4tzliche Risiken durch gef\u00e4hrliche Materialien oder Technologien wie radioaktive oder giftige Substanzen. Gef\u00e4hrliche Stoffe kommen vor allem in Industrieanlagen und stellen beim Transport ein Risiko von Unf\u00e4llen dar.<\/p>\n<p>Durch Br\u00e4nde, Explosionen oder Leckagen verursachte Unf\u00e4lle k\u00f6nnen zur Freisetzung dieser Stoffe f\u00fchren und die menschliche Gesundheit, Sachwerte und die Umwelt sch\u00e4digen. Der Kontakt mit gef\u00e4hrlichen Stoffen kann zu massenhaften Verletzungen oder sogar zum Tod von Menschen f\u00fchren.<\/p>\n<p>Unf\u00e4lle wie Bhopal 1984, Tschernobyl 1986 oder Fukushima 2011 zeigen das hohe Risiko der Freisetzung gef\u00e4hrlicher Stoffe in die Umwelt. Chemische, radiologische (nukleare) Unf\u00e4lle oder Br\u00fcche von Staud\u00e4mmen sind eine Folge menschlicher Aktivit\u00e4ten und menschlichen Versagens und k\u00f6nnen eine Katastrophendimension annehmen. Weitere von Menschen verursachte Katastrophen k\u00f6nnen durch den Ausfall \u00f6ffentlicher Einrichtungen oder kritischer Infrastrukturen einschlie\u00dflich Unterbrechung oder Verlust einer Versorgungsleistung (Wasser, Strom, Gas, Internet etc.). Chemische oder radiologische Katastrophen oder Staudammbr\u00fcche k\u00f6nnten Millionen von Menschen treffen und sind daher die Hauptthemen unserer Risikobewertung.<\/p>\n\t\t\t\t\t<\/div>\n\t\t\t\t\t\t<\/div>\n\t\t\t\t<\/div>\n\t\t\t\t<div class=\"elementor-element elementor-element-220235c elementor-widget elementor-widget-wp-widget-custom_html\" data-id=\"220235c\" data-element_type=\"widget\" data-widget_type=\"wp-widget-custom_html.default\">\n\t\t\t\t<div class=\"elementor-widget-container\">\n\t\t\t<div class=\"textwidget custom-html-widget\"><div class=\"button-list-wrapper orange-blend\">\r\n<div class=\"row\">\r\n<div class=\"col-xs-6 col-sm-4 col-md-3 mb-4\"><a id=\"hazard-11\" href=\"dam-failures\">\r\nDammbr\u00fcche\r\n<\/a><\/div>\r\n<div class=\"col-xs-6 col-sm-4 col-md-3 mb-4\"><a id=\"hazard-12\" href=\"radiological-emergencies\">\r\nRadiologische Notf\u00e4lle\r\n<\/a><\/div>\r\n<div class=\"col-xs-6 col-sm-4 col-md-3 mb-4\"><a id=\"hazard-13\" href=\"chemical-emergencies\">\r\nChemische Notf\u00e4lle\r\n<\/a><\/div>\r\n<div class=\"col-xs-6 col-sm-4 col-md-3 mb-4\"><\/div>\r\n<div class=\"col-xs-6 col-sm-4 col-md-3 mb-4\"><\/div>\r\n<\/div>\r\n<\/div>\r\n<\/div>\t\t<\/div>\n\t\t\t\t<\/div>\n\t\t\t\t\t\t<\/div>\n\t\t\t\t\t<\/div>\n\t\t<\/div>\n\t\t\t\t\t\t\t\t<\/div>\n\t\t\t\t\t<\/div>\n\t\t<\/section>\n\t\t\t\t\t\t\t\t\t<\/div>\n\t\t\t<\/div>\n\t\t\t\t\t<\/div>\n\t\t","protected":false},"excerpt":{"rendered":"<p>Naturgefahren Naturgefahren sind auf Naturph\u00e4nomene zur\u00fcckzuf\u00fchrende Gefahren, die eine erhebliche Bedrohung f\u00fcr Menschen, Infrastruktur, Wirtschaftsg\u00fcter und die Umwelt darstellen und zu einer Katastrophe f\u00fchren k\u00f6nnen. Das Ausma\u00df einer Katastrophe ist nicht ausschlie\u00dflich auf Naturph\u00e4nomene zur\u00fcckzuf\u00fchren, da menschliche Aktivit\u00e4ten die Risiken beispielsweise durch die Ber\u00fccksichtigung der Frage, wo und wie Siedlungen gebaut werden oder wie die [&hellip;]<\/p>\n","protected":false},"author":1,"featured_media":0,"parent":0,"menu_order":0,"comment_status":"closed","ping_status":"closed","template":"","meta":{"_acf_changed":false,"footnotes":""},"acf":[],"yoast_head":"<!-- This site is optimized with the Yoast SEO plugin v22.1 - https:\/\/yoast.com\/wordpress\/plugins\/seo\/ -->\n<title>Naturgefahren - BeSafeNet<\/title>\n<meta name=\"robots\" content=\"index, follow, max-snippet:-1, max-image-preview:large, max-video-preview:-1\" \/>\n<link rel=\"canonical\" href=\"https:\/\/besafenet.net\/de\/naturgefahren\/\" \/>\n<meta property=\"og:locale\" content=\"de_DE\" \/>\n<meta property=\"og:type\" content=\"article\" \/>\n<meta property=\"og:title\" content=\"Naturgefahren - BeSafeNet\" \/>\n<meta property=\"og:description\" content=\"Naturgefahren Naturgefahren sind auf Naturph\u00e4nomene zur\u00fcckzuf\u00fchrende Gefahren, die eine erhebliche Bedrohung f\u00fcr Menschen, Infrastruktur, Wirtschaftsg\u00fcter und die Umwelt darstellen und zu einer Katastrophe f\u00fchren k\u00f6nnen. Das Ausma\u00df einer Katastrophe ist nicht ausschlie\u00dflich auf Naturph\u00e4nomene zur\u00fcckzuf\u00fchren, da menschliche Aktivit\u00e4ten die Risiken beispielsweise durch die Ber\u00fccksichtigung der Frage, wo und wie Siedlungen gebaut werden oder wie die [&hellip;]\" \/>\n<meta property=\"og:url\" content=\"https:\/\/besafenet.net\/de\/naturgefahren\/\" \/>\n<meta property=\"og:site_name\" content=\"BeSafeNet\" \/>\n<meta property=\"article:modified_time\" content=\"2024-06-05T13:25:12+00:00\" \/>\n<meta name=\"twitter:card\" content=\"summary_large_image\" \/>\n<meta name=\"twitter:label1\" content=\"Est. reading time\" \/>\n\t<meta name=\"twitter:data1\" content=\"3 Minuten\" \/>\n<script type=\"application\/ld+json\" class=\"yoast-schema-graph\">{\"@context\":\"https:\/\/schema.org\",\"@graph\":[{\"@type\":\"WebPage\",\"@id\":\"https:\/\/besafenet.net\/de\/naturgefahren\/\",\"url\":\"https:\/\/besafenet.net\/de\/naturgefahren\/\",\"name\":\"Naturgefahren - BeSafeNet\",\"isPartOf\":{\"@id\":\"https:\/\/besafenet.net\/#website\"},\"datePublished\":\"2024-04-22T09:02:11+00:00\",\"dateModified\":\"2024-06-05T13:25:12+00:00\",\"breadcrumb\":{\"@id\":\"https:\/\/besafenet.net\/de\/naturgefahren\/#breadcrumb\"},\"inLanguage\":\"de-DE\",\"potentialAction\":[{\"@type\":\"ReadAction\",\"target\":[\"https:\/\/besafenet.net\/de\/naturgefahren\/\"]}]},{\"@type\":\"BreadcrumbList\",\"@id\":\"https:\/\/besafenet.net\/de\/naturgefahren\/#breadcrumb\",\"itemListElement\":[{\"@type\":\"ListItem\",\"position\":1,\"name\":\"Home\",\"item\":\"https:\/\/besafenet.net\/\"},{\"@type\":\"ListItem\",\"position\":2,\"name\":\"Naturgefahren\"}]},{\"@type\":\"WebSite\",\"@id\":\"https:\/\/besafenet.net\/#website\",\"url\":\"https:\/\/besafenet.net\/\",\"name\":\"BeSafeNet\",\"description\":\"\",\"publisher\":{\"@id\":\"https:\/\/besafenet.net\/#organization\"},\"potentialAction\":[{\"@type\":\"SearchAction\",\"target\":{\"@type\":\"EntryPoint\",\"urlTemplate\":\"https:\/\/besafenet.net\/?s={search_term_string}\"},\"query-input\":\"required name=search_term_string\"}],\"inLanguage\":\"de-DE\"},{\"@type\":\"Organization\",\"@id\":\"https:\/\/besafenet.net\/#organization\",\"name\":\"BeSafeNet\",\"url\":\"https:\/\/besafenet.net\/\",\"logo\":{\"@type\":\"ImageObject\",\"inLanguage\":\"de-DE\",\"@id\":\"https:\/\/besafenet.net\/#\/schema\/logo\/image\/\",\"url\":\"https:\/\/besafenet.net\/wp-content\/uploads\/2020\/11\/besafe-logo.svg\",\"contentUrl\":\"https:\/\/besafenet.net\/wp-content\/uploads\/2020\/11\/besafe-logo.svg\",\"width\":1,\"height\":1,\"caption\":\"BeSafeNet\"},\"image\":{\"@id\":\"https:\/\/besafenet.net\/#\/schema\/logo\/image\/\"}}]}<\/script>\n<!-- \/ Yoast SEO plugin. -->","yoast_head_json":{"title":"Naturgefahren - BeSafeNet","robots":{"index":"index","follow":"follow","max-snippet":"max-snippet:-1","max-image-preview":"max-image-preview:large","max-video-preview":"max-video-preview:-1"},"canonical":"https:\/\/besafenet.net\/de\/naturgefahren\/","og_locale":"de_DE","og_type":"article","og_title":"Naturgefahren - BeSafeNet","og_description":"Naturgefahren Naturgefahren sind auf Naturph\u00e4nomene zur\u00fcckzuf\u00fchrende Gefahren, die eine erhebliche Bedrohung f\u00fcr Menschen, Infrastruktur, Wirtschaftsg\u00fcter und die Umwelt darstellen und zu einer Katastrophe f\u00fchren k\u00f6nnen. Das Ausma\u00df einer Katastrophe ist nicht ausschlie\u00dflich auf Naturph\u00e4nomene zur\u00fcckzuf\u00fchren, da menschliche Aktivit\u00e4ten die Risiken beispielsweise durch die Ber\u00fccksichtigung der Frage, wo und wie Siedlungen gebaut werden oder wie die [&hellip;]","og_url":"https:\/\/besafenet.net\/de\/naturgefahren\/","og_site_name":"BeSafeNet","article_modified_time":"2024-06-05T13:25:12+00:00","twitter_card":"summary_large_image","twitter_misc":{"Est. reading time":"3 Minuten"},"schema":{"@context":"https:\/\/schema.org","@graph":[{"@type":"WebPage","@id":"https:\/\/besafenet.net\/de\/naturgefahren\/","url":"https:\/\/besafenet.net\/de\/naturgefahren\/","name":"Naturgefahren - BeSafeNet","isPartOf":{"@id":"https:\/\/besafenet.net\/#website"},"datePublished":"2024-04-22T09:02:11+00:00","dateModified":"2024-06-05T13:25:12+00:00","breadcrumb":{"@id":"https:\/\/besafenet.net\/de\/naturgefahren\/#breadcrumb"},"inLanguage":"de-DE","potentialAction":[{"@type":"ReadAction","target":["https:\/\/besafenet.net\/de\/naturgefahren\/"]}]},{"@type":"BreadcrumbList","@id":"https:\/\/besafenet.net\/de\/naturgefahren\/#breadcrumb","itemListElement":[{"@type":"ListItem","position":1,"name":"Home","item":"https:\/\/besafenet.net\/"},{"@type":"ListItem","position":2,"name":"Naturgefahren"}]},{"@type":"WebSite","@id":"https:\/\/besafenet.net\/#website","url":"https:\/\/besafenet.net\/","name":"BeSafeNet","description":"","publisher":{"@id":"https:\/\/besafenet.net\/#organization"},"potentialAction":[{"@type":"SearchAction","target":{"@type":"EntryPoint","urlTemplate":"https:\/\/besafenet.net\/?s={search_term_string}"},"query-input":"required name=search_term_string"}],"inLanguage":"de-DE"},{"@type":"Organization","@id":"https:\/\/besafenet.net\/#organization","name":"BeSafeNet","url":"https:\/\/besafenet.net\/","logo":{"@type":"ImageObject","inLanguage":"de-DE","@id":"https:\/\/besafenet.net\/#\/schema\/logo\/image\/","url":"https:\/\/besafenet.net\/wp-content\/uploads\/2020\/11\/besafe-logo.svg","contentUrl":"https:\/\/besafenet.net\/wp-content\/uploads\/2020\/11\/besafe-logo.svg","width":1,"height":1,"caption":"BeSafeNet"},"image":{"@id":"https:\/\/besafenet.net\/#\/schema\/logo\/image\/"}}]}},"_links":{"self":[{"href":"https:\/\/besafenet.net\/de\/wp-json\/wp\/v2\/pages\/15652"}],"collection":[{"href":"https:\/\/besafenet.net\/de\/wp-json\/wp\/v2\/pages"}],"about":[{"href":"https:\/\/besafenet.net\/de\/wp-json\/wp\/v2\/types\/page"}],"author":[{"embeddable":true,"href":"https:\/\/besafenet.net\/de\/wp-json\/wp\/v2\/users\/1"}],"replies":[{"embeddable":true,"href":"https:\/\/besafenet.net\/de\/wp-json\/wp\/v2\/comments?post=15652"}],"version-history":[{"count":6,"href":"https:\/\/besafenet.net\/de\/wp-json\/wp\/v2\/pages\/15652\/revisions"}],"predecessor-version":[{"id":16017,"href":"https:\/\/besafenet.net\/de\/wp-json\/wp\/v2\/pages\/15652\/revisions\/16017"}],"wp:attachment":[{"href":"https:\/\/besafenet.net\/de\/wp-json\/wp\/v2\/media?parent=15652"}],"curies":[{"name":"wp","href":"https:\/\/api.w.org\/{rel}","templated":true}]}}