{"id":15654,"date":"2024-04-22T10:03:52","date_gmt":"2024-04-22T09:03:52","guid":{"rendered":"https:\/\/besafenet.net\/vulnerabilitaet\/"},"modified":"2024-06-07T11:25:51","modified_gmt":"2024-06-07T10:25:51","slug":"vulnerabilitaet","status":"publish","type":"page","link":"https:\/\/besafenet.net\/de\/vulnerabilitaet\/","title":{"rendered":"Vulnerabilit\u00e4t"},"content":{"rendered":"\t\t<div data-elementor-type=\"wp-page\" data-elementor-id=\"15654\" class=\"elementor elementor-15654 elementor-12310\">\n\t\t\t\t\t\t<div class=\"elementor-inner\">\n\t\t\t\t<div class=\"elementor-section-wrap\">\n\t\t\t\t\t\t\t\t\t<section class=\"has_eae_slider elementor-section elementor-top-section elementor-element elementor-element-07e2493 elementor-section-boxed elementor-section-height-default elementor-section-height-default\" data-id=\"07e2493\" data-element_type=\"section\" data-settings=\"{&quot;background_background&quot;:&quot;classic&quot;}\">\n\t\t\t\t\t\t<div class=\"elementor-container elementor-column-gap-default\">\n\t\t\t\t\t\t\t<div class=\"elementor-row\">\n\t\t\t\t\t<div class=\"has_eae_slider elementor-column elementor-col-100 elementor-top-column elementor-element elementor-element-49a767f\" data-id=\"49a767f\" data-element_type=\"column\">\n\t\t\t<div class=\"elementor-column-wrap elementor-element-populated\">\n\t\t\t\t\t\t\t<div class=\"elementor-widget-wrap\">\n\t\t\t\t\t\t<div class=\"elementor-element elementor-element-77a7127 hazard-category-title elementor-widget elementor-widget-heading\" data-id=\"77a7127\" data-element_type=\"widget\" data-widget_type=\"heading.default\">\n\t\t\t\t<div class=\"elementor-widget-container\">\n\t\t\t<h2 class=\"elementor-heading-title elementor-size-default\">Vulnerabilit\u00e4t<\/h2>\t\t<\/div>\n\t\t\t\t<\/div>\n\t\t\t\t<div class=\"elementor-element elementor-element-78930e8 elementor-widget elementor-widget-text-editor\" data-id=\"78930e8\" data-element_type=\"widget\" data-widget_type=\"text-editor.default\">\n\t\t\t\t<div class=\"elementor-widget-container\">\n\t\t\t\t\t\t\t\t<div class=\"elementor-text-editor elementor-clearfix\">\n\t\t\t\t<strong>Risikobedingte Vulnerabilit\u00e4t<\/strong>\r\n<br>\r\n<br>\r\nDie H\u00e4ufigkeit und Intensit\u00e4t nat\u00fcrlicher und technologischer Gefahren sowie die Vulnerabilit\u00e4t (Verletzlichkeit \/ Verwundbarkeit) der betroffenen Elemente und der Gesellschaft sind f\u00fcr die negativen Auswirkungen dieser Gefahr verantwortlich. Folglich ist die Beurteilung der Gef\u00e4hrdung von entscheidender Bedeutung f\u00fcr die Reduzierung solcher Folgen und der damit verbundenen Risiken.\r\n<br>\r\n<br>\r\n\r\nUm das Konzept der Vulnerabilit\u00e4t besser zu verstehen, muss man bedenken, dass es derzeit von verschiedenen Disziplinen (z. B. struktureller, wirtschaftlicher, institutioneller oder sozialer Disziplinen) verwendet wird, die in ihrer Methodik der Messung von Vulnerabilit\u00e4t dazu neigen, unterschiedliche Faktoren hervorzuheben. Beispielsweise betrachten Sozialwissenschaftler Vulnerabilit\u00e4t h\u00e4ufig als Hinweis auf jene sozio\u00f6konomischen Faktoren, die die F\u00e4higkeit der Gesellschaft beeinflussen, mit Stress oder negativen Ver\u00e4nderungen umzugehen (z. B. Beruf, Bildung, Einkommen, Verm\u00f6gen und Wohnort).\r\n<br>\r\n<br>\r\nAndererseits neigen Naturwissenschaftler dazu, Vulnerabilit\u00e4t als das wahrscheinliche Ausma\u00df des Verlusts zu betrachten, nachdem gef\u00e4hrdete Elemente einer Gefahr einer bestimmten Gr\u00f6\u00dfenordnung und H\u00e4ufigkeit ausgesetzt wurden. Ein solcher Ansatz legt besonderen Wert auf die Anf\u00e4lligkeit physikalischer Elemente gegen\u00fcber gef\u00e4hrlichen Prozessen (z. B. Exposition, Empfindlichkeit). In diesem Fall kann sich eine geeignete Definition von Gef\u00e4hrdung auf die \u201eAnf\u00e4lligkeit von Leben, Eigentum oder der Umwelt im Falle des Eintretens eines bestimmten gef\u00e4hrlichen Ereignisses\u201c beziehen.\r\n<br>\r\n<br>\r\n\r\nInnerhalb der Katastrophenrisikogemeinschaft wird Risiko durch die Exposition gegen\u00fcber einer Gefahr und einer Schwachstelle definiert, die das Verh\u00e4ltnis zwischen der Schwere der Gefahr und dem Ausma\u00df des Schadens darstellt, der dem exponierten Element zugef\u00fcgt wird. Die Internationale Strategie der Vereinten Nationen zur Katastrophenvorsorge (<em>United Nations International Strategy for Disaster Reduction<\/em> \u2013 UNISDR) definiert Verwundbarkeit als \u201edie Merkmale und Umst\u00e4nde einer Gemeinschaft, eines Systems oder einer Anlage, die diese f\u00fcr die sch\u00e4dlichen Auswirkungen einer Gefahr anf\u00e4llig machen\u201c. Diese Definition betrachtet Gef\u00e4hrdung als einen etablierten Zustand, der durch Merkmale der gef\u00e4hrdeten Elemente erzeugt wird. Innerhalb der Experten-Gemeinschaft, die sich mit der Klimakrise befasst, wird der Vulnerabilit\u00e4t eine gr\u00f6\u00dfere Bedeutung beigemessen, da sie als eine Funktion von Exposition, Sensibilit\u00e4t und Anpassungsf\u00e4higkeit definiert wird.\r\n<br>\r\n<br>\r\n\r\nIn j\u00fcngerer Zeit haben die Bem\u00fchungen des B\u00fcros der Vereinten Nationen f\u00fcr Katastrophenvorsorge (<em>UN Office for Disaster Risk Reduction<\/em> \u2013 UNDRR) und des Zwischenstaatlichen Ausschusses f\u00fcr Klima\u00e4nderungen (\u201eWeltklimarat\u201c) (<em>Intergovernmental Panel on Climate Change<\/em> \u2013 IPCC) zu einem Vulnerabilit\u00e4tskonzept gef\u00fchrt, das von einem mehr gegenseitigen und kollektiven Verst\u00e4ndnis gepr\u00e4gt ist. In diesem Zusammenhang bezeichnet der F\u00fcnfte Sachstandsbericht des IPCC aus dem Jahr 2014 Verwundbarkeit als \u201eAusdruck der Neigung oder Veranlagung, negativ beeinflusst zu werden\u201c. Eine solche Veranlagung stellt ein internes Merkmal der betroffenen Elemente (oder Gesellschaften) dar und umfasst die Konzepte, sowohl mit den negativen Auswirkungen eines physischen Ereignisses umgehen zu k\u00f6nnen, Widerstandsf\u00e4higkeit zu leisten und die Folgen zu \u00fcberwinden, als auch die mangelnde F\u00e4higkeit, mit den negativen Auswirkungen eines physischen Ereignisses umzugehen und sich an diese anzupassen.\r\n<br>\r\n<br>\r\n\r\nEs besteht kein Zweifel daran, dass die Freisetzung von Treibhausgasen seit Beginn der industriellen Revolution, als sich das Tempo der technischen Innovation auf Basis der Verbrennung fossiler Energietr\u00e4ger beschleunigte, die Hauptverursacher eines sich schnell ver\u00e4ndernden Klimas sind. Dieser vom Menschen herbeigef\u00fchrte Klimawandel f\u00fchrt in zunehmendem Ma\u00df zur Zerst\u00f6rung der Umwelt \u2013 mit der Folge der Gef\u00e4hrdung von Gesundheit und Sicherheit der Menschheit und hohen wirtschaftlichen Folgekosten. In diesem Zusammenhang wird das Thema Klimawandel (oder besser gesagt der vom Menschen verursachte Klimawandel) auf der BeSafeNet-Website als \u201eKlimakrise\u201c unter dem Oberbegriff \u201eTechnologische \/ vom Menschen verursachte Gefahren\u201c behandelt.\r\n<br>\r\n<br>\r\n\r\n<u>Hinweis<\/u>: Die obige Einf\u00fchrung in das Konzept der risikobezogenen Vulnerabilit\u00e4t wurde auf der Grundlage einschl\u00e4giger Ver\u00f6ffentlichungen entwickelt, insbesondere:\r\n<br>\r\n<br>\r\nRizzo<sup>, <\/sup>A., Vandelli, V., Micallef , A.S., Buhagiar, G., Soldati, M., 2020. Coastal vulnerability assessment along the north-eastern sector of Gozo Island (Malta, Mediterranean Sea). <em>Water<\/em>\u00a02020,\u00a0<em>12<\/em>(5), 1405;\u00a0<a href=\"https:\/\/doi.org\/10.3390\/w12051405\">https:\/\/doi.org\/10.3390\/w12051405<\/a>\r\n<br>\r\n<br>\r\nFuchs, S., Birkmann, J. &amp; Glade, T. Vulnerability assessment in natural hazard and risk analysis: current approaches and future challenges. <em>Nat Hazards<\/em>\u00a064, 1969-1975 (2012). <a href=\"https:\/\/doi.org\/10.1007\/s11069-012-0352-9\">https:\/\/doi.org\/10.1007\/s11069-012-0352-9<\/a>\r\n<br>\r\n<br>\r\n<strong><em>In diesen Dokumenten finden Sie im Text detaillierte Quellenangaben.<\/em><\/strong>\t\t\t\t\t<\/div>\n\t\t\t\t\t\t<\/div>\n\t\t\t\t<\/div>\n\t\t\t\t<div class=\"elementor-element elementor-element-cba95b8 buttons-title elementor-hidden-desktop elementor-hidden-tablet elementor-hidden-mobile elementor-widget elementor-widget-heading\" data-id=\"cba95b8\" data-element_type=\"widget\" data-widget_type=\"heading.default\">\n\t\t\t\t<div class=\"elementor-widget-container\">\n\t\t\t<h4 class=\"elementor-heading-title elementor-size-default\">Vulnerabilities<\/h4>\t\t<\/div>\n\t\t\t\t<\/div>\n\t\t\t\t<div class=\"elementor-element elementor-element-5310e9c elementor-widget elementor-widget-wp-widget-custom_html\" data-id=\"5310e9c\" data-element_type=\"widget\" data-widget_type=\"wp-widget-custom_html.default\">\n\t\t\t\t<div class=\"elementor-widget-container\">\n\t\t\t<div class=\"textwidget custom-html-widget\"><div class=\"button-list-wrapper pink-blend\">\r\n<div class=\"row\">\r\n<div class=\"col-xs-6 col-sm-4 col-md-3 mb-4\"><a id=\"cultural-1\" href=\"cultural-herritage\">\r\nKulturelles Erbe\r\n<\/a><\/div>\r\n<div class=\"col-xs-6 col-sm-4 col-md-3 mb-4\"><a id=\"climate-crisis\" href=\"https:\/\/besafenet.net\/climate-crisis\/\">\r\nKlimakrise\r\n<\/a><\/div>\r\n<div class=\"col-xs-6 col-sm-4 col-md-3 mb-4\"><\/div>\r\n<div class=\"col-xs-6 col-sm-4 col-md-3 mb-4\"><\/div>\r\n<\/div>\r\n<\/div>\r\n<\/div>\t\t<\/div>\n\t\t\t\t<\/div>\n\t\t\t\t\t\t<\/div>\n\t\t\t\t\t<\/div>\n\t\t<\/div>\n\t\t\t\t\t\t\t\t<\/div>\n\t\t\t\t\t<\/div>\n\t\t<\/section>\n\t\t\t\t\t\t\t\t\t<\/div>\n\t\t\t<\/div>\n\t\t\t\t\t<\/div>\n\t\t","protected":false},"excerpt":{"rendered":"<p>Risikobedingte Vulnerabilit\u00e4t Die H\u00e4ufigkeit und Intensit\u00e4t nat\u00fcrlicher und technologischer Gefahren sowie die Vulnerabilit\u00e4t (Verletzlichkeit \/ Verwundbarkeit) der betroffenen Elemente und der Gesellschaft sind f\u00fcr die negativen Auswirkungen dieser Gefahr verantwortlich. Folglich ist die Beurteilung der Gef\u00e4hrdung von entscheidender Bedeutung f\u00fcr die Reduzierung solcher Folgen und der damit verbundenen Risiken. Um das Konzept der Vulnerabilit\u00e4t besser [&hellip;]<\/p>\n","protected":false},"author":1,"featured_media":0,"parent":0,"menu_order":0,"comment_status":"closed","ping_status":"closed","template":"","meta":{"_acf_changed":false,"footnotes":""},"acf":[],"yoast_head":"<!-- This site is optimized with the Yoast SEO plugin v22.1 - https:\/\/yoast.com\/wordpress\/plugins\/seo\/ -->\n<title>Vulnerabilit\u00e4t - BeSafeNet<\/title>\n<meta name=\"robots\" content=\"index, follow, max-snippet:-1, max-image-preview:large, max-video-preview:-1\" \/>\n<link rel=\"canonical\" href=\"https:\/\/besafenet.net\/de\/vulnerabilitaet\/\" \/>\n<meta property=\"og:locale\" content=\"de_DE\" \/>\n<meta property=\"og:type\" content=\"article\" \/>\n<meta property=\"og:title\" content=\"Vulnerabilit\u00e4t - BeSafeNet\" \/>\n<meta property=\"og:description\" content=\"Risikobedingte Vulnerabilit\u00e4t Die H\u00e4ufigkeit und Intensit\u00e4t nat\u00fcrlicher und technologischer Gefahren sowie die Vulnerabilit\u00e4t (Verletzlichkeit \/ Verwundbarkeit) der betroffenen Elemente und der Gesellschaft sind f\u00fcr die negativen Auswirkungen dieser Gefahr verantwortlich. Folglich ist die Beurteilung der Gef\u00e4hrdung von entscheidender Bedeutung f\u00fcr die Reduzierung solcher Folgen und der damit verbundenen Risiken. Um das Konzept der Vulnerabilit\u00e4t besser [&hellip;]\" \/>\n<meta property=\"og:url\" content=\"https:\/\/besafenet.net\/de\/vulnerabilitaet\/\" \/>\n<meta property=\"og:site_name\" content=\"BeSafeNet\" \/>\n<meta property=\"article:modified_time\" content=\"2024-06-07T10:25:51+00:00\" \/>\n<meta name=\"twitter:card\" content=\"summary_large_image\" \/>\n<meta name=\"twitter:label1\" content=\"Est. reading time\" \/>\n\t<meta name=\"twitter:data1\" content=\"4 Minuten\" \/>\n<script type=\"application\/ld+json\" class=\"yoast-schema-graph\">{\"@context\":\"https:\/\/schema.org\",\"@graph\":[{\"@type\":\"WebPage\",\"@id\":\"https:\/\/besafenet.net\/de\/vulnerabilitaet\/\",\"url\":\"https:\/\/besafenet.net\/de\/vulnerabilitaet\/\",\"name\":\"Vulnerabilit\u00e4t - BeSafeNet\",\"isPartOf\":{\"@id\":\"https:\/\/besafenet.net\/#website\"},\"datePublished\":\"2024-04-22T09:03:52+00:00\",\"dateModified\":\"2024-06-07T10:25:51+00:00\",\"breadcrumb\":{\"@id\":\"https:\/\/besafenet.net\/de\/vulnerabilitaet\/#breadcrumb\"},\"inLanguage\":\"de-DE\",\"potentialAction\":[{\"@type\":\"ReadAction\",\"target\":[\"https:\/\/besafenet.net\/de\/vulnerabilitaet\/\"]}]},{\"@type\":\"BreadcrumbList\",\"@id\":\"https:\/\/besafenet.net\/de\/vulnerabilitaet\/#breadcrumb\",\"itemListElement\":[{\"@type\":\"ListItem\",\"position\":1,\"name\":\"Home\",\"item\":\"https:\/\/besafenet.net\/\"},{\"@type\":\"ListItem\",\"position\":2,\"name\":\"Vulnerabilit\u00e4t\"}]},{\"@type\":\"WebSite\",\"@id\":\"https:\/\/besafenet.net\/#website\",\"url\":\"https:\/\/besafenet.net\/\",\"name\":\"BeSafeNet\",\"description\":\"\",\"publisher\":{\"@id\":\"https:\/\/besafenet.net\/#organization\"},\"potentialAction\":[{\"@type\":\"SearchAction\",\"target\":{\"@type\":\"EntryPoint\",\"urlTemplate\":\"https:\/\/besafenet.net\/?s={search_term_string}\"},\"query-input\":\"required name=search_term_string\"}],\"inLanguage\":\"de-DE\"},{\"@type\":\"Organization\",\"@id\":\"https:\/\/besafenet.net\/#organization\",\"name\":\"BeSafeNet\",\"url\":\"https:\/\/besafenet.net\/\",\"logo\":{\"@type\":\"ImageObject\",\"inLanguage\":\"de-DE\",\"@id\":\"https:\/\/besafenet.net\/#\/schema\/logo\/image\/\",\"url\":\"https:\/\/besafenet.net\/wp-content\/uploads\/2020\/11\/besafe-logo.svg\",\"contentUrl\":\"https:\/\/besafenet.net\/wp-content\/uploads\/2020\/11\/besafe-logo.svg\",\"width\":1,\"height\":1,\"caption\":\"BeSafeNet\"},\"image\":{\"@id\":\"https:\/\/besafenet.net\/#\/schema\/logo\/image\/\"}}]}<\/script>\n<!-- \/ Yoast SEO plugin. -->","yoast_head_json":{"title":"Vulnerabilit\u00e4t - BeSafeNet","robots":{"index":"index","follow":"follow","max-snippet":"max-snippet:-1","max-image-preview":"max-image-preview:large","max-video-preview":"max-video-preview:-1"},"canonical":"https:\/\/besafenet.net\/de\/vulnerabilitaet\/","og_locale":"de_DE","og_type":"article","og_title":"Vulnerabilit\u00e4t - BeSafeNet","og_description":"Risikobedingte Vulnerabilit\u00e4t Die H\u00e4ufigkeit und Intensit\u00e4t nat\u00fcrlicher und technologischer Gefahren sowie die Vulnerabilit\u00e4t (Verletzlichkeit \/ Verwundbarkeit) der betroffenen Elemente und der Gesellschaft sind f\u00fcr die negativen Auswirkungen dieser Gefahr verantwortlich. Folglich ist die Beurteilung der Gef\u00e4hrdung von entscheidender Bedeutung f\u00fcr die Reduzierung solcher Folgen und der damit verbundenen Risiken. Um das Konzept der Vulnerabilit\u00e4t besser [&hellip;]","og_url":"https:\/\/besafenet.net\/de\/vulnerabilitaet\/","og_site_name":"BeSafeNet","article_modified_time":"2024-06-07T10:25:51+00:00","twitter_card":"summary_large_image","twitter_misc":{"Est. reading time":"4 Minuten"},"schema":{"@context":"https:\/\/schema.org","@graph":[{"@type":"WebPage","@id":"https:\/\/besafenet.net\/de\/vulnerabilitaet\/","url":"https:\/\/besafenet.net\/de\/vulnerabilitaet\/","name":"Vulnerabilit\u00e4t - BeSafeNet","isPartOf":{"@id":"https:\/\/besafenet.net\/#website"},"datePublished":"2024-04-22T09:03:52+00:00","dateModified":"2024-06-07T10:25:51+00:00","breadcrumb":{"@id":"https:\/\/besafenet.net\/de\/vulnerabilitaet\/#breadcrumb"},"inLanguage":"de-DE","potentialAction":[{"@type":"ReadAction","target":["https:\/\/besafenet.net\/de\/vulnerabilitaet\/"]}]},{"@type":"BreadcrumbList","@id":"https:\/\/besafenet.net\/de\/vulnerabilitaet\/#breadcrumb","itemListElement":[{"@type":"ListItem","position":1,"name":"Home","item":"https:\/\/besafenet.net\/"},{"@type":"ListItem","position":2,"name":"Vulnerabilit\u00e4t"}]},{"@type":"WebSite","@id":"https:\/\/besafenet.net\/#website","url":"https:\/\/besafenet.net\/","name":"BeSafeNet","description":"","publisher":{"@id":"https:\/\/besafenet.net\/#organization"},"potentialAction":[{"@type":"SearchAction","target":{"@type":"EntryPoint","urlTemplate":"https:\/\/besafenet.net\/?s={search_term_string}"},"query-input":"required name=search_term_string"}],"inLanguage":"de-DE"},{"@type":"Organization","@id":"https:\/\/besafenet.net\/#organization","name":"BeSafeNet","url":"https:\/\/besafenet.net\/","logo":{"@type":"ImageObject","inLanguage":"de-DE","@id":"https:\/\/besafenet.net\/#\/schema\/logo\/image\/","url":"https:\/\/besafenet.net\/wp-content\/uploads\/2020\/11\/besafe-logo.svg","contentUrl":"https:\/\/besafenet.net\/wp-content\/uploads\/2020\/11\/besafe-logo.svg","width":1,"height":1,"caption":"BeSafeNet"},"image":{"@id":"https:\/\/besafenet.net\/#\/schema\/logo\/image\/"}}]}},"_links":{"self":[{"href":"https:\/\/besafenet.net\/de\/wp-json\/wp\/v2\/pages\/15654"}],"collection":[{"href":"https:\/\/besafenet.net\/de\/wp-json\/wp\/v2\/pages"}],"about":[{"href":"https:\/\/besafenet.net\/de\/wp-json\/wp\/v2\/types\/page"}],"author":[{"embeddable":true,"href":"https:\/\/besafenet.net\/de\/wp-json\/wp\/v2\/users\/1"}],"replies":[{"embeddable":true,"href":"https:\/\/besafenet.net\/de\/wp-json\/wp\/v2\/comments?post=15654"}],"version-history":[{"count":12,"href":"https:\/\/besafenet.net\/de\/wp-json\/wp\/v2\/pages\/15654\/revisions"}],"predecessor-version":[{"id":16058,"href":"https:\/\/besafenet.net\/de\/wp-json\/wp\/v2\/pages\/15654\/revisions\/16058"}],"wp:attachment":[{"href":"https:\/\/besafenet.net\/de\/wp-json\/wp\/v2\/media?parent=15654"}],"curies":[{"name":"wp","href":"https:\/\/api.w.org\/{rel}","templated":true}]}}