{"id":15674,"date":"2024-04-22T10:40:52","date_gmt":"2024-04-22T09:40:52","guid":{"rendered":"https:\/\/besafenet.net\/unsere-ziele\/"},"modified":"2024-06-12T07:08:30","modified_gmt":"2024-06-12T06:08:30","slug":"unsere-ziele","status":"publish","type":"page","link":"https:\/\/besafenet.net\/de\/unsere-ziele\/","title":{"rendered":"Unsere Ziele"},"content":{"rendered":"\t\t<div data-elementor-type=\"wp-page\" data-elementor-id=\"15674\" class=\"elementor elementor-15674 elementor-7\">\n\t\t\t\t\t\t<div class=\"elementor-inner\">\n\t\t\t\t<div class=\"elementor-section-wrap\">\n\t\t\t\t\t\t\t\t\t<section class=\"has_eae_slider elementor-section elementor-top-section elementor-element elementor-element-d1871b3 elementor-section-boxed elementor-section-height-default elementor-section-height-default\" data-id=\"d1871b3\" data-element_type=\"section\">\n\t\t\t\t\t\t<div class=\"elementor-container elementor-column-gap-default\">\n\t\t\t\t\t\t\t<div class=\"elementor-row\">\n\t\t\t\t\t<div class=\"has_eae_slider elementor-column elementor-col-100 elementor-top-column elementor-element elementor-element-3fa4644\" data-id=\"3fa4644\" data-element_type=\"column\">\n\t\t\t<div class=\"elementor-column-wrap elementor-element-populated\">\n\t\t\t\t\t\t\t<div class=\"elementor-widget-wrap\">\n\t\t\t\t\t\t<div class=\"elementor-element elementor-element-e277fee page-heading elementor-widget elementor-widget-heading\" data-id=\"e277fee\" data-element_type=\"widget\" data-widget_type=\"heading.default\">\n\t\t\t\t<div class=\"elementor-widget-container\">\n\t\t\t<h1 class=\"elementor-heading-title elementor-size-default\">Unsere Ziele<\/h1>\t\t<\/div>\n\t\t\t\t<\/div>\n\t\t\t\t<div class=\"elementor-element elementor-element-03ea2f4 elementor-widget elementor-widget-heading\" data-id=\"03ea2f4\" data-element_type=\"widget\" data-widget_type=\"heading.default\">\n\t\t\t\t<div class=\"elementor-widget-container\">\n\t\t\t<h3 class=\"elementor-heading-title elementor-size-default\"><p style=\"background-image: initial; background-position: initial; background-size: initial; background-repeat: initial; background-attachment: initial; background-origin: initial; background-clip: initial;\"><span style=\"font-size: 1.5rem;\">WER SIND WIR? <\/span><span style=\"font-size: 1.5rem;\"><\/span><\/p><\/h3>\t\t<\/div>\n\t\t\t\t<\/div>\n\t\t\t\t<div class=\"elementor-element elementor-element-9b3b4a0 elementor-widget elementor-widget-text-editor\" data-id=\"9b3b4a0\" data-element_type=\"widget\" data-widget_type=\"text-editor.default\">\n\t\t\t\t<div class=\"elementor-widget-container\">\n\t\t\t\t\t\t\t\t<div class=\"elementor-text-editor elementor-clearfix\">\n\t\t\t\t<p>BeSafeNet zielt darauf ab, Informations- und Bildungsinhalte zu gro\u00dfen nat\u00fcrlichen Gefahren \u2013 beispielsweise geologische, hydrometeorologische und biologische einschlie\u00dflich Pandemien \u2013 und technologischen Gefahren \u2013 beispielsweise Dammbr\u00fcche, radiologische Notf\u00e4lle, chemische Notf\u00e4lle \u2013 und den damit verbundenen Katastrophen zu vermitteln. Die Informationen basieren auf fundiertem Fachwissen aus einem bereits bestehenden internationalen Netzwerk spezialisierter Zentren.<\/p>\n<p>Seit 1987 sind die Zentren in diesem Bereich als Plattform f\u00fcr die Zusammenarbeit zwischen 22 L\u00e4ndern in Europa und s\u00fcdlich des Mittelmeers unter der Schirmherrschaft des Europarats (<em>Euro-Mediterranean Major Hazards Agreement<\/em> \u2013 EUR-OPA) t\u00e4tig. Eines ihrer Hauptziele besteht darin, die Zusammenarbeit zu st\u00e4rken und zu f\u00f6rdern, um eine bessere Pr\u00e4vention und einen besseren Schutz vor Gefahren und Risiken sowie eine bessere Vorbereitung im Falle gr\u00f6\u00dferer Katastrophen zu gew\u00e4hrleisten. Neben seiner zwischenstaatlichen Rolle verf\u00fcgt das Abkommen \u00fcber ein wirksames Netzwerk spezialisierter Zentren, die \u00fcber seine 22 Mitgliedstaaten und Deutschland verteilt sind: Das auf der BeSafeNet-Website pr\u00e4sentierte Material basiert auf Fachwissen, das in den verschiedenen Bereichen schwerer Katastrophen und dem Management dieser Zentren gesammelt wurde.<\/p>\n<p>Die kontinuierliche Weiterentwicklung der BeSafeNet-Website und der Olympiade-Initiative wird vom Zivilschutz der Regierung von Zypern koordiniert, der f\u00fcr den laufenden Betrieb verantwortlich ist, sowie von einem internationalen Redaktionsausschuss, der die wissenschaftliche Richtigkeit der Texte und die Unterst\u00fctzung von BeSafeNet gew\u00e4hrleistet.<\/p>\n\t\t\t\t\t<\/div>\n\t\t\t\t\t\t<\/div>\n\t\t\t\t<\/div>\n\t\t\t\t<div class=\"elementor-element elementor-element-8a93e13 elementor-widget elementor-widget-heading\" data-id=\"8a93e13\" data-element_type=\"widget\" data-widget_type=\"heading.default\">\n\t\t\t\t<div class=\"elementor-widget-container\">\n\t\t\t<h3 class=\"elementor-heading-title elementor-size-default\">WARUM SORGEN SIE SICH \u00dcBER GEFAHREN?<\/h3>\t\t<\/div>\n\t\t\t\t<\/div>\n\t\t\t\t<div class=\"elementor-element elementor-element-6e08712 elementor-widget elementor-widget-text-editor\" data-id=\"6e08712\" data-element_type=\"widget\" data-widget_type=\"text-editor.default\">\n\t\t\t\t<div class=\"elementor-widget-container\">\n\t\t\t\t\t\t\t\t<div class=\"elementor-text-editor elementor-clearfix\">\n\t\t\t\t<p>Naturkatastrophen und technische Katastrophen verursachen gro\u00dfe menschliche und wirtschaftliche Verluste. Laut einem Bericht des <em>Center for Research on the Epidemiology of Disasters<\/em> (CRED) kamen zwischen 1998 und 2017 bei geologischen und hydrometeorologischen Katastrophen 1,3 Millionen Menschen ums Leben und weitere 4,4 Milliarden wurden verletzt, obdachlos, vertrieben oder ben\u00f6tigten Nothilfe. W\u00e4hrend die Mehrzahl der Todesopfer haupts\u00e4chlich auf Erdbeben und Tsunamis zur\u00fcckzuf\u00fchren war, wurden 91 % aller Katastrophen durch \u00dcberschwemmungen, St\u00fcrme, D\u00fcrren, Hitzewellen und andere extreme Wetterereignisse verursacht.<\/p>\n<p>Zuletzt, im Jahr 2021, verzeichnete die <em>Emergency Event Database<\/em> (EM-DAT) weltweit 432 katastrophale Ereignisse im Zusammenhang mit Naturgefahren. Insgesamt f\u00fchrten sie zu 10.492 Todesf\u00e4llen, betrafen \u00fcber 101 Millionen Menschen und verursachten wirtschaftliche Verluste in H\u00f6he von rund 252 Milliarden US-Dollar. Das Jahr 2021 war von einer Zunahme der Katastrophenereignisse und umfangreichen wirtschaftlichen Verlusten gepr\u00e4gt.<\/p>\n<p>L\u00e4nder mit Entwicklungsl\u00e4ndern erleiden die h\u00f6chsten Kosten, wenn eine Katastrophe eintritt. \u00dcber 95 % aller durch Katastrophen verursachten Todesf\u00e4lle und die Verluste durch Naturkatastrophen sind nach Angaben der Weltbank in Entwicklungsl\u00e4ndern sind im prozentualen Verh\u00e4ltnis zum Bruttoinlandsprodukts 20-mal h\u00f6her als in Industriel\u00e4ndern.<\/p>\n<p>Katastrophen sind auch ein gro\u00dfes Problem f\u00fcr B\u00fcrger der Industriel\u00e4nder, die sie auf ihrem eigenen Territorium erleben k\u00f6nnen. Beispielsweise forderte das Erdbeben im italienischen L\u2019Aquila im Jahr 2009 308 Todesopfer, 1500 Verletzte und Sch\u00e4den von \u00fcber 16 Milliarden US-Dollar. Aufgrund der zunehmenden internationalen Mobilit\u00e4t k\u00f6nnen Bev\u00f6lkerungsgruppen auch im Ausland \u00e4hnliche Ereignisse erleben. Zum Beispiel verloren sowohl Schweden als auch Deutschland jeweils \u00fcber 500 B\u00fcrger beim Tsunami in S\u00fcdostasien im Jahr 2004.<\/p>\n\t\t\t\t\t<\/div>\n\t\t\t\t\t\t<\/div>\n\t\t\t\t<\/div>\n\t\t\t\t<div class=\"elementor-element elementor-element-e306e85 elementor-widget elementor-widget-heading\" data-id=\"e306e85\" data-element_type=\"widget\" data-widget_type=\"heading.default\">\n\t\t\t\t<div class=\"elementor-widget-container\">\n\t\t\t<h3 class=\"elementor-heading-title elementor-size-default\">WAS K\u00d6NNEN WIR TUN?<\/h3>\t\t<\/div>\n\t\t\t\t<\/div>\n\t\t\t\t<div class=\"elementor-element elementor-element-5b07734 elementor-widget elementor-widget-text-editor\" data-id=\"5b07734\" data-element_type=\"widget\" data-widget_type=\"text-editor.default\">\n\t\t\t\t<div class=\"elementor-widget-container\">\n\t\t\t\t\t\t\t\t<div class=\"elementor-text-editor elementor-clearfix\">\n\t\t\t\tViele Katastrophen (insbesondere Naturkatastrophen) k\u00f6nnen nicht verhindert werden, es gibt jedoch bestimmte M\u00f6glichkeiten, das Risiko einer Katastrophe zu minimieren, insbesondere durch Sensibilisierung f\u00fcr das Notfallmanagement \u00fcber die BeSafeNet-Website.\r\n\r\n&nbsp;\r\n\r\n<br>Da das Notfallmanagement in allen L\u00e4ndern auf staatlichen Managementsystemen auf lokaler, regionaler und nationaler Ebene basiert, jedoch auf einem genauen \u00f6ffentlichen Bewusstsein und Wissen \u00fcber Gefahren, Risiken und Pr\u00e4ventionsma\u00dfnahmen beruht, ist es wichtig, das Bewusstsein der Menschen f\u00fcr Folgendes zu sch\u00e4rfen:\r\n<ul>\r\n \t<li>Welche Katastrophenrisiken bestehen in bestimmten Gebieten?<\/li>\r\n \t<li>Wie sehen diese Risiken im Einzelnen aus?<\/li>\r\n \t<li>Wann k\u00f6nnen sie eintreten?<\/li>\r\n \t<li>Wie k\u00f6nnen ihre Folgen minimiert werden?<\/li>\r\n<\/ul>\r\nDiese Informationen sollten der breiten \u00d6ffentlichkeit direkt, \u00fcber Lehrer, \u00c4rzte, Vertreter lokaler Beh\u00f6rden, Katastrophenschutzdienste und auf andere Weise zug\u00e4nglich gemacht werden.\t\t\t\t\t<\/div>\n\t\t\t\t\t\t<\/div>\n\t\t\t\t<\/div>\n\t\t\t\t<div class=\"elementor-element elementor-element-b7a3626 elementor-widget elementor-widget-heading\" data-id=\"b7a3626\" data-element_type=\"widget\" data-widget_type=\"heading.default\">\n\t\t\t\t<div class=\"elementor-widget-container\">\n\t\t\t<h3 class=\"elementor-heading-title elementor-size-default\">WAS SIND DIE ZIELE DER INITIATIVE?<\/h3>\t\t<\/div>\n\t\t\t\t<\/div>\n\t\t\t\t<div class=\"elementor-element elementor-element-2344ede elementor-widget elementor-widget-text-editor\" data-id=\"2344ede\" data-element_type=\"widget\" data-widget_type=\"text-editor.default\">\n\t\t\t\t<div class=\"elementor-widget-container\">\n\t\t\t\t\t\t\t\t<div class=\"elementor-text-editor elementor-clearfix\">\n\t\t\t\tW\u00e4hrend sich staatliche Notfallmanagementsysteme in jedem Land mit unterschiedlichen Kontexten wie Rechtsgrundlage, F\u00e4higkeiten, Ressourcen, Verfahren usw. orientieren m\u00fcssen, ist das richtige Verhalten des Einzelnen entscheidend f\u00fcr sein \u00dcberleben.\r\n\r\n&nbsp;\r\n\r\n&nbsp;\r\n\r\n<br>Die BeSafeNet-Initiative konzentriert sich auf die Erreichung von drei Hauptzielen:\r\n<ul>\r\n \t<li>F\u00f6rderung einer Sicherheitskultur in der Bev\u00f6lkerung: Sensibilisierung f\u00fcr die Auswirkungen ihres Handelns und Denkens in Notf\u00e4llen.\r\n<ul>\r\n \t<li>Ersetzen Sie die Angst durch eine Kultur der Bereitschaft, Wissen in mehrsprachigen Gesellschaften verbreiten<\/li>\r\n \t<li>Erstellen Sie eine gemeinsame Wissensbasis f\u00fcr beste Erfahrungen<\/li>\r\n<\/ul>\r\n<\/li>\r\n \t<li>Verbreitung von Wissen in mehrsprachigen Gesellschaften:\r\n<ul>\r\n \t<li>Erstellen Sie eine gemeinsame Wissensbasis f\u00fcr beste Erfahrungen<\/li>\r\n \t<li>Verbreiten Sie Informationen in mehreren Sprachen, um sie einem breiteren Publikum zug\u00e4nglich zu machen<\/li>\r\n<\/ul>\r\n<\/li>\r\n \t<li>Nutzung als interaktives Werkzeug\r\n<ul>\r\n \t<li>Vermitteln Sie die BeSafeNet-Website f\u00fcr andere Benutzer und Organisationen, damit diese davon profitieren und kommentieren k\u00f6nnen<\/li>\r\n \t<li>Erg\u00e4nzn und bereichern Sie den Inhalt durch Beitr\u00e4ge, die auf Fachwissen basieren<\/li>\r\n<\/ul>\r\n<\/li>\r\n<\/ul>\t\t\t\t\t<\/div>\n\t\t\t\t\t\t<\/div>\n\t\t\t\t<\/div>\n\t\t\t\t<div class=\"elementor-element elementor-element-f0ffad7 elementor-widget elementor-widget-heading\" data-id=\"f0ffad7\" data-element_type=\"widget\" data-widget_type=\"heading.default\">\n\t\t\t\t<div class=\"elementor-widget-container\">\n\t\t\t<h3 class=\"elementor-heading-title elementor-size-default\">WAS IST UNSERE BESONDERHEIT?<\/h3>\t\t<\/div>\n\t\t\t\t<\/div>\n\t\t\t\t<div class=\"elementor-element elementor-element-c2b33fc elementor-widget elementor-widget-text-editor\" data-id=\"c2b33fc\" data-element_type=\"widget\" data-widget_type=\"text-editor.default\">\n\t\t\t\t<div class=\"elementor-widget-container\">\n\t\t\t\t\t\t\t\t<div class=\"elementor-text-editor elementor-clearfix\">\n\t\t\t\tHeutzutage gibt es im Internet zahlreiche Informationsquellen zu Gefahren und Notfallma\u00dfnahmen in vielen g\u00e4ngigen Sprachen. Allerdings ist gemeinsames Material selten in verschiedenen Sprachen aus derselben Quelle verf\u00fcgbar \u2013 und das ist das Besondere an der BeSafeNet-Initiative. BeSafeNet bietet Informationen f\u00fcr ein breites Publikum in sechs Sprachen. Durch das Surfen auf der Website haben Benutzer au\u00dferdem Zugriff auf n\u00fctzliche Informationen und Daten wie Fallstudien, gewonnene Erkenntnisse, Materialien zur Aufnahme in Lehrpl\u00e4ne sowie Fotos und Videos.\r\n\r\nDar\u00fcber hinaus zielt BeSafeNet darauf ab, \u00fcber die Bereitstellung des Online-\u00c4quivalents eines Lehrbuchs hinauszugehen und n\u00fctzliche Informationen in einer offenen und interaktiven Umgebung bereitzustellen, um vor allem das Interesse junger Menschen zu wecken. \u00dcber diese Website werden Sch\u00fcler mit Natur- und Technikgefahren, Risikopr\u00e4vention, Sensibilisierung und Ma\u00dfnahmen bei Katastrophen vertraut gemacht. BeSafeNet stellt ein leistungsstarkes Instrument dar, das Informationsaustausch und Kommunikation innerhalb und zwischen L\u00e4ndern erm\u00f6glicht. Dar\u00fcber hinaus finden Sch\u00fcler und Jugendliche einen gemeinsamen Nenner zum Meinungs- und Ideenaustausch in ihrer eigenen Sprache und erhalten Unterst\u00fctzung untereinander und von ihren Lehrern oder von Experten.\t\t\t\t\t<\/div>\n\t\t\t\t\t\t<\/div>\n\t\t\t\t<\/div>\n\t\t\t\t<div class=\"elementor-element elementor-element-c70181f elementor-widget elementor-widget-heading\" data-id=\"c70181f\" data-element_type=\"widget\" data-widget_type=\"heading.default\">\n\t\t\t\t<div class=\"elementor-widget-container\">\n\t\t\t<h3 class=\"elementor-heading-title elementor-size-default\">WIE K\u00d6NNEN SIE BEITRAGEN?<\/h3>\t\t<\/div>\n\t\t\t\t<\/div>\n\t\t\t\t<div class=\"elementor-element elementor-element-3e87796 elementor-widget elementor-widget-text-editor\" data-id=\"3e87796\" data-element_type=\"widget\" data-widget_type=\"text-editor.default\">\n\t\t\t\t<div class=\"elementor-widget-container\">\n\t\t\t\t\t\t\t\t<div class=\"elementor-text-editor elementor-clearfix\">\n\t\t\t\t<p>Die Besonderheit des auf der BeSafeNet-Website pr\u00e4sentierten Materials richtet sich nicht nur an Endbenutzer, sondern auch an die weitere Verbreitung \u00fcber andere Vermittler.<\/p>\n<p>Als <strong>B\u00fcrger <\/strong>verf\u00fcgen Sie \u00fcber grundlegende Informationen \u00fcber Gefahren und die grundlegenden Ma\u00dfnahmen, die Sie ergreifen m\u00fcssen, um Katastrophen zu verhindern und diesen zu begegnen, wenn sie eintreten.<\/p>\n<p>Als <strong>Lehrer<\/strong> haben Sie die M\u00f6glichkeit, zus\u00e4tzliche Informationen zu nutzen, um Ihren Sch\u00fclern Wissen \u00fcber Gefahren und Katastrophen zu vermitteln. In den meisten L\u00e4ndern gibt es in den Lehrpl\u00e4nen der Schulen keine solche Ausbildung, obwohl sie im Rahmen traditionellere F\u00e4cher wie Geographie oder Physik eingef\u00fchrt werden k\u00f6nnte.<\/p>\n<p>Als <strong>Student <\/strong>kann das bereitgestellte hochwertige Material f\u00fcr Ihre spezifische Ausbildung n\u00fctzlich sein, um Ihr Wissen \u00fcber Fragen im Zusammenhang mit der Reduzierung des Katastrophenrisikos zu erweitern, insbesondere als potenzielle zuk\u00fcnftige Fachkraft und Entscheidungstr\u00e4ger, die im sp\u00e4teren Berufsleben und auch als Vertreter der Zivilgesellschaft Einfluss darauf nehmen k\u00f6nnten, die Resilienz der Gesellschaft gegen\u00fcber Katastrophen zu erh\u00f6hen.<\/p>\n\t\t\t\t\t<\/div>\n\t\t\t\t\t\t<\/div>\n\t\t\t\t<\/div>\n\t\t\t\t<div class=\"elementor-element elementor-element-d8eabcb elementor-widget elementor-widget-heading\" data-id=\"d8eabcb\" data-element_type=\"widget\" data-widget_type=\"heading.default\">\n\t\t\t\t<div class=\"elementor-widget-container\">\n\t\t\t<h3 class=\"elementor-heading-title elementor-size-default\">Sind Katastrophen eine Bedrohung f\u00fcr die Menschenrechte?<\/h3>\t\t<\/div>\n\t\t\t\t<\/div>\n\t\t\t\t<div class=\"elementor-element elementor-element-b1f37a6 elementor-widget elementor-widget-text-editor\" data-id=\"b1f37a6\" data-element_type=\"widget\" data-widget_type=\"text-editor.default\">\n\t\t\t\t<div class=\"elementor-widget-container\">\n\t\t\t\t\t\t\t\t<div class=\"elementor-text-editor elementor-clearfix\">\n\t\t\t\t<p>Auf der Tagung des Menschenrechtsrats der Vereinten Nationen im Jahr 2019 wurde festgestellt, dass nichts die Ungleichheit und Diskriminierung so offenkundig macht wie eine Katastrophe und dass die Nichtanerkennung der Menschenrechte marginalisierte und gef\u00e4hrdete Gruppen hervorbringt, die Diskriminierung und Ausgrenzung ausgesetzt sind. Die Wahrscheinlichkeit, dass diese gef\u00e4hrdeten Bev\u00f6lkerungsgruppen unverh\u00e4ltnism\u00e4\u00dfig stark unter Katastrophen leiden, ist weitaus h\u00f6her. Nirgendwo wird dies deutlicher als an der Schnittstelle von Risiko, Klimawandel und Menschenrechten.<\/p>\n<p>Katastrophenvorsorge und -minderung sind daher auch ein Mittel zum Schutz und zur F\u00f6rderung der Menschenrechte.<\/p>\n\t\t\t\t\t<\/div>\n\t\t\t\t\t\t<\/div>\n\t\t\t\t<\/div>\n\t\t\t\t\t\t<\/div>\n\t\t\t\t\t<\/div>\n\t\t<\/div>\n\t\t\t\t\t\t\t\t<\/div>\n\t\t\t\t\t<\/div>\n\t\t<\/section>\n\t\t\t\t<section class=\"has_eae_slider elementor-section elementor-top-section elementor-element elementor-element-f3035fb elementor-section-boxed elementor-section-height-default elementor-section-height-default\" data-id=\"f3035fb\" data-element_type=\"section\">\n\t\t\t\t\t\t<div class=\"elementor-container elementor-column-gap-default\">\n\t\t\t\t\t\t\t<div class=\"elementor-row\">\n\t\t\t\t\t<div class=\"has_eae_slider elementor-column elementor-col-100 elementor-top-column elementor-element elementor-element-0835ecf\" data-id=\"0835ecf\" data-element_type=\"column\">\n\t\t\t<div class=\"elementor-column-wrap\">\n\t\t\t\t\t\t\t<div class=\"elementor-widget-wrap\">\n\t\t\t\t\t\t\t\t<\/div>\n\t\t\t\t\t<\/div>\n\t\t<\/div>\n\t\t\t\t\t\t\t\t<\/div>\n\t\t\t\t\t<\/div>\n\t\t<\/section>\n\t\t\t\t<section class=\"has_eae_slider elementor-section elementor-top-section elementor-element elementor-element-4ae830e elementor-section-boxed elementor-section-height-default elementor-section-height-default\" data-id=\"4ae830e\" data-element_type=\"section\">\n\t\t\t\t\t\t<div class=\"elementor-container elementor-column-gap-default\">\n\t\t\t\t\t\t\t<div class=\"elementor-row\">\n\t\t\t\t\t<div class=\"has_eae_slider elementor-column elementor-col-100 elementor-top-column elementor-element elementor-element-ffa3fd7\" data-id=\"ffa3fd7\" data-element_type=\"column\">\n\t\t\t<div class=\"elementor-column-wrap\">\n\t\t\t\t\t\t\t<div class=\"elementor-widget-wrap\">\n\t\t\t\t\t\t\t\t<\/div>\n\t\t\t\t\t<\/div>\n\t\t<\/div>\n\t\t\t\t\t\t\t\t<\/div>\n\t\t\t\t\t<\/div>\n\t\t<\/section>\n\t\t\t\t\t\t\t\t\t<\/div>\n\t\t\t<\/div>\n\t\t\t\t\t<\/div>\n\t\t","protected":false},"excerpt":{"rendered":"<p>Unsere Ziele WER SIND WIR? BeSafeNet zielt darauf ab, Informations- und Bildungsinhalte zu gro\u00dfen nat\u00fcrlichen Gefahren \u2013 beispielsweise geologische, hydrometeorologische und biologische einschlie\u00dflich Pandemien \u2013 und technologischen Gefahren \u2013 beispielsweise Dammbr\u00fcche, radiologische Notf\u00e4lle, chemische Notf\u00e4lle \u2013 und den damit verbundenen Katastrophen zu vermitteln. Die Informationen basieren auf fundiertem Fachwissen aus einem bereits bestehenden internationalen Netzwerk [&hellip;]<\/p>\n","protected":false},"author":1,"featured_media":0,"parent":0,"menu_order":0,"comment_status":"closed","ping_status":"closed","template":"","meta":{"_acf_changed":false,"footnotes":""},"acf":[],"yoast_head":"<!-- This site is optimized with the Yoast SEO plugin v22.1 - https:\/\/yoast.com\/wordpress\/plugins\/seo\/ -->\n<title>Unsere Ziele - BeSafeNet<\/title>\n<meta name=\"robots\" content=\"index, follow, max-snippet:-1, max-image-preview:large, max-video-preview:-1\" \/>\n<link rel=\"canonical\" href=\"https:\/\/besafenet.net\/de\/unsere-ziele\/\" \/>\n<meta property=\"og:locale\" content=\"de_DE\" \/>\n<meta property=\"og:type\" content=\"article\" \/>\n<meta property=\"og:title\" content=\"Unsere Ziele - BeSafeNet\" \/>\n<meta property=\"og:description\" content=\"Unsere Ziele WER SIND WIR? BeSafeNet zielt darauf ab, Informations- und Bildungsinhalte zu gro\u00dfen nat\u00fcrlichen Gefahren \u2013 beispielsweise geologische, hydrometeorologische und biologische einschlie\u00dflich Pandemien \u2013 und technologischen Gefahren \u2013 beispielsweise Dammbr\u00fcche, radiologische Notf\u00e4lle, chemische Notf\u00e4lle \u2013 und den damit verbundenen Katastrophen zu vermitteln. Die Informationen basieren auf fundiertem Fachwissen aus einem bereits bestehenden internationalen Netzwerk [&hellip;]\" \/>\n<meta property=\"og:url\" content=\"https:\/\/besafenet.net\/de\/unsere-ziele\/\" \/>\n<meta property=\"og:site_name\" content=\"BeSafeNet\" \/>\n<meta property=\"article:modified_time\" content=\"2024-06-12T06:08:30+00:00\" \/>\n<meta name=\"twitter:card\" content=\"summary_large_image\" \/>\n<meta name=\"twitter:label1\" content=\"Est. reading time\" \/>\n\t<meta name=\"twitter:data1\" content=\"7 Minuten\" \/>\n<script type=\"application\/ld+json\" class=\"yoast-schema-graph\">{\"@context\":\"https:\/\/schema.org\",\"@graph\":[{\"@type\":\"WebPage\",\"@id\":\"https:\/\/besafenet.net\/de\/unsere-ziele\/\",\"url\":\"https:\/\/besafenet.net\/de\/unsere-ziele\/\",\"name\":\"Unsere Ziele - BeSafeNet\",\"isPartOf\":{\"@id\":\"https:\/\/besafenet.net\/#website\"},\"datePublished\":\"2024-04-22T09:40:52+00:00\",\"dateModified\":\"2024-06-12T06:08:30+00:00\",\"breadcrumb\":{\"@id\":\"https:\/\/besafenet.net\/de\/unsere-ziele\/#breadcrumb\"},\"inLanguage\":\"de-DE\",\"potentialAction\":[{\"@type\":\"ReadAction\",\"target\":[\"https:\/\/besafenet.net\/de\/unsere-ziele\/\"]}]},{\"@type\":\"BreadcrumbList\",\"@id\":\"https:\/\/besafenet.net\/de\/unsere-ziele\/#breadcrumb\",\"itemListElement\":[{\"@type\":\"ListItem\",\"position\":1,\"name\":\"Home\",\"item\":\"https:\/\/besafenet.net\/\"},{\"@type\":\"ListItem\",\"position\":2,\"name\":\"Unsere Ziele\"}]},{\"@type\":\"WebSite\",\"@id\":\"https:\/\/besafenet.net\/#website\",\"url\":\"https:\/\/besafenet.net\/\",\"name\":\"BeSafeNet\",\"description\":\"\",\"publisher\":{\"@id\":\"https:\/\/besafenet.net\/#organization\"},\"potentialAction\":[{\"@type\":\"SearchAction\",\"target\":{\"@type\":\"EntryPoint\",\"urlTemplate\":\"https:\/\/besafenet.net\/?s={search_term_string}\"},\"query-input\":\"required name=search_term_string\"}],\"inLanguage\":\"de-DE\"},{\"@type\":\"Organization\",\"@id\":\"https:\/\/besafenet.net\/#organization\",\"name\":\"BeSafeNet\",\"url\":\"https:\/\/besafenet.net\/\",\"logo\":{\"@type\":\"ImageObject\",\"inLanguage\":\"de-DE\",\"@id\":\"https:\/\/besafenet.net\/#\/schema\/logo\/image\/\",\"url\":\"https:\/\/besafenet.net\/wp-content\/uploads\/2020\/11\/besafe-logo.svg\",\"contentUrl\":\"https:\/\/besafenet.net\/wp-content\/uploads\/2020\/11\/besafe-logo.svg\",\"width\":1,\"height\":1,\"caption\":\"BeSafeNet\"},\"image\":{\"@id\":\"https:\/\/besafenet.net\/#\/schema\/logo\/image\/\"}}]}<\/script>\n<!-- \/ Yoast SEO plugin. -->","yoast_head_json":{"title":"Unsere Ziele - BeSafeNet","robots":{"index":"index","follow":"follow","max-snippet":"max-snippet:-1","max-image-preview":"max-image-preview:large","max-video-preview":"max-video-preview:-1"},"canonical":"https:\/\/besafenet.net\/de\/unsere-ziele\/","og_locale":"de_DE","og_type":"article","og_title":"Unsere Ziele - BeSafeNet","og_description":"Unsere Ziele WER SIND WIR? BeSafeNet zielt darauf ab, Informations- und Bildungsinhalte zu gro\u00dfen nat\u00fcrlichen Gefahren \u2013 beispielsweise geologische, hydrometeorologische und biologische einschlie\u00dflich Pandemien \u2013 und technologischen Gefahren \u2013 beispielsweise Dammbr\u00fcche, radiologische Notf\u00e4lle, chemische Notf\u00e4lle \u2013 und den damit verbundenen Katastrophen zu vermitteln. Die Informationen basieren auf fundiertem Fachwissen aus einem bereits bestehenden internationalen Netzwerk [&hellip;]","og_url":"https:\/\/besafenet.net\/de\/unsere-ziele\/","og_site_name":"BeSafeNet","article_modified_time":"2024-06-12T06:08:30+00:00","twitter_card":"summary_large_image","twitter_misc":{"Est. reading time":"7 Minuten"},"schema":{"@context":"https:\/\/schema.org","@graph":[{"@type":"WebPage","@id":"https:\/\/besafenet.net\/de\/unsere-ziele\/","url":"https:\/\/besafenet.net\/de\/unsere-ziele\/","name":"Unsere Ziele - BeSafeNet","isPartOf":{"@id":"https:\/\/besafenet.net\/#website"},"datePublished":"2024-04-22T09:40:52+00:00","dateModified":"2024-06-12T06:08:30+00:00","breadcrumb":{"@id":"https:\/\/besafenet.net\/de\/unsere-ziele\/#breadcrumb"},"inLanguage":"de-DE","potentialAction":[{"@type":"ReadAction","target":["https:\/\/besafenet.net\/de\/unsere-ziele\/"]}]},{"@type":"BreadcrumbList","@id":"https:\/\/besafenet.net\/de\/unsere-ziele\/#breadcrumb","itemListElement":[{"@type":"ListItem","position":1,"name":"Home","item":"https:\/\/besafenet.net\/"},{"@type":"ListItem","position":2,"name":"Unsere Ziele"}]},{"@type":"WebSite","@id":"https:\/\/besafenet.net\/#website","url":"https:\/\/besafenet.net\/","name":"BeSafeNet","description":"","publisher":{"@id":"https:\/\/besafenet.net\/#organization"},"potentialAction":[{"@type":"SearchAction","target":{"@type":"EntryPoint","urlTemplate":"https:\/\/besafenet.net\/?s={search_term_string}"},"query-input":"required name=search_term_string"}],"inLanguage":"de-DE"},{"@type":"Organization","@id":"https:\/\/besafenet.net\/#organization","name":"BeSafeNet","url":"https:\/\/besafenet.net\/","logo":{"@type":"ImageObject","inLanguage":"de-DE","@id":"https:\/\/besafenet.net\/#\/schema\/logo\/image\/","url":"https:\/\/besafenet.net\/wp-content\/uploads\/2020\/11\/besafe-logo.svg","contentUrl":"https:\/\/besafenet.net\/wp-content\/uploads\/2020\/11\/besafe-logo.svg","width":1,"height":1,"caption":"BeSafeNet"},"image":{"@id":"https:\/\/besafenet.net\/#\/schema\/logo\/image\/"}}]}},"_links":{"self":[{"href":"https:\/\/besafenet.net\/de\/wp-json\/wp\/v2\/pages\/15674"}],"collection":[{"href":"https:\/\/besafenet.net\/de\/wp-json\/wp\/v2\/pages"}],"about":[{"href":"https:\/\/besafenet.net\/de\/wp-json\/wp\/v2\/types\/page"}],"author":[{"embeddable":true,"href":"https:\/\/besafenet.net\/de\/wp-json\/wp\/v2\/users\/1"}],"replies":[{"embeddable":true,"href":"https:\/\/besafenet.net\/de\/wp-json\/wp\/v2\/comments?post=15674"}],"version-history":[{"count":26,"href":"https:\/\/besafenet.net\/de\/wp-json\/wp\/v2\/pages\/15674\/revisions"}],"predecessor-version":[{"id":16305,"href":"https:\/\/besafenet.net\/de\/wp-json\/wp\/v2\/pages\/15674\/revisions\/16305"}],"wp:attachment":[{"href":"https:\/\/besafenet.net\/de\/wp-json\/wp\/v2\/media?parent=15674"}],"curies":[{"name":"wp","href":"https:\/\/api.w.org\/{rel}","templated":true}]}}