{"id":15892,"date":"2024-05-21T13:37:49","date_gmt":"2024-05-21T12:37:49","guid":{"rendered":"https:\/\/besafenet.net\/leaflet\/"},"modified":"2024-05-21T13:37:49","modified_gmt":"2024-05-21T12:37:49","slug":"leaflet","status":"publish","type":"page","link":"https:\/\/besafenet.net\/de\/leaflet\/","title":{"rendered":"Leaflet"},"content":{"rendered":"\t\t<div data-elementor-type=\"wp-page\" data-elementor-id=\"15892\" class=\"elementor elementor-15892 elementor-6538\">\n\t\t\t\t\t\t<div class=\"elementor-inner\">\n\t\t\t\t<div class=\"elementor-section-wrap\">\n\t\t\t\t\t\t\t\t\t<section class=\"has_eae_slider elementor-section elementor-top-section elementor-element elementor-element-f18492e elementor-section-boxed elementor-section-height-default elementor-section-height-default\" data-id=\"f18492e\" data-element_type=\"section\">\n\t\t\t\t\t\t<div class=\"elementor-container elementor-column-gap-default\">\n\t\t\t\t\t\t\t<div class=\"elementor-row\">\n\t\t\t\t\t<div class=\"has_eae_slider elementor-column elementor-col-100 elementor-top-column elementor-element elementor-element-d52d211\" data-id=\"d52d211\" data-element_type=\"column\">\n\t\t\t<div class=\"elementor-column-wrap elementor-element-populated\">\n\t\t\t\t\t\t\t<div class=\"elementor-widget-wrap\">\n\t\t\t\t\t\t<div class=\"elementor-element elementor-element-92e81c3 elementor-widget elementor-widget-heading\" data-id=\"92e81c3\" data-element_type=\"widget\" data-widget_type=\"heading.default\">\n\t\t\t\t<div class=\"elementor-widget-container\">\n\t\t\t<h1 class=\"elementor-heading-title elementor-size-default\">A new BeSafeNet leaflet<\/h1>\t\t<\/div>\n\t\t\t\t<\/div>\n\t\t\t\t<div class=\"elementor-element elementor-element-b3059a1 elementor-widget elementor-widget-text-editor\" data-id=\"b3059a1\" data-element_type=\"widget\" data-widget_type=\"text-editor.default\">\n\t\t\t\t<div class=\"elementor-widget-container\">\n\t\t\t\t\t\t\t\t<div class=\"elementor-text-editor elementor-clearfix\">\n\t\t\t\t<p>The new BeSafeNet leaflet is now out. In addition to providing information about the Olympiad, the leaflet clarifies how the BeSafeNet Project, the Olympiad and EUR-OPA are all inter-related.<\/p>\n\t\t\t\t\t<\/div>\n\t\t\t\t\t\t<\/div>\n\t\t\t\t<\/div>\n\t\t\t\t<div class=\"elementor-element elementor-element-dbe1ef4 elementor-widget elementor-widget-image\" data-id=\"dbe1ef4\" data-element_type=\"widget\" data-widget_type=\"image.default\">\n\t\t\t\t<div class=\"elementor-widget-container\">\n\t\t\t\t\t\t\t\t<div class=\"elementor-image\">\n\t\t\t\t\t\t\t\t\t\t\t\t<img loading=\"lazy\" decoding=\"async\" width=\"2339\" height=\"1654\" src=\"https:\/\/besafenet.net\/wp-content\/uploads\/2020\/11\/BeSafeNet-information-leaflet-print-1.jpg\" class=\"attachment-full size-full wp-image-6350\" alt=\"\" srcset=\"https:\/\/besafenet.net\/wp-content\/uploads\/2020\/11\/BeSafeNet-information-leaflet-print-1.jpg 2339w, https:\/\/besafenet.net\/wp-content\/uploads\/2020\/11\/BeSafeNet-information-leaflet-print-1-300x212.jpg 300w, https:\/\/besafenet.net\/wp-content\/uploads\/2020\/11\/BeSafeNet-information-leaflet-print-1-1024x724.jpg 1024w, https:\/\/besafenet.net\/wp-content\/uploads\/2020\/11\/BeSafeNet-information-leaflet-print-1-150x106.jpg 150w, https:\/\/besafenet.net\/wp-content\/uploads\/2020\/11\/BeSafeNet-information-leaflet-print-1-768x543.jpg 768w, https:\/\/besafenet.net\/wp-content\/uploads\/2020\/11\/BeSafeNet-information-leaflet-print-1-1536x1086.jpg 1536w, https:\/\/besafenet.net\/wp-content\/uploads\/2020\/11\/BeSafeNet-information-leaflet-print-1-2048x1448.jpg 2048w\" sizes=\"(max-width: 2339px) 100vw, 2339px\" \/>\t\t\t\t\t\t\t\t\t\t\t\t\t\t<\/div>\n\t\t\t\t\t\t<\/div>\n\t\t\t\t<\/div>\n\t\t\t\t<div class=\"elementor-element elementor-element-ffec4c6 elementor-widget elementor-widget-heading\" data-id=\"ffec4c6\" data-element_type=\"widget\" data-widget_type=\"heading.default\">\n\t\t\t\t<div class=\"elementor-widget-container\">\n\t\t\t<h2 class=\"elementor-heading-title elementor-size-default\">Why the ant Netty?<\/h2>\t\t<\/div>\n\t\t\t\t<\/div>\n\t\t\t\t<div class=\"elementor-element elementor-element-8395cf6 elementor-widget elementor-widget-text-editor\" data-id=\"8395cf6\" data-element_type=\"widget\" data-widget_type=\"text-editor.default\">\n\t\t\t\t<div class=\"elementor-widget-container\">\n\t\t\t\t\t\t\t\t<div class=\"elementor-text-editor elementor-clearfix\">\n\t\t\t\t<p>Ants are resilient. They can live in most ecosystems and survive disasters. Ants join forces to accomplish common work<\/p>\n<p>The Olympiad requires teamwork and knowledge of safety.<\/p>\n\t\t\t\t\t<\/div>\n\t\t\t\t\t\t<\/div>\n\t\t\t\t<\/div>\n\t\t\t\t<div class=\"elementor-element elementor-element-9bdf758 elementor-widget elementor-widget-text-editor\" data-id=\"9bdf758\" data-element_type=\"widget\" data-widget_type=\"text-editor.default\">\n\t\t\t\t<div class=\"elementor-widget-container\">\n\t\t\t\t\t\t\t\t<div class=\"elementor-text-editor elementor-clearfix\">\n\t\t\t\t<p>The leaflet is specifically designed with the\u00a0<strong>BeSafeNet audience<\/strong>\u00a0in mind &#8211;\u00a0<strong>teachers and pupils aged 11-16<\/strong>. In addition to English, the leaflet is also available in French and Russian.<\/p>\n\t\t\t\t\t<\/div>\n\t\t\t\t\t\t<\/div>\n\t\t\t\t<\/div>\n\t\t\t\t<div class=\"elementor-element elementor-element-6c67c65 elementor-widget elementor-widget-html\" data-id=\"6c67c65\" data-element_type=\"widget\" data-widget_type=\"html.default\">\n\t\t\t\t<div class=\"elementor-widget-container\">\n\t\t\t<div class=\"download-wrapper\">\r\n<a href=\"http:\/\/besafenet.dgmedialink.com\/wp-content\/uploads\/2020\/11\/BeSafeNet-information-leaflet-print.pdf\" target=\"_blank\" class=\"text-info\">\r\n    <img decoding=\"async\" src=\"\/wp-content\/uploads\/2020\/12\/bookmark.svg\"\/> Download Leaflet in English\r\n<\/a>\r\n<br>\r\n<a href=\"http:\/\/besafenet.dgmedialink.com\/wp-content\/uploads\/2020\/12\/BeSafeNet-information-leaflet-in-French.pdf.pdf\" target=\"_blank\" class=\"text-info\">\r\n    <img decoding=\"async\" src=\"\/wp-content\/uploads\/2020\/12\/bookmark.svg\"\/> T\u00e9l\u00e9charger la brochure en Fran\u00e7ais\r\n<\/a>\r\n<br>\r\n<a href=\"http:\/\/besafenet.dgmedialink.com\/wp-content\/uploads\/2020\/12\/BeSafeNet-information-leaflet-in-Russian.pdf.pdf\" target=\"_blank\" class=\"text-info\">\r\n    <img decoding=\"async\" src=\"\/wp-content\/uploads\/2020\/12\/bookmark.svg\"\/> \u0421\u043a\u0430\u0447\u0430\u0442\u044c \u0431\u0443\u043a\u043b\u0435\u0442 \u043d\u0430 \u0440\u0443\u0441\u0441\u043a\u043e\u043c \u044f\u0437\u044b\u043a\u0435\r\n<\/a>\r\n<\/div>\r\n\t\t<\/div>\n\t\t\t\t<\/div>\n\t\t\t\t\t\t<\/div>\n\t\t\t\t\t<\/div>\n\t\t<\/div>\n\t\t\t\t\t\t\t\t<\/div>\n\t\t\t\t\t<\/div>\n\t\t<\/section>\n\t\t\t\t\t\t\t\t\t<\/div>\n\t\t\t<\/div>\n\t\t\t\t\t<\/div>\n\t\t","protected":false},"excerpt":{"rendered":"<p>A new BeSafeNet leaflet The new BeSafeNet leaflet is now out. In addition to providing information about the Olympiad, the leaflet clarifies how the BeSafeNet Project, the Olympiad and EUR-OPA are all inter-related. Why the ant Netty? Ants are resilient. They can live in most ecosystems and survive disasters. Ants join forces to accomplish common [&hellip;]<\/p>\n","protected":false},"author":1,"featured_media":0,"parent":0,"menu_order":0,"comment_status":"closed","ping_status":"closed","template":"","meta":{"_acf_changed":false,"footnotes":""},"acf":[],"yoast_head":"<!-- This site is optimized with the Yoast SEO plugin v22.1 - https:\/\/yoast.com\/wordpress\/plugins\/seo\/ -->\n<title>Leaflet - BeSafeNet<\/title>\n<meta name=\"robots\" content=\"index, follow, max-snippet:-1, max-image-preview:large, max-video-preview:-1\" \/>\n<link rel=\"canonical\" href=\"https:\/\/besafenet.net\/leaflet\/\" \/>\n<meta property=\"og:locale\" content=\"de_DE\" \/>\n<meta property=\"og:type\" content=\"article\" \/>\n<meta property=\"og:title\" content=\"Leaflet - BeSafeNet\" \/>\n<meta property=\"og:description\" content=\"A new BeSafeNet leaflet The new BeSafeNet leaflet is now out. In addition to providing information about the Olympiad, the leaflet clarifies how the BeSafeNet Project, the Olympiad and EUR-OPA are all inter-related. Why the ant Netty? Ants are resilient. They can live in most ecosystems and survive disasters. Ants join forces to accomplish common [&hellip;]\" \/>\n<meta property=\"og:url\" content=\"https:\/\/besafenet.net\/leaflet\/\" \/>\n<meta property=\"og:site_name\" content=\"BeSafeNet\" \/>\n<meta property=\"og:image\" content=\"https:\/\/besafenet.net\/wp-content\/uploads\/2020\/11\/BeSafeNet-information-leaflet-print-1.jpg\" \/>\n<meta name=\"twitter:card\" content=\"summary_large_image\" \/>\n<meta name=\"twitter:label1\" content=\"Est. reading time\" \/>\n\t<meta name=\"twitter:data1\" content=\"1 Minute\" \/>\n<script type=\"application\/ld+json\" class=\"yoast-schema-graph\">{\"@context\":\"https:\/\/schema.org\",\"@graph\":[{\"@type\":\"WebPage\",\"@id\":\"https:\/\/besafenet.net\/leaflet\/\",\"url\":\"https:\/\/besafenet.net\/leaflet\/\",\"name\":\"Leaflet - BeSafeNet\",\"isPartOf\":{\"@id\":\"https:\/\/besafenet.net\/#website\"},\"datePublished\":\"2024-05-21T12:37:49+00:00\",\"dateModified\":\"2024-05-21T12:37:49+00:00\",\"breadcrumb\":{\"@id\":\"https:\/\/besafenet.net\/leaflet\/#breadcrumb\"},\"inLanguage\":\"de-DE\",\"potentialAction\":[{\"@type\":\"ReadAction\",\"target\":[\"https:\/\/besafenet.net\/leaflet\/\"]}]},{\"@type\":\"BreadcrumbList\",\"@id\":\"https:\/\/besafenet.net\/leaflet\/#breadcrumb\",\"itemListElement\":[{\"@type\":\"ListItem\",\"position\":1,\"name\":\"Home\",\"item\":\"https:\/\/besafenet.net\/\"},{\"@type\":\"ListItem\",\"position\":2,\"name\":\"Leaflet\"}]},{\"@type\":\"WebSite\",\"@id\":\"https:\/\/besafenet.net\/#website\",\"url\":\"https:\/\/besafenet.net\/\",\"name\":\"BeSafeNet\",\"description\":\"\",\"publisher\":{\"@id\":\"https:\/\/besafenet.net\/#organization\"},\"potentialAction\":[{\"@type\":\"SearchAction\",\"target\":{\"@type\":\"EntryPoint\",\"urlTemplate\":\"https:\/\/besafenet.net\/?s={search_term_string}\"},\"query-input\":\"required name=search_term_string\"}],\"inLanguage\":\"de-DE\"},{\"@type\":\"Organization\",\"@id\":\"https:\/\/besafenet.net\/#organization\",\"name\":\"BeSafeNet\",\"url\":\"https:\/\/besafenet.net\/\",\"logo\":{\"@type\":\"ImageObject\",\"inLanguage\":\"de-DE\",\"@id\":\"https:\/\/besafenet.net\/#\/schema\/logo\/image\/\",\"url\":\"https:\/\/besafenet.net\/wp-content\/uploads\/2020\/11\/besafe-logo.svg\",\"contentUrl\":\"https:\/\/besafenet.net\/wp-content\/uploads\/2020\/11\/besafe-logo.svg\",\"width\":1,\"height\":1,\"caption\":\"BeSafeNet\"},\"image\":{\"@id\":\"https:\/\/besafenet.net\/#\/schema\/logo\/image\/\"}}]}<\/script>\n<!-- \/ Yoast SEO plugin. -->","yoast_head_json":{"title":"Leaflet - BeSafeNet","robots":{"index":"index","follow":"follow","max-snippet":"max-snippet:-1","max-image-preview":"max-image-preview:large","max-video-preview":"max-video-preview:-1"},"canonical":"https:\/\/besafenet.net\/leaflet\/","og_locale":"de_DE","og_type":"article","og_title":"Leaflet - BeSafeNet","og_description":"A new BeSafeNet leaflet The new BeSafeNet leaflet is now out. In addition to providing information about the Olympiad, the leaflet clarifies how the BeSafeNet Project, the Olympiad and EUR-OPA are all inter-related. Why the ant Netty? Ants are resilient. They can live in most ecosystems and survive disasters. Ants join forces to accomplish common [&hellip;]","og_url":"https:\/\/besafenet.net\/leaflet\/","og_site_name":"BeSafeNet","og_image":[{"url":"https:\/\/besafenet.net\/wp-content\/uploads\/2020\/11\/BeSafeNet-information-leaflet-print-1.jpg"}],"twitter_card":"summary_large_image","twitter_misc":{"Est. reading time":"1 Minute"},"schema":{"@context":"https:\/\/schema.org","@graph":[{"@type":"WebPage","@id":"https:\/\/besafenet.net\/leaflet\/","url":"https:\/\/besafenet.net\/leaflet\/","name":"Leaflet - BeSafeNet","isPartOf":{"@id":"https:\/\/besafenet.net\/#website"},"datePublished":"2024-05-21T12:37:49+00:00","dateModified":"2024-05-21T12:37:49+00:00","breadcrumb":{"@id":"https:\/\/besafenet.net\/leaflet\/#breadcrumb"},"inLanguage":"de-DE","potentialAction":[{"@type":"ReadAction","target":["https:\/\/besafenet.net\/leaflet\/"]}]},{"@type":"BreadcrumbList","@id":"https:\/\/besafenet.net\/leaflet\/#breadcrumb","itemListElement":[{"@type":"ListItem","position":1,"name":"Home","item":"https:\/\/besafenet.net\/"},{"@type":"ListItem","position":2,"name":"Leaflet"}]},{"@type":"WebSite","@id":"https:\/\/besafenet.net\/#website","url":"https:\/\/besafenet.net\/","name":"BeSafeNet","description":"","publisher":{"@id":"https:\/\/besafenet.net\/#organization"},"potentialAction":[{"@type":"SearchAction","target":{"@type":"EntryPoint","urlTemplate":"https:\/\/besafenet.net\/?s={search_term_string}"},"query-input":"required name=search_term_string"}],"inLanguage":"de-DE"},{"@type":"Organization","@id":"https:\/\/besafenet.net\/#organization","name":"BeSafeNet","url":"https:\/\/besafenet.net\/","logo":{"@type":"ImageObject","inLanguage":"de-DE","@id":"https:\/\/besafenet.net\/#\/schema\/logo\/image\/","url":"https:\/\/besafenet.net\/wp-content\/uploads\/2020\/11\/besafe-logo.svg","contentUrl":"https:\/\/besafenet.net\/wp-content\/uploads\/2020\/11\/besafe-logo.svg","width":1,"height":1,"caption":"BeSafeNet"},"image":{"@id":"https:\/\/besafenet.net\/#\/schema\/logo\/image\/"}}]}},"_links":{"self":[{"href":"https:\/\/besafenet.net\/de\/wp-json\/wp\/v2\/pages\/15892"}],"collection":[{"href":"https:\/\/besafenet.net\/de\/wp-json\/wp\/v2\/pages"}],"about":[{"href":"https:\/\/besafenet.net\/de\/wp-json\/wp\/v2\/types\/page"}],"author":[{"embeddable":true,"href":"https:\/\/besafenet.net\/de\/wp-json\/wp\/v2\/users\/1"}],"replies":[{"embeddable":true,"href":"https:\/\/besafenet.net\/de\/wp-json\/wp\/v2\/comments?post=15892"}],"version-history":[{"count":1,"href":"https:\/\/besafenet.net\/de\/wp-json\/wp\/v2\/pages\/15892\/revisions"}],"predecessor-version":[{"id":15895,"href":"https:\/\/besafenet.net\/de\/wp-json\/wp\/v2\/pages\/15892\/revisions\/15895"}],"wp:attachment":[{"href":"https:\/\/besafenet.net\/de\/wp-json\/wp\/v2\/media?parent=15892"}],"curies":[{"name":"wp","href":"https:\/\/api.w.org\/{rel}","templated":true}]}}