{"id":12608,"date":"2023-07-27T09:38:51","date_gmt":"2023-07-27T08:38:51","guid":{"rendered":"https:\/\/besafenet.net\/vulnerabilities\/"},"modified":"2024-01-19T08:23:16","modified_gmt":"2024-01-19T07:23:16","slug":"vulnerability","status":"publish","type":"page","link":"https:\/\/besafenet.net\/fr\/vulnerability\/","title":{"rendered":"Vulnerabilit\u00e9"},"content":{"rendered":"\t\t<div data-elementor-type=\"wp-page\" data-elementor-id=\"12608\" class=\"elementor elementor-12608 elementor-12310\">\n\t\t\t\t\t\t<div class=\"elementor-inner\">\n\t\t\t\t<div class=\"elementor-section-wrap\">\n\t\t\t\t\t\t\t\t\t<section class=\"has_eae_slider elementor-section elementor-top-section elementor-element elementor-element-07e2493 elementor-section-boxed elementor-section-height-default elementor-section-height-default\" data-id=\"07e2493\" data-element_type=\"section\" data-settings=\"{&quot;background_background&quot;:&quot;classic&quot;}\">\n\t\t\t\t\t\t<div class=\"elementor-container elementor-column-gap-default\">\n\t\t\t\t\t\t\t<div class=\"elementor-row\">\n\t\t\t\t\t<div class=\"has_eae_slider elementor-column elementor-col-100 elementor-top-column elementor-element elementor-element-49a767f\" data-id=\"49a767f\" data-element_type=\"column\">\n\t\t\t<div class=\"elementor-column-wrap elementor-element-populated\">\n\t\t\t\t\t\t\t<div class=\"elementor-widget-wrap\">\n\t\t\t\t\t\t<div class=\"elementor-element elementor-element-77a7127 hazard-category-title elementor-widget elementor-widget-heading\" data-id=\"77a7127\" data-element_type=\"widget\" data-widget_type=\"heading.default\">\n\t\t\t\t<div class=\"elementor-widget-container\">\n\t\t\t<h2 class=\"elementor-heading-title elementor-size-default\">Vulnerabilit\u00e9<\/h2>\t\t<\/div>\n\t\t\t\t<\/div>\n\t\t\t\t<div class=\"elementor-element elementor-element-78930e8 elementor-widget elementor-widget-text-editor\" data-id=\"78930e8\" data-element_type=\"widget\" data-widget_type=\"text-editor.default\">\n\t\t\t\t<div class=\"elementor-widget-container\">\n\t\t\t\t\t\t\t\t<div class=\"elementor-text-editor elementor-clearfix\">\n\t\t\t\t<p><strong>Vuln\u00e9rabilit\u00e9 li\u00e9e aux risques<\/strong><\/p><p>La fr\u00e9quence et l&rsquo;intensit\u00e9 des risques naturels et technologiques ainsi que la vuln\u00e9rabilit\u00e9 des \u00e9l\u00e9ments touch\u00e9s et de la soci\u00e9t\u00e9 sont responsables des r\u00e9percussions n\u00e9gatives de ce risque.\u00a0 Par cons\u00e9quent, l&rsquo;\u00e9valuation de la vuln\u00e9rabilit\u00e9 est essentielle \u00e0 la r\u00e9duction de ces cons\u00e9quences et du risque associ\u00e9.<\/p><p>Pour mieux comprendre le concept de vuln\u00e9rabilit\u00e9, il est n\u00e9cessaire de reconna\u00eetre qu&rsquo;il est actuellement utilis\u00e9 par diverses disciplines (par exemple, structurelles, \u00e9conomiques, institutionnelles ou sociales) qui ont tendance \u00e0 mettre l&rsquo;accent sur diff\u00e9rents facteurs dans leur m\u00e9thodologie de mesure de la vuln\u00e9rabilit\u00e9. Par exemple, les sp\u00e9cialistes des sciences sociales consid\u00e8rent souvent la vuln\u00e9rabilit\u00e9 comme un indicateur des facteurs socio-\u00e9conomiques qui influencent la capacit\u00e9 de la soci\u00e9t\u00e9 \u00e0 faire face au stress ou aux changements n\u00e9gatifs (par exemple, la profession, l&rsquo;\u00e9ducation, le revenu, la richesse et le lieu de r\u00e9sidence).<\/p><p>D&rsquo;autre part, les sp\u00e9cialistes des sciences naturelles ont tendance \u00e0 consid\u00e9rer la vuln\u00e9rabilit\u00e9 comme l&rsquo;ampleur probable des pertes apr\u00e8s l&rsquo;exposition des \u00e9l\u00e9ments \u00e0 risque \u00e0 un ph\u00e9nom\u00e8ne dangereux d&rsquo;une ampleur et d&rsquo;une fr\u00e9quence donn\u00e9es. Une telle approche accorde une importance particuli\u00e8re \u00e0 la susceptibilit\u00e9 (par exemple, l&rsquo;exposition, la sensibilit\u00e9) des \u00e9l\u00e9ments physiques aux processus dangereux. Dans ce cas, une d\u00e9finition appropri\u00e9e de la vuln\u00e9rabilit\u00e9 peut se r\u00e9f\u00e9rer \u00e0 \u00ab\u00a0la susceptibilit\u00e9 de la vie, des biens ou de l&rsquo;environnement si un \u00e9v\u00e9nement dangereux sp\u00e9cifi\u00e9 devait se produire\u00a0\u00bb.<\/p><p>Au sein de la communaut\u00e9 des risques de catastrophes, le risque est d\u00e9fini par l&rsquo;exposition \u00e0 un danger et la vuln\u00e9rabilit\u00e9, qui repr\u00e9sente la relation entre la gravit\u00e9 du danger et le degr\u00e9 de dommages caus\u00e9s \u00e0 l&rsquo;\u00e9l\u00e9ment expos\u00e9. La Strat\u00e9gie internationale des Nations unies pour la pr\u00e9vention des catastrophes (UNISDR) d\u00e9finit la vuln\u00e9rabilit\u00e9 comme \u00ab\u00a0les caract\u00e9ristiques et les circonstances d&rsquo;une communaut\u00e9, d&rsquo;un syst\u00e8me ou d&rsquo;un bien qui le rendent sensible aux effets dommageables d&rsquo;un danger\u00a0\u00bb ; cette d\u00e9finition consid\u00e8re la vuln\u00e9rabilit\u00e9 comme un \u00e9tat \u00e9tabli g\u00e9n\u00e9r\u00e9 par les caract\u00e9ristiques des \u00e9l\u00e9ments \u00e0 risque.\u00a0 Au sein de la communaut\u00e9 du changement climatique, la vuln\u00e9rabilit\u00e9 a re\u00e7u une plus grande importance, \u00e9tant d\u00e9finie comme une fonction de l&rsquo;exposition, de la sensibilit\u00e9 et de la capacit\u00e9 d&rsquo;adaptation.<\/p><p>Plus r\u00e9cemment, les efforts du Bureau des Nations unies pour la r\u00e9duction des risques de catastrophe (UNDRR) et du Groupe d&rsquo;experts intergouvernemental sur l&rsquo;\u00e9volution du climat (GIEC) ont abouti \u00e0 une compr\u00e9hension plus mutuelle et collective du concept de vuln\u00e9rabilit\u00e9. Dans ce contexte, le cinqui\u00e8me rapport d&rsquo;\u00e9valuation du GIEC de 2014 fait r\u00e9f\u00e9rence \u00e0 la vuln\u00e9rabilit\u00e9 comme \u00ab\u00a0une expression de la propension ou de la pr\u00e9disposition \u00e0 subir des effets n\u00e9fastes. Cette pr\u00e9disposition constitue une caract\u00e9ristique interne des \u00e9l\u00e9ments (ou soci\u00e9t\u00e9s) affect\u00e9s et comprend les concepts de faire face, de r\u00e9sister et de se r\u00e9tablir ainsi que le manque de capacit\u00e9 \u00e0 faire face et \u00e0 s&rsquo;adapter aux effets n\u00e9fastes d&rsquo;un \u00e9v\u00e9nement physique.\u00a0\u00bb<\/p><p>Il ne fait \u00e9galement aucun doute que les activit\u00e9s humaines, par leurs \u00e9missions de gaz \u00e0 effet de serre au cours des quelques centaines d&rsquo;ann\u00e9es qui ont suivi la r\u00e9volution industrielle, lorsque le rythme des innovations techniques s&rsquo;est acc\u00e9l\u00e9r\u00e9, ont \u00e9t\u00e9 les principaux g\u00e9n\u00e9rateurs d&rsquo;un changement climatique rapide qui s&rsquo;est traduit par plusieurs ph\u00e9nom\u00e8nes dangereux entra\u00eenant des pertes humaines, des co\u00fbts \u00e9conomiques consid\u00e9rables et une d\u00e9gradation de l&rsquo;environnement. Il existe cependant un certain nombre de facteurs naturels qui contribuent \u00e9galement \u00e0 l&rsquo;\u00e9volution du syst\u00e8me climatique. Un certain nombre de cycles et de facteurs naturels entra\u00eenent une alternance de structures climatiques de r\u00e9chauffement et de refroidissement.\u00a0 Dans ce contexte, et en raison des nombreux \u00e9l\u00e9ments de l&rsquo;environnement naturel et anthropique qui sont tr\u00e8s vuln\u00e9rables \u00e0 ce ph\u00e9nom\u00e8ne, le th\u00e8me du changement climatique (ou, de mani\u00e8re plus appropri\u00e9e, du changement climatique induit par l&rsquo;homme) est abord\u00e9 sur le site web BeSafeNet, sous le titre <strong>La crise climatique<\/strong>, dans la section traitant du th\u00e8me de la vuln\u00e9rabilit\u00e9.<\/p><p class=\"MsoNormal\" style=\"text-align: justify;\"><span style=\"font-size: 1rem; text-align: left;\">N.B. l&rsquo;introduction ci-dessus au concept de vuln\u00e9rabilit\u00e9 li\u00e9e au risque a \u00e9t\u00e9 \u00e9labor\u00e9e sur la base de documents publi\u00e9s, en particulier :<\/span><\/p><p>Rizzo<sup>, <\/sup>A., Vandelli, V., Micallef , A.S., Buhagiar, G., Soldati, M., 2020. \u00c9valuation de la vuln\u00e9rabilit\u00e9 c\u00f4ti\u00e8re dans le secteur nord-est de l&rsquo;\u00eele de Gozo (Malte, mer M\u00e9diterran\u00e9e). <em>Water<\/em>\u00a02020,\u00a0<em>12<\/em>(5), 1405;\u00a0<a href=\"https:\/\/doi.org\/10.3390\/w12051405\">https:\/\/doi.org\/10.3390\/w12051405<\/a><\/p><p>Fuchs, S., Birkmann, J. &amp; Glade, T. \u00c9valuation de la vuln\u00e9rabilit\u00e9 dans l&rsquo;analyse des risques et des dangers naturels : approches actuelles et d\u00e9fis futurs.\u00a0<em>Nat Hazards<\/em>\u00a064, 1969\u20131975 (2012). <a href=\"https:\/\/doi.org\/10.1007\/s11069-012-0352-9\">https:\/\/doi.org\/10.1007\/s11069-012-0352-9<\/a><\/p><p><strong><em>For detailed in-text source citations, kindly refer to these documents.<\/em><\/strong><\/p>\t\t\t\t\t<\/div>\n\t\t\t\t\t\t<\/div>\n\t\t\t\t<\/div>\n\t\t\t\t<div class=\"elementor-element elementor-element-cba95b8 buttons-title elementor-hidden-desktop elementor-hidden-tablet elementor-hidden-mobile elementor-widget elementor-widget-heading\" data-id=\"cba95b8\" data-element_type=\"widget\" data-widget_type=\"heading.default\">\n\t\t\t\t<div class=\"elementor-widget-container\">\n\t\t\t<h4 class=\"elementor-heading-title elementor-size-default\">Vulnerabilit\u00e0<\/h4>\t\t<\/div>\n\t\t\t\t<\/div>\n\t\t\t\t<div class=\"elementor-element elementor-element-5310e9c elementor-widget elementor-widget-wp-widget-custom_html\" data-id=\"5310e9c\" data-element_type=\"widget\" data-widget_type=\"wp-widget-custom_html.default\">\n\t\t\t\t<div class=\"elementor-widget-container\">\n\t\t\t<div class=\"textwidget custom-html-widget\"><div class=\"button-list-wrapper pink-blend\">\r\n<div class=\"row\">\r\n<div class=\"col-xs-6 col-sm-4 col-md-3 mb-4\"><a id=\"cultural-1\" href=\"cultural-herritage\">Patrimoine Culturel<br \/>\r\n<\/a><\/div>\r\n<div class=\"col-xs-6 col-sm-4 col-md-3 mb-4\">\r\n<a href=\"\/fr\/vulnerability\/crise-climatique\/\" id=\"climate-crisis\">\r\nCrise Climatique\r\n<\/a>\r\n<\/div>\r\n<div class=\"col-xs-6 col-sm-4 col-md-3 mb-4\"><\/div>\r\n<div class=\"col-xs-6 col-sm-4 col-md-3 mb-4\"><\/div>\r\n<\/div>\r\n<\/div>\r\n<\/div>\t\t<\/div>\n\t\t\t\t<\/div>\n\t\t\t\t\t\t<\/div>\n\t\t\t\t\t<\/div>\n\t\t<\/div>\n\t\t\t\t\t\t\t\t<\/div>\n\t\t\t\t\t<\/div>\n\t\t<\/section>\n\t\t\t\t\t\t\t\t\t<\/div>\n\t\t\t<\/div>\n\t\t\t\t\t<\/div>\n\t\t","protected":false},"excerpt":{"rendered":"<p>Vuln\u00e9rabilit\u00e9 li\u00e9e aux risques La fr\u00e9quence et l&rsquo;intensit\u00e9 des risques naturels et technologiques ainsi que la vuln\u00e9rabilit\u00e9 des \u00e9l\u00e9ments touch\u00e9s et de la soci\u00e9t\u00e9 sont responsables des r\u00e9percussions n\u00e9gatives de ce risque.\u00a0 Par cons\u00e9quent, l&rsquo;\u00e9valuation de la vuln\u00e9rabilit\u00e9 est essentielle \u00e0 la r\u00e9duction de ces cons\u00e9quences et du risque associ\u00e9. Pour mieux comprendre le concept [&hellip;]<\/p>\n","protected":false},"author":1,"featured_media":0,"parent":0,"menu_order":0,"comment_status":"closed","ping_status":"closed","template":"","meta":{"_acf_changed":false,"footnotes":""},"acf":[],"yoast_head":"<!-- This site is optimized with the Yoast SEO plugin v22.1 - https:\/\/yoast.com\/wordpress\/plugins\/seo\/ -->\n<title>Vulnerabilit\u00e9 - BeSafeNet<\/title>\n<meta name=\"robots\" content=\"index, follow, max-snippet:-1, max-image-preview:large, max-video-preview:-1\" \/>\n<link rel=\"canonical\" href=\"https:\/\/besafenet.net\/fr\/vulnerability\/\" \/>\n<meta property=\"og:locale\" content=\"fr_FR\" \/>\n<meta property=\"og:type\" content=\"article\" \/>\n<meta property=\"og:title\" content=\"Vulnerabilit\u00e9 - BeSafeNet\" \/>\n<meta property=\"og:description\" content=\"Vuln\u00e9rabilit\u00e9 li\u00e9e aux risques La fr\u00e9quence et l&rsquo;intensit\u00e9 des risques naturels et technologiques ainsi que la vuln\u00e9rabilit\u00e9 des \u00e9l\u00e9ments touch\u00e9s et de la soci\u00e9t\u00e9 sont responsables des r\u00e9percussions n\u00e9gatives de ce risque.\u00a0 Par cons\u00e9quent, l&rsquo;\u00e9valuation de la vuln\u00e9rabilit\u00e9 est essentielle \u00e0 la r\u00e9duction de ces cons\u00e9quences et du risque associ\u00e9. Pour mieux comprendre le concept [&hellip;]\" \/>\n<meta property=\"og:url\" content=\"https:\/\/besafenet.net\/fr\/vulnerability\/\" \/>\n<meta property=\"og:site_name\" content=\"BeSafeNet\" \/>\n<meta property=\"article:modified_time\" content=\"2024-01-19T07:23:16+00:00\" \/>\n<meta name=\"twitter:card\" content=\"summary_large_image\" \/>\n<meta name=\"twitter:label1\" content=\"Est. reading time\" \/>\n\t<meta name=\"twitter:data1\" content=\"4 minutes\" \/>\n<script type=\"application\/ld+json\" class=\"yoast-schema-graph\">{\"@context\":\"https:\/\/schema.org\",\"@graph\":[{\"@type\":\"WebPage\",\"@id\":\"https:\/\/besafenet.net\/fr\/vulnerability\/\",\"url\":\"https:\/\/besafenet.net\/fr\/vulnerability\/\",\"name\":\"Vulnerabilit\u00e9 - BeSafeNet\",\"isPartOf\":{\"@id\":\"https:\/\/besafenet.net\/#website\"},\"datePublished\":\"2023-07-27T08:38:51+00:00\",\"dateModified\":\"2024-01-19T07:23:16+00:00\",\"breadcrumb\":{\"@id\":\"https:\/\/besafenet.net\/fr\/vulnerability\/#breadcrumb\"},\"inLanguage\":\"fr-FR\",\"potentialAction\":[{\"@type\":\"ReadAction\",\"target\":[\"https:\/\/besafenet.net\/fr\/vulnerability\/\"]}]},{\"@type\":\"BreadcrumbList\",\"@id\":\"https:\/\/besafenet.net\/fr\/vulnerability\/#breadcrumb\",\"itemListElement\":[{\"@type\":\"ListItem\",\"position\":1,\"name\":\"Home\",\"item\":\"https:\/\/besafenet.net\/el\/\"},{\"@type\":\"ListItem\",\"position\":2,\"name\":\"Vulnerabilit\u00e9\"}]},{\"@type\":\"WebSite\",\"@id\":\"https:\/\/besafenet.net\/#website\",\"url\":\"https:\/\/besafenet.net\/\",\"name\":\"BeSafeNet\",\"description\":\"\",\"publisher\":{\"@id\":\"https:\/\/besafenet.net\/#organization\"},\"potentialAction\":[{\"@type\":\"SearchAction\",\"target\":{\"@type\":\"EntryPoint\",\"urlTemplate\":\"https:\/\/besafenet.net\/?s={search_term_string}\"},\"query-input\":\"required name=search_term_string\"}],\"inLanguage\":\"fr-FR\"},{\"@type\":\"Organization\",\"@id\":\"https:\/\/besafenet.net\/#organization\",\"name\":\"BeSafeNet\",\"url\":\"https:\/\/besafenet.net\/\",\"logo\":{\"@type\":\"ImageObject\",\"inLanguage\":\"fr-FR\",\"@id\":\"https:\/\/besafenet.net\/#\/schema\/logo\/image\/\",\"url\":\"https:\/\/besafenet.net\/wp-content\/uploads\/2020\/11\/besafe-logo.svg\",\"contentUrl\":\"https:\/\/besafenet.net\/wp-content\/uploads\/2020\/11\/besafe-logo.svg\",\"width\":1,\"height\":1,\"caption\":\"BeSafeNet\"},\"image\":{\"@id\":\"https:\/\/besafenet.net\/#\/schema\/logo\/image\/\"}}]}<\/script>\n<!-- \/ Yoast SEO plugin. -->","yoast_head_json":{"title":"Vulnerabilit\u00e9 - BeSafeNet","robots":{"index":"index","follow":"follow","max-snippet":"max-snippet:-1","max-image-preview":"max-image-preview:large","max-video-preview":"max-video-preview:-1"},"canonical":"https:\/\/besafenet.net\/fr\/vulnerability\/","og_locale":"fr_FR","og_type":"article","og_title":"Vulnerabilit\u00e9 - BeSafeNet","og_description":"Vuln\u00e9rabilit\u00e9 li\u00e9e aux risques La fr\u00e9quence et l&rsquo;intensit\u00e9 des risques naturels et technologiques ainsi que la vuln\u00e9rabilit\u00e9 des \u00e9l\u00e9ments touch\u00e9s et de la soci\u00e9t\u00e9 sont responsables des r\u00e9percussions n\u00e9gatives de ce risque.\u00a0 Par cons\u00e9quent, l&rsquo;\u00e9valuation de la vuln\u00e9rabilit\u00e9 est essentielle \u00e0 la r\u00e9duction de ces cons\u00e9quences et du risque associ\u00e9. Pour mieux comprendre le concept [&hellip;]","og_url":"https:\/\/besafenet.net\/fr\/vulnerability\/","og_site_name":"BeSafeNet","article_modified_time":"2024-01-19T07:23:16+00:00","twitter_card":"summary_large_image","twitter_misc":{"Est. reading time":"4 minutes"},"schema":{"@context":"https:\/\/schema.org","@graph":[{"@type":"WebPage","@id":"https:\/\/besafenet.net\/fr\/vulnerability\/","url":"https:\/\/besafenet.net\/fr\/vulnerability\/","name":"Vulnerabilit\u00e9 - BeSafeNet","isPartOf":{"@id":"https:\/\/besafenet.net\/#website"},"datePublished":"2023-07-27T08:38:51+00:00","dateModified":"2024-01-19T07:23:16+00:00","breadcrumb":{"@id":"https:\/\/besafenet.net\/fr\/vulnerability\/#breadcrumb"},"inLanguage":"fr-FR","potentialAction":[{"@type":"ReadAction","target":["https:\/\/besafenet.net\/fr\/vulnerability\/"]}]},{"@type":"BreadcrumbList","@id":"https:\/\/besafenet.net\/fr\/vulnerability\/#breadcrumb","itemListElement":[{"@type":"ListItem","position":1,"name":"Home","item":"https:\/\/besafenet.net\/el\/"},{"@type":"ListItem","position":2,"name":"Vulnerabilit\u00e9"}]},{"@type":"WebSite","@id":"https:\/\/besafenet.net\/#website","url":"https:\/\/besafenet.net\/","name":"BeSafeNet","description":"","publisher":{"@id":"https:\/\/besafenet.net\/#organization"},"potentialAction":[{"@type":"SearchAction","target":{"@type":"EntryPoint","urlTemplate":"https:\/\/besafenet.net\/?s={search_term_string}"},"query-input":"required name=search_term_string"}],"inLanguage":"fr-FR"},{"@type":"Organization","@id":"https:\/\/besafenet.net\/#organization","name":"BeSafeNet","url":"https:\/\/besafenet.net\/","logo":{"@type":"ImageObject","inLanguage":"fr-FR","@id":"https:\/\/besafenet.net\/#\/schema\/logo\/image\/","url":"https:\/\/besafenet.net\/wp-content\/uploads\/2020\/11\/besafe-logo.svg","contentUrl":"https:\/\/besafenet.net\/wp-content\/uploads\/2020\/11\/besafe-logo.svg","width":1,"height":1,"caption":"BeSafeNet"},"image":{"@id":"https:\/\/besafenet.net\/#\/schema\/logo\/image\/"}}]}},"_links":{"self":[{"href":"https:\/\/besafenet.net\/fr\/wp-json\/wp\/v2\/pages\/12608"}],"collection":[{"href":"https:\/\/besafenet.net\/fr\/wp-json\/wp\/v2\/pages"}],"about":[{"href":"https:\/\/besafenet.net\/fr\/wp-json\/wp\/v2\/types\/page"}],"author":[{"embeddable":true,"href":"https:\/\/besafenet.net\/fr\/wp-json\/wp\/v2\/users\/1"}],"replies":[{"embeddable":true,"href":"https:\/\/besafenet.net\/fr\/wp-json\/wp\/v2\/comments?post=12608"}],"version-history":[{"count":24,"href":"https:\/\/besafenet.net\/fr\/wp-json\/wp\/v2\/pages\/12608\/revisions"}],"predecessor-version":[{"id":15146,"href":"https:\/\/besafenet.net\/fr\/wp-json\/wp\/v2\/pages\/12608\/revisions\/15146"}],"wp:attachment":[{"href":"https:\/\/besafenet.net\/fr\/wp-json\/wp\/v2\/media?parent=12608"}],"curies":[{"name":"wp","href":"https:\/\/api.w.org\/{rel}","templated":true}]}}