{"id":8883,"date":"2020-12-14T09:23:30","date_gmt":"2020-12-14T09:23:30","guid":{"rendered":"http:\/\/besafenet.dgmedialink.com\/risques\/"},"modified":"2023-07-31T08:50:11","modified_gmt":"2023-07-31T07:50:11","slug":"hazards","status":"publish","type":"page","link":"https:\/\/besafenet.net\/fr\/hazards\/","title":{"rendered":"Risques"},"content":{"rendered":"\t\t<div data-elementor-type=\"wp-page\" data-elementor-id=\"8883\" class=\"elementor elementor-8883 elementor-9\">\n\t\t\t\t\t\t<div class=\"elementor-inner\">\n\t\t\t\t<div class=\"elementor-section-wrap\">\n\t\t\t\t\t\t\t\t\t<section class=\"has_eae_slider elementor-section elementor-top-section elementor-element elementor-element-81747c0 elementor-section-boxed elementor-section-height-default elementor-section-height-default\" data-id=\"81747c0\" data-element_type=\"section\" id=\"natural\" data-settings=\"{&quot;background_background&quot;:&quot;classic&quot;}\">\n\t\t\t\t\t\t<div class=\"elementor-container elementor-column-gap-default\">\n\t\t\t\t\t\t\t<div class=\"elementor-row\">\n\t\t\t\t\t<div class=\"has_eae_slider elementor-column elementor-col-100 elementor-top-column elementor-element elementor-element-76f8534\" data-id=\"76f8534\" data-element_type=\"column\">\n\t\t\t<div class=\"elementor-column-wrap elementor-element-populated\">\n\t\t\t\t\t\t\t<div class=\"elementor-widget-wrap\">\n\t\t\t\t\t\t<div class=\"elementor-element elementor-element-96d7735 hazard-category-title elementor-widget elementor-widget-heading\" data-id=\"96d7735\" data-element_type=\"widget\" data-widget_type=\"heading.default\">\n\t\t\t\t<div class=\"elementor-widget-container\">\n\t\t\t<h2 class=\"elementor-heading-title elementor-size-default\">Al\u00e9as naturels<\/h2>\t\t<\/div>\n\t\t\t\t<\/div>\n\t\t\t\t<div class=\"elementor-element elementor-element-5e5766f elementor-widget elementor-widget-text-editor\" data-id=\"5e5766f\" data-element_type=\"widget\" data-widget_type=\"text-editor.default\">\n\t\t\t\t<div class=\"elementor-widget-container\">\n\t\t\t\t\t\t\t\t<div class=\"elementor-text-editor elementor-clearfix\">\n\t\t\t\t<p>Les\u00a0al\u00e9as naturels\u00a0sont des al\u00e9as attribuables \u00e0 des ph\u00e9nom\u00e8nes naturels qui peuvent impliquer une menace significative\u00a0pour la population, les infrastructures, les biens \u00e9conomiques et l&rsquo;environnement et peuvent donner lieu \u00e0 une catastrophe.<\/p><p>La magnitude d\u2019une catastrophe n&rsquo;est pas seulement due aux ph\u00e9nom\u00e8nes naturels car l&rsquo;activit\u00e9 humaine peut aggraver ou mitiger les risques, par exemple \u00e0 travers le degr\u00e9 d&rsquo;attention port\u00e9 la fa\u00e7on et le lieu o\u00f9 les habitations sont construites ou la mani\u00e8re dont les ressources naturelles sont exploit\u00e9es. Les catastrophes sont par cons\u00e9quent des \u00e9v\u00e9nements complexes et le probl\u00e8me de la pr\u00e9vention et mitigation de la catastrophe a des aspects vari\u00e9s.<\/p><p>Les risques naturels sont habituellement class\u00e9s en fonction de leur cause et sont\u00a0donc subdivis\u00e9s en \u00abrisques g\u00e9ologiques\u00bb, \u00abrisques hydrom\u00e9t\u00e9orologiques\u00a0\u00bb\u00a0<span style=\"font-size: 1rem;\">et \u00ab\u00a0risques biologiques\u00a0\u00bb.<\/span><\/p><p>Les\u00a0al\u00e9as g\u00e9ologiques\u00a0sont caus\u00e9s par les processus terrestres internes (\u00e9ruptions volcaniques et s\u00e9ismes)\u00a0ou externes (glissements de terrain). Les tsunamis peuvent \u00eatre inclus dans ces cat\u00e9gories car ils sont le plus souvent d\u00e9clench\u00e9s par des tremblements de terre sous-marins ; les tsunamis peuvent \u00e9galement \u00eatre g\u00e9n\u00e9r\u00e9s par d&rsquo;autres \u00e9v\u00e9nements.<\/p><p>Les\u00a0al\u00e9as hydrom\u00e9t\u00e9orologiques\u00a0sont le plus souvent des ph\u00e9nom\u00e8nes li\u00e9s au temps (tels que les inondations, la s\u00e9cheresse et la d\u00e9sertification, les feux de paysage, les avalanches, les ouragans\/ondes de temp\u00eate et l&rsquo;augmentation du niveau de la mer).<\/p><p>Les risques biologiques sont des dangers attribu\u00e9s \u00e0 des substances biologiques qui constituent une menace pour la sant\u00e9 des organismes vivants, principalement les humains. Il peut s&rsquo;agir d&rsquo;un \u00e9chantillon d&rsquo;un micro-organisme, d&rsquo;un virus, d&rsquo;un d\u00e9chet m\u00e9dical ou d&rsquo;une toxine qui peut nuire \u00e0 la sant\u00e9 humaine. Les dangers biologiques peuvent \u00e9galement \u00eatre nocifs pour d&rsquo;autres animaux.<\/p><p>Il est aussi important de souligner qu&rsquo;un type d&rsquo;al\u00e9a naturel peut d\u00e9clencher un autre al\u00e9a naturel (par exemple une temp\u00eate peut d\u00e9clencher des inondations, un tremblement de terre peut g\u00e9n\u00e9rer des tsunamis et des glissements de terrain, une \u00e9ruption volcanique peut provoquer des feux de for\u00eat) ou m\u00eame un accident technologique (par exemple un tsunami peut causer un accident nucl\u00e9aire, une rupture de barrage peut entra\u00eener des inondations).<\/p>\t\t\t\t\t<\/div>\n\t\t\t\t\t\t<\/div>\n\t\t\t\t<\/div>\n\t\t\t\t<div class=\"elementor-element elementor-element-bd54999 buttons-title elementor-widget elementor-widget-heading\" data-id=\"bd54999\" data-element_type=\"widget\" data-widget_type=\"heading.default\">\n\t\t\t\t<div class=\"elementor-widget-container\">\n\t\t\t<h4 class=\"elementor-heading-title elementor-size-default\">Aleas G\u00e9ologiques<\/h4>\t\t<\/div>\n\t\t\t\t<\/div>\n\t\t\t\t<div class=\"elementor-element elementor-element-3a3d79c elementor-widget elementor-widget-wp-widget-custom_html\" data-id=\"3a3d79c\" data-element_type=\"widget\" data-widget_type=\"wp-widget-custom_html.default\">\n\t\t\t\t<div class=\"elementor-widget-container\">\n\t\t\t<div class=\"textwidget custom-html-widget\"><div class=\"button-list-wrapper green-blend\">\r\n<div class=\"row\">\r\n<div class=\"col-xs-6 col-sm-4 col-md-3 mb-4\">\r\n<a href=\"earthquakes\" id=\"hazard-2\">\r\nS\u00e9isme\r\n<\/a>\r\n<\/div>\r\n<div class=\"col-xs-6 col-sm-4 col-md-3 mb-4\">\r\n<a href=\"tsunami\" id=\"hazard-3\">\r\nTsunami\r\n<\/a>\r\n<\/div>\r\n<div class=\"col-xs-6 col-sm-4 col-md-3 mb-4\">\r\n<a href=\"volcanic-eruptions\" id=\"hazard-4\">\r\nEruption volcanique\r\n<\/a>\r\n<\/div>\r\n<div class=\"col-xs-6 col-sm-4 col-md-3 mb-4\">\r\n<a href=\"landslides\" id=\"hazard-5\">\r\nGlissement de terrain\r\n<\/a>\r\n<\/div>\r\n<\/div>\r\n<\/div><\/div>\t\t<\/div>\n\t\t\t\t<\/div>\n\t\t\t\t<div class=\"elementor-element elementor-element-30016c6 buttons-title elementor-widget elementor-widget-heading\" data-id=\"30016c6\" data-element_type=\"widget\" data-widget_type=\"heading.default\">\n\t\t\t\t<div class=\"elementor-widget-container\">\n\t\t\t<h4 class=\"elementor-heading-title elementor-size-default\">Al\u00e9as Hydrom\u00e9t\u00e9orologiques<\/h4>\t\t<\/div>\n\t\t\t\t<\/div>\n\t\t\t\t<div class=\"elementor-element elementor-element-eed8b88 elementor-widget elementor-widget-wp-widget-custom_html\" data-id=\"eed8b88\" data-element_type=\"widget\" data-widget_type=\"wp-widget-custom_html.default\">\n\t\t\t\t<div class=\"elementor-widget-container\">\n\t\t\t<div class=\"textwidget custom-html-widget\"><div class=\"button-list-wrapper green-blend\">\r\n<div class=\"row\">\r\n<div class=\"col-xs-6 col-sm-4 col-md-3 mb-4\">\r\n<a href=\"sea-level-rise\" id=\"hazard-6\">\r\nHausse du niveau de la mer\r\n<\/a>\r\n<\/div>\r\n<div class=\"col-xs-6 col-sm-4 col-md-3 mb-4\">\r\n<a href=\"hurricanes-and-storm-surges\" id=\"hazard-7\">\r\nOuragans et ondes de temp\u00eate\r\n<\/a>\r\n<\/div>\r\n<div class=\"col-xs-6 col-sm-4 col-md-3 mb-4\">\r\n<a href=\"drought-and-desertification\" id=\"hazard-8\">\r\nS\u00e9cheresse et d\u00e9sertification\r\n<\/a>\r\n<\/div>\r\n<div class=\"col-xs-6 col-sm-4 col-md-3 mb-4\">\r\n<a href=\"avalanches\" id=\"hazard-9\">\r\nAvalanche\r\n<\/a>\r\n<\/div>\r\n<div class=\"col-xs-6 col-sm-4 col-md-3 mb-4\">\r\n<a href=\"landscape-fires\" id=\"hazard-1\">\r\nIncendies de Paysage\r\n<\/a>\r\n<\/div>\r\n<div class=\"col-xs-6 col-sm-4 col-md-3 mb-4\">\r\n<a href=\"floods\" id=\"hazard-10\">\r\nInondation\r\n<\/a>\r\n<\/div>\r\n<\/div>\r\n<\/div><\/div>\t\t<\/div>\n\t\t\t\t<\/div>\n\t\t\t\t<div class=\"elementor-element elementor-element-11fc213 buttons-title elementor-widget elementor-widget-heading\" data-id=\"11fc213\" data-element_type=\"widget\" data-widget_type=\"heading.default\">\n\t\t\t\t<div class=\"elementor-widget-container\">\n\t\t\t<h4 class=\"elementor-heading-title elementor-size-default\">Al\u00e9as \u0392iologiques<\/h4>\t\t<\/div>\n\t\t\t\t<\/div>\n\t\t\t\t<div class=\"elementor-element elementor-element-f3aaf40 elementor-widget elementor-widget-wp-widget-custom_html\" data-id=\"f3aaf40\" data-element_type=\"widget\" data-widget_type=\"wp-widget-custom_html.default\">\n\t\t\t\t<div class=\"elementor-widget-container\">\n\t\t\t<div class=\"textwidget custom-html-widget\"><div class=\"button-list-wrapper green-blend\">\r\n<div class=\"row\">\r\n<div class=\"col-xs-6 col-sm-4 col-md-3 mb-4\">\r\n<a href=\"pandemics\" id=\"hazard-14\">\r\nPand\u00e9mie\r\n<\/a>\r\n<\/div>\r\n<div class=\"col-xs-6 col-sm-4 col-md-3 mb-4\">\r\n\r\n<\/div>\r\n<div class=\"col-xs-6 col-sm-4 col-md-3 mb-4\">\r\n\r\n<\/div>\r\n<div class=\"col-xs-6 col-sm-4 col-md-3 mb-4\">\r\n\r\n<\/div>\r\n<div class=\"col-xs-6 col-sm-4 col-md-3 mb-4\">\r\n\r\n<\/div>\r\n<\/div>\r\n<\/div><\/div>\t\t<\/div>\n\t\t\t\t<\/div>\n\t\t\t\t\t\t<\/div>\n\t\t\t\t\t<\/div>\n\t\t<\/div>\n\t\t\t\t\t\t\t\t<\/div>\n\t\t\t\t\t<\/div>\n\t\t<\/section>\n\t\t\t\t<section class=\"has_eae_slider elementor-section elementor-top-section elementor-element elementor-element-3c9c8e5 elementor-section-boxed elementor-section-height-default elementor-section-height-default\" data-id=\"3c9c8e5\" data-element_type=\"section\" id=\"technological\" data-settings=\"{&quot;background_background&quot;:&quot;classic&quot;}\">\n\t\t\t\t\t\t<div class=\"elementor-container elementor-column-gap-default\">\n\t\t\t\t\t\t\t<div class=\"elementor-row\">\n\t\t\t\t\t<div class=\"has_eae_slider elementor-column elementor-col-100 elementor-top-column elementor-element elementor-element-5626de4\" data-id=\"5626de4\" data-element_type=\"column\">\n\t\t\t<div class=\"elementor-column-wrap elementor-element-populated\">\n\t\t\t\t\t\t\t<div class=\"elementor-widget-wrap\">\n\t\t\t\t\t\t<div class=\"elementor-element elementor-element-cd24614 hazard-category-title elementor-widget elementor-widget-heading\" data-id=\"cd24614\" data-element_type=\"widget\" data-widget_type=\"heading.default\">\n\t\t\t\t<div class=\"elementor-widget-container\">\n\t\t\t<h2 class=\"elementor-heading-title elementor-size-default\">Al\u00e9as technologiques<\/h2>\t\t<\/div>\n\t\t\t\t<\/div>\n\t\t\t\t<div class=\"elementor-element elementor-element-3329655 elementor-widget elementor-widget-text-editor\" data-id=\"3329655\" data-element_type=\"widget\" data-widget_type=\"text-editor.default\">\n\t\t\t\t<div class=\"elementor-widget-container\">\n\t\t\t\t\t\t\t\t<div class=\"elementor-text-editor elementor-clearfix\">\n\t\t\t\t<p>Les technologies modernes donnent aux personnes acc\u00e8s \u00e0 de nombreux biens mat\u00e9riels mais impliquent un risque accru du fait des mat\u00e9riaux et technologies utilis\u00e9s, tels que les substances radioactives ou toxiques.. Ces substances dangereuses sont pr\u00e9sentes partout dans le monde et principalement dans les installations industrielles et lors de leur transport par route, rail ou voies d&rsquo;eaux. Les accidents (tels que les feux, les explosions ou les fuites traduisant par l\u2019\u00e9mission de ces substances)\u00a0peuvent avoir des effets\u00a0n\u00e9gatifs\u00a0sur\u00a0la sant\u00e9 humaine, les biens et l\u2019environnement. L\u2019exposition humaine \u00e0 des substances dangereuses peut causer des blessures, voire la mort \u00e0 un grand nombre de personnes.<\/p>\n<p>Malheureusement, des accidents tels que l\u2019accident chimique de Bhopal en 1984\u00a0<a href=\"http:\/\/www.bhopal.com\/\">http:\/\/www.bhopal.com<\/a>\u00a0(environ 3,800 morts et plusieurs milliers de personnes souffrant d&rsquo;incapacit\u00e9s permanentes et partielles) ou l\u2019accident nucl\u00e9aire de Tchernobyl en 1986 (plus de 3 millions de personnes affect\u00e9es), ont d\u00e9montr\u00e9 le risque \u00e9lev\u00e9 associ\u00e9 \u00e0 ces mat\u00e9riaux dangereux (HAZMAT), qui peuvent \u00eatre \u00e9mis dans l\u2019environnement.<\/p>\n<p>Les accidents chimiques, radiologiques (nucl\u00e9aires) ou les ruptures de barrage sont le r\u00e9sultat de l&rsquo;activit\u00e9 humaine et sont donc une catastrophe caus\u00e9e par l&rsquo;homme ou technologique. Il y a d&rsquo;autres types de catastrophes caus\u00e9es par l&rsquo;homme li\u00e9es \u00e0 l&rsquo;effondrement de b\u00e2timents publics ou l&rsquo;interruption ou perte d&rsquo;un service collectif (\u00e9nergie, syst\u00e8me de soutien \u00e0 la vie, syst\u00e8me d&rsquo;information ou d&rsquo;un \u00e9quipement n\u00e9cessaire pour que les activit\u00e9s continuent). Les catastrophes chimiques, radiologiques ou\u00a0les ruptures de barrage peuvent affecter des millions de personnes de nombreux kilom\u00e8tres alentour, c&rsquo;est pourquoi ils sont des sujets importants pour notre analyse des risques.<\/p>\n\t\t\t\t\t<\/div>\n\t\t\t\t\t\t<\/div>\n\t\t\t\t<\/div>\n\t\t\t\t<div class=\"elementor-element elementor-element-220235c elementor-widget elementor-widget-wp-widget-custom_html\" data-id=\"220235c\" data-element_type=\"widget\" data-widget_type=\"wp-widget-custom_html.default\">\n\t\t\t\t<div class=\"elementor-widget-container\">\n\t\t\t<div class=\"textwidget custom-html-widget\"><div class=\"button-list-wrapper orange-blend\">\r\n<div class=\"row\">\r\n<div class=\"col-xs-6 col-sm-4 col-md-3 mb-4\">\r\n<a href=\"dam-failures\" id=\"hazard-11\">\r\nDam Failures\r\n<\/a>\r\n<\/div>\r\n<div class=\"col-xs-6 col-sm-4 col-md-3 mb-4\">\r\n<a href=\"radiological-emergencies\" id=\"hazard-12\">\r\nRadiological Emergencies\r\n<\/a>\r\n<\/div>\r\n<div class=\"col-xs-6 col-sm-4 col-md-3 mb-4\">\r\n<a href=\"chemical-emergencies\" id=\"hazard-13\">\r\nChemical Emergencies\r\n<\/a>\r\n<\/div>\r\n<div class=\"col-xs-6 col-sm-4 col-md-3 mb-4\">\r\n<\/div>\r\n<div class=\"col-xs-6 col-sm-4 col-md-3 mb-4\">\r\n<\/div>\r\n<\/div>\r\n<\/div><\/div>\t\t<\/div>\n\t\t\t\t<\/div>\n\t\t\t\t\t\t<\/div>\n\t\t\t\t\t<\/div>\n\t\t<\/div>\n\t\t\t\t\t\t\t\t<\/div>\n\t\t\t\t\t<\/div>\n\t\t<\/section>\n\t\t\t\t\t\t\t\t\t<\/div>\n\t\t\t<\/div>\n\t\t\t\t\t<\/div>\n\t\t","protected":false},"excerpt":{"rendered":"<p>Al\u00e9as naturels Les\u00a0al\u00e9as naturels\u00a0sont des al\u00e9as attribuables \u00e0 des ph\u00e9nom\u00e8nes naturels qui peuvent impliquer une menace significative\u00a0pour la population, les infrastructures, les biens \u00e9conomiques et l&rsquo;environnement et peuvent donner lieu \u00e0 une catastrophe. La magnitude d\u2019une catastrophe n&rsquo;est pas seulement due aux ph\u00e9nom\u00e8nes naturels car l&rsquo;activit\u00e9 humaine peut aggraver ou mitiger les risques, par exemple [&hellip;]<\/p>\n","protected":false},"author":1,"featured_media":0,"parent":0,"menu_order":0,"comment_status":"closed","ping_status":"closed","template":"","meta":{"_acf_changed":false,"footnotes":""},"acf":[],"yoast_head":"<!-- This site is optimized with the Yoast SEO plugin v22.1 - https:\/\/yoast.com\/wordpress\/plugins\/seo\/ -->\n<title>Risques - BeSafeNet<\/title>\n<meta name=\"robots\" content=\"index, follow, max-snippet:-1, max-image-preview:large, max-video-preview:-1\" \/>\n<link rel=\"canonical\" href=\"https:\/\/besafenet.net\/hazards\/\" \/>\n<meta property=\"og:locale\" content=\"fr_FR\" \/>\n<meta property=\"og:type\" content=\"article\" \/>\n<meta property=\"og:title\" content=\"Risques - BeSafeNet\" \/>\n<meta property=\"og:description\" content=\"Al\u00e9as naturels Les\u00a0al\u00e9as naturels\u00a0sont des al\u00e9as attribuables \u00e0 des ph\u00e9nom\u00e8nes naturels qui peuvent impliquer une menace significative\u00a0pour la population, les infrastructures, les biens \u00e9conomiques et l&rsquo;environnement et peuvent donner lieu \u00e0 une catastrophe. La magnitude d\u2019une catastrophe n&rsquo;est pas seulement due aux ph\u00e9nom\u00e8nes naturels car l&rsquo;activit\u00e9 humaine peut aggraver ou mitiger les risques, par exemple [&hellip;]\" \/>\n<meta property=\"og:url\" content=\"https:\/\/besafenet.net\/hazards\/\" \/>\n<meta property=\"og:site_name\" content=\"BeSafeNet\" \/>\n<meta property=\"article:modified_time\" content=\"2023-07-31T07:50:11+00:00\" \/>\n<meta name=\"twitter:card\" content=\"summary_large_image\" \/>\n<meta name=\"twitter:label1\" content=\"Est. reading time\" \/>\n\t<meta name=\"twitter:data1\" content=\"4 minutes\" \/>\n<script type=\"application\/ld+json\" class=\"yoast-schema-graph\">{\"@context\":\"https:\/\/schema.org\",\"@graph\":[{\"@type\":\"WebPage\",\"@id\":\"https:\/\/besafenet.net\/hazards\/\",\"url\":\"https:\/\/besafenet.net\/hazards\/\",\"name\":\"Risques - BeSafeNet\",\"isPartOf\":{\"@id\":\"https:\/\/besafenet.net\/#website\"},\"datePublished\":\"2020-12-14T09:23:30+00:00\",\"dateModified\":\"2023-07-31T07:50:11+00:00\",\"breadcrumb\":{\"@id\":\"https:\/\/besafenet.net\/hazards\/#breadcrumb\"},\"inLanguage\":\"fr-FR\",\"potentialAction\":[{\"@type\":\"ReadAction\",\"target\":[\"https:\/\/besafenet.net\/hazards\/\"]}]},{\"@type\":\"BreadcrumbList\",\"@id\":\"https:\/\/besafenet.net\/hazards\/#breadcrumb\",\"itemListElement\":[{\"@type\":\"ListItem\",\"position\":1,\"name\":\"Home\",\"item\":\"https:\/\/besafenet.net\/el\/\"},{\"@type\":\"ListItem\",\"position\":2,\"name\":\"Risques\"}]},{\"@type\":\"WebSite\",\"@id\":\"https:\/\/besafenet.net\/#website\",\"url\":\"https:\/\/besafenet.net\/\",\"name\":\"BeSafeNet\",\"description\":\"\",\"publisher\":{\"@id\":\"https:\/\/besafenet.net\/#organization\"},\"potentialAction\":[{\"@type\":\"SearchAction\",\"target\":{\"@type\":\"EntryPoint\",\"urlTemplate\":\"https:\/\/besafenet.net\/?s={search_term_string}\"},\"query-input\":\"required name=search_term_string\"}],\"inLanguage\":\"fr-FR\"},{\"@type\":\"Organization\",\"@id\":\"https:\/\/besafenet.net\/#organization\",\"name\":\"BeSafeNet\",\"url\":\"https:\/\/besafenet.net\/\",\"logo\":{\"@type\":\"ImageObject\",\"inLanguage\":\"fr-FR\",\"@id\":\"https:\/\/besafenet.net\/#\/schema\/logo\/image\/\",\"url\":\"https:\/\/besafenet.net\/wp-content\/uploads\/2020\/11\/besafe-logo.svg\",\"contentUrl\":\"https:\/\/besafenet.net\/wp-content\/uploads\/2020\/11\/besafe-logo.svg\",\"width\":1,\"height\":1,\"caption\":\"BeSafeNet\"},\"image\":{\"@id\":\"https:\/\/besafenet.net\/#\/schema\/logo\/image\/\"}}]}<\/script>\n<!-- \/ Yoast SEO plugin. -->","yoast_head_json":{"title":"Risques - BeSafeNet","robots":{"index":"index","follow":"follow","max-snippet":"max-snippet:-1","max-image-preview":"max-image-preview:large","max-video-preview":"max-video-preview:-1"},"canonical":"https:\/\/besafenet.net\/hazards\/","og_locale":"fr_FR","og_type":"article","og_title":"Risques - BeSafeNet","og_description":"Al\u00e9as naturels Les\u00a0al\u00e9as naturels\u00a0sont des al\u00e9as attribuables \u00e0 des ph\u00e9nom\u00e8nes naturels qui peuvent impliquer une menace significative\u00a0pour la population, les infrastructures, les biens \u00e9conomiques et l&rsquo;environnement et peuvent donner lieu \u00e0 une catastrophe. La magnitude d\u2019une catastrophe n&rsquo;est pas seulement due aux ph\u00e9nom\u00e8nes naturels car l&rsquo;activit\u00e9 humaine peut aggraver ou mitiger les risques, par exemple [&hellip;]","og_url":"https:\/\/besafenet.net\/hazards\/","og_site_name":"BeSafeNet","article_modified_time":"2023-07-31T07:50:11+00:00","twitter_card":"summary_large_image","twitter_misc":{"Est. reading time":"4 minutes"},"schema":{"@context":"https:\/\/schema.org","@graph":[{"@type":"WebPage","@id":"https:\/\/besafenet.net\/hazards\/","url":"https:\/\/besafenet.net\/hazards\/","name":"Risques - BeSafeNet","isPartOf":{"@id":"https:\/\/besafenet.net\/#website"},"datePublished":"2020-12-14T09:23:30+00:00","dateModified":"2023-07-31T07:50:11+00:00","breadcrumb":{"@id":"https:\/\/besafenet.net\/hazards\/#breadcrumb"},"inLanguage":"fr-FR","potentialAction":[{"@type":"ReadAction","target":["https:\/\/besafenet.net\/hazards\/"]}]},{"@type":"BreadcrumbList","@id":"https:\/\/besafenet.net\/hazards\/#breadcrumb","itemListElement":[{"@type":"ListItem","position":1,"name":"Home","item":"https:\/\/besafenet.net\/el\/"},{"@type":"ListItem","position":2,"name":"Risques"}]},{"@type":"WebSite","@id":"https:\/\/besafenet.net\/#website","url":"https:\/\/besafenet.net\/","name":"BeSafeNet","description":"","publisher":{"@id":"https:\/\/besafenet.net\/#organization"},"potentialAction":[{"@type":"SearchAction","target":{"@type":"EntryPoint","urlTemplate":"https:\/\/besafenet.net\/?s={search_term_string}"},"query-input":"required name=search_term_string"}],"inLanguage":"fr-FR"},{"@type":"Organization","@id":"https:\/\/besafenet.net\/#organization","name":"BeSafeNet","url":"https:\/\/besafenet.net\/","logo":{"@type":"ImageObject","inLanguage":"fr-FR","@id":"https:\/\/besafenet.net\/#\/schema\/logo\/image\/","url":"https:\/\/besafenet.net\/wp-content\/uploads\/2020\/11\/besafe-logo.svg","contentUrl":"https:\/\/besafenet.net\/wp-content\/uploads\/2020\/11\/besafe-logo.svg","width":1,"height":1,"caption":"BeSafeNet"},"image":{"@id":"https:\/\/besafenet.net\/#\/schema\/logo\/image\/"}}]}},"_links":{"self":[{"href":"https:\/\/besafenet.net\/fr\/wp-json\/wp\/v2\/pages\/8883"}],"collection":[{"href":"https:\/\/besafenet.net\/fr\/wp-json\/wp\/v2\/pages"}],"about":[{"href":"https:\/\/besafenet.net\/fr\/wp-json\/wp\/v2\/types\/page"}],"author":[{"embeddable":true,"href":"https:\/\/besafenet.net\/fr\/wp-json\/wp\/v2\/users\/1"}],"replies":[{"embeddable":true,"href":"https:\/\/besafenet.net\/fr\/wp-json\/wp\/v2\/comments?post=8883"}],"version-history":[{"count":24,"href":"https:\/\/besafenet.net\/fr\/wp-json\/wp\/v2\/pages\/8883\/revisions"}],"predecessor-version":[{"id":13141,"href":"https:\/\/besafenet.net\/fr\/wp-json\/wp\/v2\/pages\/8883\/revisions\/13141"}],"wp:attachment":[{"href":"https:\/\/besafenet.net\/fr\/wp-json\/wp\/v2\/media?parent=8883"}],"curies":[{"name":"wp","href":"https:\/\/api.w.org\/{rel}","templated":true}]}}