{"id":12610,"date":"2023-07-27T09:39:49","date_gmt":"2023-07-27T08:39:49","guid":{"rendered":"https:\/\/besafenet.net\/vulnerabilities\/"},"modified":"2023-11-16T15:44:03","modified_gmt":"2023-11-16T14:44:03","slug":"vulnerability","status":"publish","type":"page","link":"https:\/\/besafenet.net\/it\/vulnerability\/","title":{"rendered":"Vuln\u00e9rabilit\u00e9"},"content":{"rendered":"\t\t<div data-elementor-type=\"wp-page\" data-elementor-id=\"12610\" class=\"elementor elementor-12610 elementor-12310\">\n\t\t\t\t\t\t<div class=\"elementor-inner\">\n\t\t\t\t<div class=\"elementor-section-wrap\">\n\t\t\t\t\t\t\t\t\t<section class=\"has_eae_slider elementor-section elementor-top-section elementor-element elementor-element-07e2493 elementor-section-boxed elementor-section-height-default elementor-section-height-default\" data-id=\"07e2493\" data-element_type=\"section\" data-settings=\"{&quot;background_background&quot;:&quot;classic&quot;}\">\n\t\t\t\t\t\t<div class=\"elementor-container elementor-column-gap-default\">\n\t\t\t\t\t\t\t<div class=\"elementor-row\">\n\t\t\t\t\t<div class=\"has_eae_slider elementor-column elementor-col-100 elementor-top-column elementor-element elementor-element-49a767f\" data-id=\"49a767f\" data-element_type=\"column\">\n\t\t\t<div class=\"elementor-column-wrap elementor-element-populated\">\n\t\t\t\t\t\t\t<div class=\"elementor-widget-wrap\">\n\t\t\t\t\t\t<div class=\"elementor-element elementor-element-77a7127 hazard-category-title elementor-widget elementor-widget-heading\" data-id=\"77a7127\" data-element_type=\"widget\" data-widget_type=\"heading.default\">\n\t\t\t\t<div class=\"elementor-widget-container\">\n\t\t\t<h2 class=\"elementor-heading-title elementor-size-default\">Vuln\u00e9rabilit\u00e9<\/h2>\t\t<\/div>\n\t\t\t\t<\/div>\n\t\t\t\t<div class=\"elementor-element elementor-element-78930e8 elementor-widget elementor-widget-text-editor\" data-id=\"78930e8\" data-element_type=\"widget\" data-widget_type=\"text-editor.default\">\n\t\t\t\t<div class=\"elementor-widget-container\">\n\t\t\t\t\t\t\t\t<div class=\"elementor-text-editor elementor-clearfix\">\n\t\t\t\t<h4><strong>Vulnerabilit\u00e0 legata al rischio<\/strong><\/h4><p>La frequenza e l&#8217;intensit\u00e0 delle pericolosit\u00e0 naturali e tecnologiche, insieme alla vulnerabilit\u00e0 degli elementi colpiti e della societ\u00e0, sono responsabili delle ripercussioni negative di tali pericolosit\u00e0.\u00a0 Di conseguenza, la valutazione della vulnerabilit\u00e0 \u00e8 fondamentale per la riduzione di tali conseguenze e del rischio associato.<\/p><p>Per comprendere meglio il concetto di vulnerabilit\u00e0, \u00e8 necessario sapere che esso \u00e8 attualmente utilizzato da diverse discipline (ad esempio strutturali, economiche, istituzionali o sociali) che tendono a enfatizzare fattori diversi nella loro metodologia di misurazione della vulnerabilit\u00e0. Ad esempio, gli scienziati sociali spesso considerano la vulnerabilit\u00e0 come indicativa di quei fattori socio-economici che influenzano la capacit\u00e0 della societ\u00e0 di affrontare lo stress o i cambiamenti negativi (ad esempio, l&#8217;occupazione, l&#8217;istruzione, il reddito, la ricchezza e il luogo in cui si vive).<\/p><p>D&#8217;altra parte, gli scienziati di discipline naturalistiche tendono a considerare la vulnerabilit\u00e0 come la probabile entit\u00e0 della perdita dopo l&#8217;esposizione degli elementi a rischio a un fenomeno pericoloso di una determinata entit\u00e0 e frequenza. Tale approccio attribuisce una particolare enfasi alla suscettibilit\u00e0 (ad esempio, esposizione, sensibilit\u00e0) degli elementi fisici ai processi pericolosi. In questo caso, una definizione appropriata di vulnerabilit\u00e0 pu\u00f2 riferirsi come &#8220;La suscettibilit\u00e0 della vita, della propriet\u00e0 o dell&#8217;ambiente se si verificasse un determinato evento pericoloso&#8221;.<\/p><p>Nella comunit\u00e0 del rischio da catastrofi, il rischio \u00e8 definito dall&#8217;esposizione ad una pericolosit\u00e0 e dalla vulnerabilit\u00e0, che rappresenta la relazione tra la gravit\u00e0 della pericolosit\u00e0 e il grado di danno causato all&#8217;elemento esposto. La Strategia internazionale delle Nazioni Unite per la riduzione dei disastri (UNISDR) definisce la vulnerabilit\u00e0 come &#8220;le caratteristiche e le circostanze di una comunit\u00e0, di un sistema o di un bene che lo rendono suscettibile agli effetti dannosi di una pericolosit\u00e0&#8221;; questa definizione considera la vulnerabilit\u00e0 come uno stato consolidato generato dalle caratteristiche degli elementi a rischio.\u00a0 Nell&#8217;ambito della comunit\u00e0 dei cambiamenti climatici, alla vulnerabilit\u00e0 \u00e8 stata attribuita maggiore importanza, essendo definita come una funzione dell&#8217;esposizione, della sensibilit\u00e0 e della capacit\u00e0 di adattamento.<\/p><p>Pi\u00f9 recentemente, gli sforzi dell&#8217;Ufficio delle Nazioni Unite per la riduzione del rischio da disastri (UNDRR) e del Gruppo intergovernativo sui cambiamenti climatici (IPCC) hanno portato a una comprensione pi\u00f9 reciproca e collettiva del concetto di vulnerabilit\u00e0. In questo contesto, il Quinto Rapporto di Valutazione 2014 dell&#8217;IPCC si riferisce alla vulnerabilit\u00e0 come <em>&#8220;espressione della propensione o della predisposizione a subire effetti negativi. Tale predisposizione costituisce una caratteristica interna degli elementi (o delle societ\u00e0) colpiti e comprende i concetti di affrontare, resistere e recuperare e la mancanza di capacit\u00e0 di affrontare e adattarsi agli effetti negativi di un evento fisico&#8221;<\/em>.<\/p><p>Non c&#8217;\u00e8 dubbio che le attivit\u00e0 umane, attraverso il rilascio di gas a effetto serra nelle ultime centinaia di anni, a partire dalla rivoluzione industriale, quando il ritmo dell&#8217;innovazione tecnica ha accelerato, siano state le prime generatrici di un rapido cambiamento climatico che si \u00e8 espresso in diversi fenomeni pericolosi che hanno causato perdite di vite umane, ingenti costi economici e degrado ambientale Esistono tuttavia una serie di fattori naturali che contribuiscono ulteriormente al cambiamento del sistema climatico. Diversi cicli e fattori naturali determinano l&#8217;alternarsi di periodi\u00a0 climatici di riscaldamento e raffreddamento.\u00a0 In questo contesto, e a causa dei numerosi elementi dell&#8217;ambiente naturale e antropico che sono altamente vulnerabili a questo fenomeno, il tema del Cambiamento Climatico (o, pi\u00f9 propriamente, del Cambiamento Climatico indotto dall&#8217;uomo) viene affrontato all&#8217;interno del sito web di BeSafeNet come <strong>Crisi Climatica<\/strong> nella sezione dedicata alla vulnerabilit\u00e0.<\/p><p><em>N.B. La suddetta introduzione al concetto di vulnerabilit\u00e0 legata al rischio \u00e8 stata sviluppata sulla base di materiale pubblicato, in particolare: <\/em><\/p><p>Rizzo<sup>, <\/sup>A., Vandelli, V., Micallef , A.S., Buhagiar, G., Soldati, M., 2020. Coastal vulnerability assessment along the north-eastern sector of Gozo Island (Malta, Mediterranean Sea). <em>Water<\/em>\u00a02020,\u00a0<em>12<\/em>(5), 1405;\u00a0<a href=\"https:\/\/doi.org\/10.3390\/w12051405\">https:\/\/doi.org\/10.3390\/w12051405<\/a><\/p><p>Fuchs, S., Birkmann, J. &amp; Glade, T. Vulnerability assessment in natural hazard and risk analysis: current approaches and future challenges.\u00a0<em>Nat Hazards<\/em>\u00a064, 1969\u20131975 (2012). <a href=\"https:\/\/doi.org\/10.1007\/s11069-012-0352-9\">https:\/\/doi.org\/10.1007\/s11069-012-0352-9<\/a><\/p><p><strong><em>Per le citazioni dettagliate delle fonti nel testo, si prega di fare riferimento a questi documenti..<\/em><\/strong><\/p>\t\t\t\t\t<\/div>\n\t\t\t\t\t\t<\/div>\n\t\t\t\t<\/div>\n\t\t\t\t<div class=\"elementor-element elementor-element-cba95b8 buttons-title elementor-hidden-desktop elementor-hidden-tablet elementor-hidden-mobile elementor-widget elementor-widget-heading\" data-id=\"cba95b8\" data-element_type=\"widget\" data-widget_type=\"heading.default\">\n\t\t\t\t<div class=\"elementor-widget-container\">\n\t\t\t<h4 class=\"elementor-heading-title elementor-size-default\">Vuln\u00e9rabilit\u00e9<\/h4>\t\t<\/div>\n\t\t\t\t<\/div>\n\t\t\t\t<div class=\"elementor-element elementor-element-5310e9c elementor-widget elementor-widget-wp-widget-custom_html\" data-id=\"5310e9c\" data-element_type=\"widget\" data-widget_type=\"wp-widget-custom_html.default\">\n\t\t\t\t<div class=\"elementor-widget-container\">\n\t\t\t<div class=\"textwidget custom-html-widget\"><div class=\"button-list-wrapper pink-blend\">\r\n<div class=\"row\">\r\n<div class=\"col-xs-6 col-sm-4 col-md-3 mb-4\"><a id=\"cultural-1\" href=\"cultural-herritage\">Patrimonio Culturale<br \/>\r\n<\/a><\/div>\r\n<div class=\"col-xs-6 col-sm-4 col-md-3 mb-4\">\r\n<a href=\"\/it\/vulnerability\/crisi-climatica\/\" id=\"climate-crisis\">\r\nCrisi Climatica\r\n<\/a>\r\n<\/div>\r\n<div class=\"col-xs-6 col-sm-4 col-md-3 mb-4\"><\/div>\r\n<div class=\"col-xs-6 col-sm-4 col-md-3 mb-4\"><\/div>\r\n<\/div>\r\n<\/div>\r\n<\/div>\t\t<\/div>\n\t\t\t\t<\/div>\n\t\t\t\t\t\t<\/div>\n\t\t\t\t\t<\/div>\n\t\t<\/div>\n\t\t\t\t\t\t\t\t<\/div>\n\t\t\t\t\t<\/div>\n\t\t<\/section>\n\t\t\t\t\t\t\t\t\t<\/div>\n\t\t\t<\/div>\n\t\t\t\t\t<\/div>\n\t\t","protected":false},"excerpt":{"rendered":"<p>Vulnerabilit\u00e0 legata al rischio La frequenza e l&#8217;intensit\u00e0 delle pericolosit\u00e0 naturali e tecnologiche, insieme alla vulnerabilit\u00e0 degli elementi colpiti e della societ\u00e0, sono responsabili delle ripercussioni negative di tali pericolosit\u00e0.\u00a0 Di conseguenza, la valutazione della vulnerabilit\u00e0 \u00e8 fondamentale per la riduzione di tali conseguenze e del rischio associato. Per comprendere meglio il concetto di vulnerabilit\u00e0, [&hellip;]<\/p>\n","protected":false},"author":1,"featured_media":0,"parent":0,"menu_order":0,"comment_status":"closed","ping_status":"closed","template":"","meta":{"_acf_changed":false,"footnotes":""},"acf":[],"yoast_head":"<!-- This site is optimized with the Yoast SEO plugin v22.1 - https:\/\/yoast.com\/wordpress\/plugins\/seo\/ -->\n<title>Vuln\u00e9rabilit\u00e9 - BeSafeNet<\/title>\n<meta name=\"robots\" content=\"index, follow, max-snippet:-1, max-image-preview:large, max-video-preview:-1\" \/>\n<link rel=\"canonical\" href=\"https:\/\/besafenet.net\/ru\/vulnerability\/\" \/>\n<meta property=\"og:locale\" content=\"it_IT\" \/>\n<meta property=\"og:type\" content=\"article\" \/>\n<meta property=\"og:title\" content=\"Vuln\u00e9rabilit\u00e9 - BeSafeNet\" \/>\n<meta property=\"og:description\" content=\"Vulnerabilit\u00e0 legata al rischio La frequenza e l&#8217;intensit\u00e0 delle pericolosit\u00e0 naturali e tecnologiche, insieme alla vulnerabilit\u00e0 degli elementi colpiti e della societ\u00e0, sono responsabili delle ripercussioni negative di tali pericolosit\u00e0.\u00a0 Di conseguenza, la valutazione della vulnerabilit\u00e0 \u00e8 fondamentale per la riduzione di tali conseguenze e del rischio associato. Per comprendere meglio il concetto di vulnerabilit\u00e0, [&hellip;]\" \/>\n<meta property=\"og:url\" content=\"https:\/\/besafenet.net\/ru\/vulnerability\/\" \/>\n<meta property=\"og:site_name\" content=\"BeSafeNet\" \/>\n<meta property=\"article:modified_time\" content=\"2023-11-16T14:44:03+00:00\" \/>\n<meta name=\"twitter:card\" content=\"summary_large_image\" \/>\n<meta name=\"twitter:label1\" content=\"Est. reading time\" \/>\n\t<meta name=\"twitter:data1\" content=\"4 minuti\" \/>\n<script type=\"application\/ld+json\" class=\"yoast-schema-graph\">{\"@context\":\"https:\/\/schema.org\",\"@graph\":[{\"@type\":\"WebPage\",\"@id\":\"https:\/\/besafenet.net\/ru\/vulnerability\/\",\"url\":\"https:\/\/besafenet.net\/ru\/vulnerability\/\",\"name\":\"Vuln\u00e9rabilit\u00e9 - BeSafeNet\",\"isPartOf\":{\"@id\":\"https:\/\/besafenet.net\/#website\"},\"datePublished\":\"2023-07-27T08:39:49+00:00\",\"dateModified\":\"2023-11-16T14:44:03+00:00\",\"breadcrumb\":{\"@id\":\"https:\/\/besafenet.net\/ru\/vulnerability\/#breadcrumb\"},\"inLanguage\":\"it-IT\",\"potentialAction\":[{\"@type\":\"ReadAction\",\"target\":[\"https:\/\/besafenet.net\/ru\/vulnerability\/\"]}]},{\"@type\":\"BreadcrumbList\",\"@id\":\"https:\/\/besafenet.net\/ru\/vulnerability\/#breadcrumb\",\"itemListElement\":[{\"@type\":\"ListItem\",\"position\":1,\"name\":\"Home\",\"item\":\"https:\/\/besafenet.net\/el\/\"},{\"@type\":\"ListItem\",\"position\":2,\"name\":\"Vuln\u00e9rabilit\u00e9\"}]},{\"@type\":\"WebSite\",\"@id\":\"https:\/\/besafenet.net\/#website\",\"url\":\"https:\/\/besafenet.net\/\",\"name\":\"BeSafeNet\",\"description\":\"\",\"publisher\":{\"@id\":\"https:\/\/besafenet.net\/#organization\"},\"potentialAction\":[{\"@type\":\"SearchAction\",\"target\":{\"@type\":\"EntryPoint\",\"urlTemplate\":\"https:\/\/besafenet.net\/?s={search_term_string}\"},\"query-input\":\"required name=search_term_string\"}],\"inLanguage\":\"it-IT\"},{\"@type\":\"Organization\",\"@id\":\"https:\/\/besafenet.net\/#organization\",\"name\":\"BeSafeNet\",\"url\":\"https:\/\/besafenet.net\/\",\"logo\":{\"@type\":\"ImageObject\",\"inLanguage\":\"it-IT\",\"@id\":\"https:\/\/besafenet.net\/#\/schema\/logo\/image\/\",\"url\":\"https:\/\/besafenet.net\/wp-content\/uploads\/2020\/11\/besafe-logo.svg\",\"contentUrl\":\"https:\/\/besafenet.net\/wp-content\/uploads\/2020\/11\/besafe-logo.svg\",\"width\":1,\"height\":1,\"caption\":\"BeSafeNet\"},\"image\":{\"@id\":\"https:\/\/besafenet.net\/#\/schema\/logo\/image\/\"}}]}<\/script>\n<!-- \/ Yoast SEO plugin. -->","yoast_head_json":{"title":"Vuln\u00e9rabilit\u00e9 - BeSafeNet","robots":{"index":"index","follow":"follow","max-snippet":"max-snippet:-1","max-image-preview":"max-image-preview:large","max-video-preview":"max-video-preview:-1"},"canonical":"https:\/\/besafenet.net\/ru\/vulnerability\/","og_locale":"it_IT","og_type":"article","og_title":"Vuln\u00e9rabilit\u00e9 - BeSafeNet","og_description":"Vulnerabilit\u00e0 legata al rischio La frequenza e l&#8217;intensit\u00e0 delle pericolosit\u00e0 naturali e tecnologiche, insieme alla vulnerabilit\u00e0 degli elementi colpiti e della societ\u00e0, sono responsabili delle ripercussioni negative di tali pericolosit\u00e0.\u00a0 Di conseguenza, la valutazione della vulnerabilit\u00e0 \u00e8 fondamentale per la riduzione di tali conseguenze e del rischio associato. Per comprendere meglio il concetto di vulnerabilit\u00e0, [&hellip;]","og_url":"https:\/\/besafenet.net\/ru\/vulnerability\/","og_site_name":"BeSafeNet","article_modified_time":"2023-11-16T14:44:03+00:00","twitter_card":"summary_large_image","twitter_misc":{"Est. reading time":"4 minuti"},"schema":{"@context":"https:\/\/schema.org","@graph":[{"@type":"WebPage","@id":"https:\/\/besafenet.net\/ru\/vulnerability\/","url":"https:\/\/besafenet.net\/ru\/vulnerability\/","name":"Vuln\u00e9rabilit\u00e9 - BeSafeNet","isPartOf":{"@id":"https:\/\/besafenet.net\/#website"},"datePublished":"2023-07-27T08:39:49+00:00","dateModified":"2023-11-16T14:44:03+00:00","breadcrumb":{"@id":"https:\/\/besafenet.net\/ru\/vulnerability\/#breadcrumb"},"inLanguage":"it-IT","potentialAction":[{"@type":"ReadAction","target":["https:\/\/besafenet.net\/ru\/vulnerability\/"]}]},{"@type":"BreadcrumbList","@id":"https:\/\/besafenet.net\/ru\/vulnerability\/#breadcrumb","itemListElement":[{"@type":"ListItem","position":1,"name":"Home","item":"https:\/\/besafenet.net\/el\/"},{"@type":"ListItem","position":2,"name":"Vuln\u00e9rabilit\u00e9"}]},{"@type":"WebSite","@id":"https:\/\/besafenet.net\/#website","url":"https:\/\/besafenet.net\/","name":"BeSafeNet","description":"","publisher":{"@id":"https:\/\/besafenet.net\/#organization"},"potentialAction":[{"@type":"SearchAction","target":{"@type":"EntryPoint","urlTemplate":"https:\/\/besafenet.net\/?s={search_term_string}"},"query-input":"required name=search_term_string"}],"inLanguage":"it-IT"},{"@type":"Organization","@id":"https:\/\/besafenet.net\/#organization","name":"BeSafeNet","url":"https:\/\/besafenet.net\/","logo":{"@type":"ImageObject","inLanguage":"it-IT","@id":"https:\/\/besafenet.net\/#\/schema\/logo\/image\/","url":"https:\/\/besafenet.net\/wp-content\/uploads\/2020\/11\/besafe-logo.svg","contentUrl":"https:\/\/besafenet.net\/wp-content\/uploads\/2020\/11\/besafe-logo.svg","width":1,"height":1,"caption":"BeSafeNet"},"image":{"@id":"https:\/\/besafenet.net\/#\/schema\/logo\/image\/"}}]}},"_links":{"self":[{"href":"https:\/\/besafenet.net\/it\/wp-json\/wp\/v2\/pages\/12610"}],"collection":[{"href":"https:\/\/besafenet.net\/it\/wp-json\/wp\/v2\/pages"}],"about":[{"href":"https:\/\/besafenet.net\/it\/wp-json\/wp\/v2\/types\/page"}],"author":[{"embeddable":true,"href":"https:\/\/besafenet.net\/it\/wp-json\/wp\/v2\/users\/1"}],"replies":[{"embeddable":true,"href":"https:\/\/besafenet.net\/it\/wp-json\/wp\/v2\/comments?post=12610"}],"version-history":[{"count":26,"href":"https:\/\/besafenet.net\/it\/wp-json\/wp\/v2\/pages\/12610\/revisions"}],"predecessor-version":[{"id":14969,"href":"https:\/\/besafenet.net\/it\/wp-json\/wp\/v2\/pages\/12610\/revisions\/14969"}],"wp:attachment":[{"href":"https:\/\/besafenet.net\/it\/wp-json\/wp\/v2\/media?parent=12610"}],"curies":[{"name":"wp","href":"https:\/\/api.w.org\/{rel}","templated":true}]}}