{"id":8887,"date":"2020-12-14T09:25:07","date_gmt":"2020-12-14T09:25:07","guid":{"rendered":"http:\/\/besafenet.dgmedialink.com\/pericolosita-naturali\/"},"modified":"2023-07-31T09:00:13","modified_gmt":"2023-07-31T08:00:13","slug":"hazards","status":"publish","type":"page","link":"https:\/\/besafenet.net\/it\/hazards\/","title":{"rendered":"Pericolosit\u00e0"},"content":{"rendered":"\t\t<div data-elementor-type=\"wp-page\" data-elementor-id=\"8887\" class=\"elementor elementor-8887 elementor-9\">\n\t\t\t\t\t\t<div class=\"elementor-inner\">\n\t\t\t\t<div class=\"elementor-section-wrap\">\n\t\t\t\t\t\t\t\t\t<section class=\"has_eae_slider elementor-section elementor-top-section elementor-element elementor-element-81747c0 elementor-section-boxed elementor-section-height-default elementor-section-height-default\" data-id=\"81747c0\" data-element_type=\"section\" id=\"natural\" data-settings=\"{&quot;background_background&quot;:&quot;classic&quot;}\">\n\t\t\t\t\t\t<div class=\"elementor-container elementor-column-gap-default\">\n\t\t\t\t\t\t\t<div class=\"elementor-row\">\n\t\t\t\t\t<div class=\"has_eae_slider elementor-column elementor-col-100 elementor-top-column elementor-element elementor-element-76f8534\" data-id=\"76f8534\" data-element_type=\"column\">\n\t\t\t<div class=\"elementor-column-wrap elementor-element-populated\">\n\t\t\t\t\t\t\t<div class=\"elementor-widget-wrap\">\n\t\t\t\t\t\t<div class=\"elementor-element elementor-element-96d7735 hazard-category-title elementor-widget elementor-widget-heading\" data-id=\"96d7735\" data-element_type=\"widget\" data-widget_type=\"heading.default\">\n\t\t\t\t<div class=\"elementor-widget-container\">\n\t\t\t<h2 class=\"elementor-heading-title elementor-size-default\">Pericolosit\u00e0 Naturali<\/h2>\t\t<\/div>\n\t\t\t\t<\/div>\n\t\t\t\t<div class=\"elementor-element elementor-element-5e5766f elementor-widget elementor-widget-text-editor\" data-id=\"5e5766f\" data-element_type=\"widget\" data-widget_type=\"text-editor.default\">\n\t\t\t\t<div class=\"elementor-widget-container\">\n\t\t\t\t\t\t\t\t<div class=\"elementor-text-editor elementor-clearfix\">\n\t\t\t\t<p>Le pericolosit\u00e0 naturali sono pericolosit\u00e0 attribuibili a fenomeni naturali che comportano una significativa minaccia a persone, infrastrutture, beni economici e all\u2019ambiente e possono dar luogo a catastrofi.<\/p><p>L\u2019entit\u00e0 di una catastrofe non \u00e8 interamente riconducibile ai soli fenomeni naturali. Le attivit\u00e0 dell\u2019uomo, infatti, possono amplificare o attenuare i rischi attraverso, ad esempio, il grado di consapevolezza sul dove e come gli insediamenti sono realizzati o sul come le risorse naturali vengono sfruttate. Le catastrofi sono, pertanto, eventi complessi e il problema della loro prevenzione e mitigazione pu\u00f2 mostrare molteplici risvolti.<\/p><p>Le pericolosit\u00e0 naturali vengono solitamente catalogate sulla base delle loro cause e sono, pertanto, classificate in \u201cPericolosit\u00e0 geologiche\u201d , \u00a0\u201cPericolosit\u00e0 idro-meteorologiche\u201d e\u00a0 &#8220;Pericolosit\u00e0\u00a0 biologiche\u201d.<\/p><p>Le\u00a0pericolosit\u00e0 geologiche\u00a0sono causate da processi endogeni (eruzioni vulcaniche e terremoti) o esogeni (frane). Gli tsunami (maremoti) possono essere inseriti all\u2019interno di questa categoria poich\u00e9 sono provocati da terremoti sottomarini e da altri eventi geologici.<\/p><p>Le\u00a0pericolosit\u00e0 idro-meteorologiche\u00a0sono, per la maggior parte, fenomeni collegati ad eventi meteorologici (come le alluvioni, siccit\u00e0\/desertificazione, incendi paesaggistici valanghe, uragani\/sovralzi di tempesta ed innalzamento del livello del mare).<\/p><p>Le pericolosit\u00e0 biologiche sono pericolosit\u00e0 attribuite a sostanze biologiche che costituiscono una minaccia per la salute degli organismi viventi, in primo luogo gli esseri umani. Ci\u00f2 potrebbe includere un campione di un microrganismo, virus, rifiuti medici o tossici che possono influire negativamente sulla salute umana. Le pericolosit\u00e0 biologiche potrebbero anche essere dannose anche per gli animali.<\/p>\t\t\t\t\t<\/div>\n\t\t\t\t\t\t<\/div>\n\t\t\t\t<\/div>\n\t\t\t\t<div class=\"elementor-element elementor-element-bd54999 buttons-title elementor-widget elementor-widget-heading\" data-id=\"bd54999\" data-element_type=\"widget\" data-widget_type=\"heading.default\">\n\t\t\t\t<div class=\"elementor-widget-container\">\n\t\t\t<h4 class=\"elementor-heading-title elementor-size-default\">Pericolosit\u00e0 geologiche<\/h4>\t\t<\/div>\n\t\t\t\t<\/div>\n\t\t\t\t<div class=\"elementor-element elementor-element-3a3d79c elementor-widget elementor-widget-wp-widget-custom_html\" data-id=\"3a3d79c\" data-element_type=\"widget\" data-widget_type=\"wp-widget-custom_html.default\">\n\t\t\t\t<div class=\"elementor-widget-container\">\n\t\t\t<div class=\"textwidget custom-html-widget\"><div class=\"button-list-wrapper green-blend\">\r\n<div class=\"row\">\r\n<div class=\"col-xs-6 col-sm-4 col-md-3 mb-4\">\r\n<a href=\"earthquakes\" id=\"hazard-2\">\r\nTerremoti\r\n<\/a>\r\n<\/div>\r\n<div class=\"col-xs-6 col-sm-4 col-md-3 mb-4\">\r\n<a href=\"tsunami\" id=\"hazard-3\">\r\nMaremoti\r\n<\/a>\r\n<\/div>\r\n<div class=\"col-xs-6 col-sm-4 col-md-3 mb-4\">\r\n<a href=\"volcanic-eruptions\" id=\"hazard-4\">\r\nEruzioni Vulcaniche\r\n<\/a>\r\n<\/div>\r\n<div class=\"col-xs-6 col-sm-4 col-md-3 mb-4\">\r\n<a href=\"landslides\" id=\"hazard-5\">\r\nFrane\r\n<\/a>\r\n<\/div>\r\n<\/div>\r\n<\/div><\/div>\t\t<\/div>\n\t\t\t\t<\/div>\n\t\t\t\t<div class=\"elementor-element elementor-element-30016c6 buttons-title elementor-widget elementor-widget-heading\" data-id=\"30016c6\" data-element_type=\"widget\" data-widget_type=\"heading.default\">\n\t\t\t\t<div class=\"elementor-widget-container\">\n\t\t\t<h4 class=\"elementor-heading-title elementor-size-default\">Pericolosit\u00e0 Idro-Meteorologiche<\/h4>\t\t<\/div>\n\t\t\t\t<\/div>\n\t\t\t\t<div class=\"elementor-element elementor-element-eed8b88 elementor-widget elementor-widget-wp-widget-custom_html\" data-id=\"eed8b88\" data-element_type=\"widget\" data-widget_type=\"wp-widget-custom_html.default\">\n\t\t\t\t<div class=\"elementor-widget-container\">\n\t\t\t<div class=\"textwidget custom-html-widget\"><div class=\"button-list-wrapper green-blend\">\r\n<div class=\"row\">\r\n<div class=\"col-xs-6 col-sm-4 col-md-3 mb-4\">\r\n<a href=\"sea-level-rise\" id=\"hazard-6\">\r\nInnalzamento livello del mare\r\n<\/a>\r\n<\/div>\r\n<div class=\"col-xs-6 col-sm-4 col-md-3 mb-4\">\r\n<a href=\"hurricanes-and-storm-surges\" id=\"hazard-7\">\r\nUragani e sovralzo di tempesta\r\n<\/a>\r\n<\/div>\r\n<div class=\"col-xs-6 col-sm-4 col-md-3 mb-4\">\r\n<a href=\"drought-and-desertification\" id=\"hazard-8\">\r\nSiccit\u00e0 e Desertificazione\r\n<\/a>\r\n<\/div>\r\n<div class=\"col-xs-6 col-sm-4 col-md-3 mb-4\">\r\n<a href=\"avalanches\" id=\"hazard-9\">\r\nValanghe\r\n<\/a>\r\n<\/div>\r\n<div class=\"col-xs-6 col-sm-4 col-md-3 mb-4\">\r\n<a href=\"landscape-fires\" id=\"hazard-1\">\r\nIncendi paesaggistici\r\n<\/a>\r\n<\/div>\r\n<div class=\"col-xs-6 col-sm-4 col-md-3 mb-4\">\r\n<a href=\"floods\" id=\"hazard-10\">\r\nAlluvioni\r\n<\/a>\r\n<\/div>\r\n<\/div>\r\n<\/div><\/div>\t\t<\/div>\n\t\t\t\t<\/div>\n\t\t\t\t<div class=\"elementor-element elementor-element-11fc213 buttons-title elementor-widget elementor-widget-heading\" data-id=\"11fc213\" data-element_type=\"widget\" data-widget_type=\"heading.default\">\n\t\t\t\t<div class=\"elementor-widget-container\">\n\t\t\t<h4 class=\"elementor-heading-title elementor-size-default\">Pericolosit\u00e0 Biologiche<\/h4>\t\t<\/div>\n\t\t\t\t<\/div>\n\t\t\t\t<div class=\"elementor-element elementor-element-f3aaf40 elementor-widget elementor-widget-wp-widget-custom_html\" data-id=\"f3aaf40\" data-element_type=\"widget\" data-widget_type=\"wp-widget-custom_html.default\">\n\t\t\t\t<div class=\"elementor-widget-container\">\n\t\t\t<div class=\"textwidget custom-html-widget\"><div class=\"button-list-wrapper green-blend\">\r\n<div class=\"row\">\r\n<div class=\"col-xs-6 col-sm-4 col-md-3 mb-4\">\r\n<a href=\"pandemics\" id=\"hazard-14\">\r\nPandemie\r\n<\/a>\r\n<\/div>\r\n<div class=\"col-xs-6 col-sm-4 col-md-3 mb-4\">\r\n\r\n<\/div>\r\n<div class=\"col-xs-6 col-sm-4 col-md-3 mb-4\">\r\n\r\n<\/div>\r\n<div class=\"col-xs-6 col-sm-4 col-md-3 mb-4\">\r\n\r\n<\/div>\r\n<div class=\"col\">\r\n\r\n<\/div>\r\n<\/div>\r\n<\/div><\/div>\t\t<\/div>\n\t\t\t\t<\/div>\n\t\t\t\t\t\t<\/div>\n\t\t\t\t\t<\/div>\n\t\t<\/div>\n\t\t\t\t\t\t\t\t<\/div>\n\t\t\t\t\t<\/div>\n\t\t<\/section>\n\t\t\t\t<section class=\"has_eae_slider elementor-section elementor-top-section elementor-element elementor-element-3c9c8e5 elementor-section-boxed elementor-section-height-default elementor-section-height-default\" data-id=\"3c9c8e5\" data-element_type=\"section\" id=\"technological\" data-settings=\"{&quot;background_background&quot;:&quot;classic&quot;}\">\n\t\t\t\t\t\t<div class=\"elementor-container elementor-column-gap-default\">\n\t\t\t\t\t\t\t<div class=\"elementor-row\">\n\t\t\t\t\t<div class=\"has_eae_slider elementor-column elementor-col-100 elementor-top-column elementor-element elementor-element-5626de4\" data-id=\"5626de4\" data-element_type=\"column\">\n\t\t\t<div class=\"elementor-column-wrap elementor-element-populated\">\n\t\t\t\t\t\t\t<div class=\"elementor-widget-wrap\">\n\t\t\t\t\t\t<div class=\"elementor-element elementor-element-cd24614 hazard-category-title elementor-widget elementor-widget-heading\" data-id=\"cd24614\" data-element_type=\"widget\" data-widget_type=\"heading.default\">\n\t\t\t\t<div class=\"elementor-widget-container\">\n\t\t\t<h2 class=\"elementor-heading-title elementor-size-default\">Pericolosit\u00e0 Tecnologiche<\/h2>\t\t<\/div>\n\t\t\t\t<\/div>\n\t\t\t\t<div class=\"elementor-element elementor-element-3329655 elementor-widget elementor-widget-text-editor\" data-id=\"3329655\" data-element_type=\"widget\" data-widget_type=\"text-editor.default\">\n\t\t\t\t<div class=\"elementor-widget-container\">\n\t\t\t\t\t\t\t\t<div class=\"elementor-text-editor elementor-clearfix\">\n\t\t\t\t<p>Le moderne tecnologie offrono alle persone molte comodit\u00e0, ma implicano ulteriori rischi causati da materiali o tecnologie utilizzati, come, ad esempio, sostanze radioattive o tossiche. Le sostanze pericolose sono presenti principalmente in corrispondenza di strutture industriali e in corrispondenza delle infrastrutture di trasporto. Incidenti causati da incendi, esplosioni e dispersioni possono determinare il rilascio di queste sostanze ed avere effetti negativi sulla salute umana, sui beni e sull&#8217;ambiente. L&#8217;esposizione umana a sostanze pericolose pu\u00f2 causare il ferimento o addirittura il decesso di molte persone.<\/p>\n<p>Incidenti come quello di Bhopal nel 1984, di Chernobyl nel 1986 o di Fukushima nel 2011 testimoniano l&#8217;alto rischio derivante dalla diffusione nell\u2019ambiente di sostanze pericolose.<\/p>\n<p>Gli incidenti chimici, radiologici (nucleari), cos\u00ec come il collasso di dighe, sono causati principalmente dall&#8217;attivit\u00e0 dell&#8217;uomo e possono generare catastrofi tecnologiche. Esistono altre tipologie di catastrofi causate dall\u2019uomo, quali il collasso di edifici pubblici o l\u2019interruzione o perdita di un qualsiasi servizio (energia elettrica, un sistema di sicurezza, un sistema informativo o un dispositivo indispensabile per preservare l\u2019operativit\u00e0 di un\u2019attivit\u00e0 economica).<\/p>\n<p>Le catastrofi chimiche e radiologiche o il collasso di una diga possono avere effetti negativi su milioni di persone a diversi chilometri di distanza, e questa \u00e8 la ragione per cui queste catastrofi rappresentano l\u2019oggetto principale della nostra rassegna sui rischi.<\/p>\n\t\t\t\t\t<\/div>\n\t\t\t\t\t\t<\/div>\n\t\t\t\t<\/div>\n\t\t\t\t<div class=\"elementor-element elementor-element-220235c elementor-widget elementor-widget-wp-widget-custom_html\" data-id=\"220235c\" data-element_type=\"widget\" data-widget_type=\"wp-widget-custom_html.default\">\n\t\t\t\t<div class=\"elementor-widget-container\">\n\t\t\t<div class=\"textwidget custom-html-widget\"><div class=\"button-list-wrapper orange-blend\">\r\n<div class=\"row\">\r\n<div class=\"col\">\r\n<a href=\"dam-failures\" id=\"hazard-11\">\r\nCollasso di diga\r\n<\/a>\r\n<\/div>\r\n<div class=\"col\">\r\n<a href=\"radiological-emergencies\" id=\"hazard-12\">\r\nEmergenza Radiologica  \r\n<\/a>\r\n<\/div>\r\n<div class=\"col\">\r\n<a href=\"chemical-emergencies\" id=\"hazard-13\">\r\nEmergenza Chimica \r\n<\/a>\r\n<\/div>\r\n<div class=\"col\">\r\n<\/div>\r\n<div class=\"col\">\r\n<\/div>\r\n<\/div>\r\n<\/div><\/div>\t\t<\/div>\n\t\t\t\t<\/div>\n\t\t\t\t\t\t<\/div>\n\t\t\t\t\t<\/div>\n\t\t<\/div>\n\t\t\t\t\t\t\t\t<\/div>\n\t\t\t\t\t<\/div>\n\t\t<\/section>\n\t\t\t\t\t\t\t\t\t<\/div>\n\t\t\t<\/div>\n\t\t\t\t\t<\/div>\n\t\t","protected":false},"excerpt":{"rendered":"<p>Pericolosit\u00e0 Naturali Le pericolosit\u00e0 naturali sono pericolosit\u00e0 attribuibili a fenomeni naturali che comportano una significativa minaccia a persone, infrastrutture, beni economici e all\u2019ambiente e possono dar luogo a catastrofi. L\u2019entit\u00e0 di una catastrofe non \u00e8 interamente riconducibile ai soli fenomeni naturali. Le attivit\u00e0 dell\u2019uomo, infatti, possono amplificare o attenuare i rischi attraverso, ad esempio, il [&hellip;]<\/p>\n","protected":false},"author":1,"featured_media":0,"parent":0,"menu_order":0,"comment_status":"closed","ping_status":"closed","template":"","meta":{"_acf_changed":false,"footnotes":""},"acf":[],"yoast_head":"<!-- This site is optimized with the Yoast SEO plugin v22.1 - https:\/\/yoast.com\/wordpress\/plugins\/seo\/ -->\n<title>Pericolosit\u00e0 - BeSafeNet<\/title>\n<meta name=\"robots\" content=\"index, follow, max-snippet:-1, max-image-preview:large, max-video-preview:-1\" \/>\n<link rel=\"canonical\" href=\"https:\/\/besafenet.net\/hazards\/\" \/>\n<meta property=\"og:locale\" content=\"it_IT\" \/>\n<meta property=\"og:type\" content=\"article\" \/>\n<meta property=\"og:title\" content=\"Pericolosit\u00e0 - BeSafeNet\" \/>\n<meta property=\"og:description\" content=\"Pericolosit\u00e0 Naturali Le pericolosit\u00e0 naturali sono pericolosit\u00e0 attribuibili a fenomeni naturali che comportano una significativa minaccia a persone, infrastrutture, beni economici e all\u2019ambiente e possono dar luogo a catastrofi. L\u2019entit\u00e0 di una catastrofe non \u00e8 interamente riconducibile ai soli fenomeni naturali. Le attivit\u00e0 dell\u2019uomo, infatti, possono amplificare o attenuare i rischi attraverso, ad esempio, il [&hellip;]\" \/>\n<meta property=\"og:url\" content=\"https:\/\/besafenet.net\/hazards\/\" \/>\n<meta property=\"og:site_name\" content=\"BeSafeNet\" \/>\n<meta property=\"article:modified_time\" content=\"2023-07-31T08:00:13+00:00\" \/>\n<meta name=\"twitter:card\" content=\"summary_large_image\" \/>\n<meta name=\"twitter:label1\" content=\"Est. reading time\" \/>\n\t<meta name=\"twitter:data1\" content=\"3 minuti\" \/>\n<script type=\"application\/ld+json\" class=\"yoast-schema-graph\">{\"@context\":\"https:\/\/schema.org\",\"@graph\":[{\"@type\":\"WebPage\",\"@id\":\"https:\/\/besafenet.net\/hazards\/\",\"url\":\"https:\/\/besafenet.net\/hazards\/\",\"name\":\"Pericolosit\u00e0 - BeSafeNet\",\"isPartOf\":{\"@id\":\"https:\/\/besafenet.net\/#website\"},\"datePublished\":\"2020-12-14T09:25:07+00:00\",\"dateModified\":\"2023-07-31T08:00:13+00:00\",\"breadcrumb\":{\"@id\":\"https:\/\/besafenet.net\/hazards\/#breadcrumb\"},\"inLanguage\":\"it-IT\",\"potentialAction\":[{\"@type\":\"ReadAction\",\"target\":[\"https:\/\/besafenet.net\/hazards\/\"]}]},{\"@type\":\"BreadcrumbList\",\"@id\":\"https:\/\/besafenet.net\/hazards\/#breadcrumb\",\"itemListElement\":[{\"@type\":\"ListItem\",\"position\":1,\"name\":\"Home\",\"item\":\"https:\/\/besafenet.net\/el\/\"},{\"@type\":\"ListItem\",\"position\":2,\"name\":\"Pericolosit\u00e0\"}]},{\"@type\":\"WebSite\",\"@id\":\"https:\/\/besafenet.net\/#website\",\"url\":\"https:\/\/besafenet.net\/\",\"name\":\"BeSafeNet\",\"description\":\"\",\"publisher\":{\"@id\":\"https:\/\/besafenet.net\/#organization\"},\"potentialAction\":[{\"@type\":\"SearchAction\",\"target\":{\"@type\":\"EntryPoint\",\"urlTemplate\":\"https:\/\/besafenet.net\/?s={search_term_string}\"},\"query-input\":\"required name=search_term_string\"}],\"inLanguage\":\"it-IT\"},{\"@type\":\"Organization\",\"@id\":\"https:\/\/besafenet.net\/#organization\",\"name\":\"BeSafeNet\",\"url\":\"https:\/\/besafenet.net\/\",\"logo\":{\"@type\":\"ImageObject\",\"inLanguage\":\"it-IT\",\"@id\":\"https:\/\/besafenet.net\/#\/schema\/logo\/image\/\",\"url\":\"https:\/\/besafenet.net\/wp-content\/uploads\/2020\/11\/besafe-logo.svg\",\"contentUrl\":\"https:\/\/besafenet.net\/wp-content\/uploads\/2020\/11\/besafe-logo.svg\",\"width\":1,\"height\":1,\"caption\":\"BeSafeNet\"},\"image\":{\"@id\":\"https:\/\/besafenet.net\/#\/schema\/logo\/image\/\"}}]}<\/script>\n<!-- \/ Yoast SEO plugin. -->","yoast_head_json":{"title":"Pericolosit\u00e0 - BeSafeNet","robots":{"index":"index","follow":"follow","max-snippet":"max-snippet:-1","max-image-preview":"max-image-preview:large","max-video-preview":"max-video-preview:-1"},"canonical":"https:\/\/besafenet.net\/hazards\/","og_locale":"it_IT","og_type":"article","og_title":"Pericolosit\u00e0 - BeSafeNet","og_description":"Pericolosit\u00e0 Naturali Le pericolosit\u00e0 naturali sono pericolosit\u00e0 attribuibili a fenomeni naturali che comportano una significativa minaccia a persone, infrastrutture, beni economici e all\u2019ambiente e possono dar luogo a catastrofi. L\u2019entit\u00e0 di una catastrofe non \u00e8 interamente riconducibile ai soli fenomeni naturali. Le attivit\u00e0 dell\u2019uomo, infatti, possono amplificare o attenuare i rischi attraverso, ad esempio, il [&hellip;]","og_url":"https:\/\/besafenet.net\/hazards\/","og_site_name":"BeSafeNet","article_modified_time":"2023-07-31T08:00:13+00:00","twitter_card":"summary_large_image","twitter_misc":{"Est. reading time":"3 minuti"},"schema":{"@context":"https:\/\/schema.org","@graph":[{"@type":"WebPage","@id":"https:\/\/besafenet.net\/hazards\/","url":"https:\/\/besafenet.net\/hazards\/","name":"Pericolosit\u00e0 - BeSafeNet","isPartOf":{"@id":"https:\/\/besafenet.net\/#website"},"datePublished":"2020-12-14T09:25:07+00:00","dateModified":"2023-07-31T08:00:13+00:00","breadcrumb":{"@id":"https:\/\/besafenet.net\/hazards\/#breadcrumb"},"inLanguage":"it-IT","potentialAction":[{"@type":"ReadAction","target":["https:\/\/besafenet.net\/hazards\/"]}]},{"@type":"BreadcrumbList","@id":"https:\/\/besafenet.net\/hazards\/#breadcrumb","itemListElement":[{"@type":"ListItem","position":1,"name":"Home","item":"https:\/\/besafenet.net\/el\/"},{"@type":"ListItem","position":2,"name":"Pericolosit\u00e0"}]},{"@type":"WebSite","@id":"https:\/\/besafenet.net\/#website","url":"https:\/\/besafenet.net\/","name":"BeSafeNet","description":"","publisher":{"@id":"https:\/\/besafenet.net\/#organization"},"potentialAction":[{"@type":"SearchAction","target":{"@type":"EntryPoint","urlTemplate":"https:\/\/besafenet.net\/?s={search_term_string}"},"query-input":"required name=search_term_string"}],"inLanguage":"it-IT"},{"@type":"Organization","@id":"https:\/\/besafenet.net\/#organization","name":"BeSafeNet","url":"https:\/\/besafenet.net\/","logo":{"@type":"ImageObject","inLanguage":"it-IT","@id":"https:\/\/besafenet.net\/#\/schema\/logo\/image\/","url":"https:\/\/besafenet.net\/wp-content\/uploads\/2020\/11\/besafe-logo.svg","contentUrl":"https:\/\/besafenet.net\/wp-content\/uploads\/2020\/11\/besafe-logo.svg","width":1,"height":1,"caption":"BeSafeNet"},"image":{"@id":"https:\/\/besafenet.net\/#\/schema\/logo\/image\/"}}]}},"_links":{"self":[{"href":"https:\/\/besafenet.net\/it\/wp-json\/wp\/v2\/pages\/8887"}],"collection":[{"href":"https:\/\/besafenet.net\/it\/wp-json\/wp\/v2\/pages"}],"about":[{"href":"https:\/\/besafenet.net\/it\/wp-json\/wp\/v2\/types\/page"}],"author":[{"embeddable":true,"href":"https:\/\/besafenet.net\/it\/wp-json\/wp\/v2\/users\/1"}],"replies":[{"embeddable":true,"href":"https:\/\/besafenet.net\/it\/wp-json\/wp\/v2\/comments?post=8887"}],"version-history":[{"count":18,"href":"https:\/\/besafenet.net\/it\/wp-json\/wp\/v2\/pages\/8887\/revisions"}],"predecessor-version":[{"id":13148,"href":"https:\/\/besafenet.net\/it\/wp-json\/wp\/v2\/pages\/8887\/revisions\/13148"}],"wp:attachment":[{"href":"https:\/\/besafenet.net\/it\/wp-json\/wp\/v2\/media?parent=8887"}],"curies":[{"name":"wp","href":"https:\/\/api.w.org\/{rel}","templated":true}]}}